{"id":9808,"date":"2026-03-12T10:49:22","date_gmt":"2026-03-12T09:49:22","guid":{"rendered":"https:\/\/couleurs-chakras.com\/?post_type=product&#038;p=9808"},"modified":"2026-03-12T11:02:02","modified_gmt":"2026-03-12T10:02:02","slug":"batons-palo-santo-copie","status":"publish","type":"product","link":"https:\/\/couleurs-chakras.com\/index.php\/product\/batons-palo-santo-copie\/","title":{"rendered":"Sauge de Californie &#038; Lavande"},"content":{"rendered":"<div dir=\"auto\">\n<p class=\"isSelectedEnd\"><strong>Sauge de Californie &amp; Lavande<\/strong><\/p>\n<p class=\"isSelectedEnd\">Apportez une atmosph\u00e8re de calme et de purification \u00e0 votre int\u00e9rieur avec ce fagot de <strong>Sauge de Californie et Lavande<\/strong>. Utilis\u00e9e depuis des si\u00e8cles dans les rituels traditionnels, la sauge est r\u00e9put\u00e9e pour ses propri\u00e9t\u00e9s purifiantes, tandis que la lavande diffuse un parfum doux et apaisant qui favorise la d\u00e9tente et l\u2019harmonie.<\/p>\n<p class=\"isSelectedEnd\">Id\u00e9ale pour accompagner vos moments de m\u00e9ditation, de relaxation ou simplement pour purifier l\u2019\u00e9nergie d\u2019une pi\u00e8ce, cette association cr\u00e9e une ambiance sereine et \u00e9quilibr\u00e9e. Lorsque la sauge se consume lentement, la lavande lib\u00e8re une fragrance florale subtile qui transforme l\u2019espace en un v\u00e9ritable cocon de bien-\u00eatre.<\/p>\n<p class=\"isSelectedEnd\">Chaque fagot est soigneusement pr\u00e9par\u00e9 \u00e0 partir de plantes naturelles s\u00e9ch\u00e9es.<\/p>\n<p class=\"isSelectedEnd\"><strong>Utilisation :<\/strong><br \/>\nAllumez l\u2019extr\u00e9mit\u00e9 du fagot, laissez la flamme prendre quelques secondes puis soufflez doucement pour laisser la fum\u00e9e se diffuser. Passez le fagot dans les espaces que vous souhaitez purifier ou laissez le br\u00fbler quelques instants dans un r\u00e9cipient r\u00e9sistant \u00e0 la chaleur.<\/p>\n<p class=\"isSelectedEnd\">\u2728 Parfait pour :<\/p>\n<ul data-spread=\"false\">\n<li>\n<p class=\"isSelectedEnd\">purifier l\u2019\u00e9nergie d\u2019un lieu<\/p>\n<\/li>\n<li>\n<p class=\"isSelectedEnd\">accompagner un rituel ou une m\u00e9ditation<\/p>\n<\/li>\n<li>\n<p class=\"isSelectedEnd\">instaurer une atmosph\u00e8re relaxante et harmonieuse<\/p>\n<\/li>\n<\/ul>\n<p>Produit naturel \u2013 chaque fagot est unique. Grand format<\/p>\n<\/div>\n","protected":false},"excerpt":{"rendered":"<p>P\u1d1c\u0280\u026a\u0493\u026a\u1d04\u1d00\u1d1b\u026a\u1d0f\u0274, \u1d00ss\u1d00\u026a\u0274\u026ass\u1d07\u1d0d\u1d07\u0274\u1d1b<\/p>\n","protected":false},"featured_media":9809,"comment_status":"open","ping_status":"closed","template":"","meta":{"_kadence_starter_templates_imported_post":false,"_kad_post_transparent":"default","_kad_post_title":"","_kad_post_layout":"default","_kad_post_sidebar_id":"","_kad_post_content_style":"default","_kad_post_vertical_padding":"default","_kad_post_feature":"","_kad_post_feature_position":"","_kad_post_header":false,"_kad_post_footer":false,"_kad_post_classname":""},"product_brand":[],"product_cat":[60],"product_tag":[],"class_list":{"0":"post-9808","1":"product","2":"type-product","3":"status-publish","4":"has-post-thumbnail","6":"product_cat-accessoires","8":"first","9":"instock","10":"sale","11":"taxable","12":"shipping-taxable","13":"purchasable","14":"product-type-simple","15":"entry","16":"content-bg","17":"loop-entry"},"jetpack_sharing_enabled":true,"_links":{"self":[{"href":"https:\/\/couleurs-chakras.com\/index.php\/wp-json\/wp\/v2\/product\/9808","targetHints":{"allow":["GET"]}}],"collection":[{"href":"https:\/\/couleurs-chakras.com\/index.php\/wp-json\/wp\/v2\/product"}],"about":[{"href":"https:\/\/couleurs-chakras.com\/index.php\/wp-json\/wp\/v2\/types\/product"}],"replies":[{"embeddable":true,"href":"https:\/\/couleurs-chakras.com\/index.php\/wp-json\/wp\/v2\/comments?post=9808"}],"wp:featuredmedia":[{"embeddable":true,"href":"https:\/\/couleurs-chakras.com\/index.php\/wp-json\/wp\/v2\/media\/9809"}],"wp:attachment":[{"href":"https:\/\/couleurs-chakras.com\/index.php\/wp-json\/wp\/v2\/media?parent=9808"}],"wp:term":[{"taxonomy":"product_brand","embeddable":true,"href":"https:\/\/couleurs-chakras.com\/index.php\/wp-json\/wp\/v2\/product_brand?post=9808"},{"taxonomy":"product_cat","embeddable":true,"href":"https:\/\/couleurs-chakras.com\/index.php\/wp-json\/wp\/v2\/product_cat?post=9808"},{"taxonomy":"product_tag","embeddable":true,"href":"https:\/\/couleurs-chakras.com\/index.php\/wp-json\/wp\/v2\/product_tag?post=9808"}],"curies":[{"name":"wp","href":"https:\/\/api.w.org\/{rel}","templated":true}]}}