{"id":9689,"date":"2026-03-11T10:54:57","date_gmt":"2026-03-11T09:54:57","guid":{"rendered":"https:\/\/couleurs-chakras.com\/?post_type=product&#038;p=9689"},"modified":"2026-03-11T11:10:48","modified_gmt":"2026-03-11T10:10:48","slug":"roll-on-quartz-rose-aux-pierres-naturelles","status":"publish","type":"product","link":"https:\/\/couleurs-chakras.com\/index.php\/product\/roll-on-quartz-rose-aux-pierres-naturelles\/","title":{"rendered":"Roll-on Quartz Rose aux pierres naturelles"},"content":{"rendered":"<div id=\"model-response-message-contentr_9f3aa413cc7779de\" class=\"markdown markdown-main-panel stronger enable-updated-hr-color\" dir=\"ltr\" style=\"--animation-duration: 400ms; --fade-animation-function: linear; animation: auto ease 0s 1 normal none running none; appearance: none; background: none 0% 0% \/ auto repeat scroll padding-box border-box rgba(0, 0, 0, 0); border: 0px none #1f1f1f; inset: auto; clear: none; clip: auto; color: #1f1f1f; columns: auto; contain: none; container: none; content: normal; cursor: auto; cx: 0px; cy: 0px; d: none; direction: ltr; fill: #000000; filter: none; flex: 0 1 auto; float: none; gap: normal; hyphens: manual; interactivity: auto; isolation: auto; marker: none; mask: none; offset: normal; opacity: 1; order: 0; outline: #1f1f1f none 0px; overlay: none; padding: 0px; page: auto; perspective: none; position: static; quotes: auto; r: 0px; resize: none; rotate: none; rx: auto; ry: auto; scale: none; speak: normal; stroke: none; transform: none; transition: all; translate: none; visibility: visible; x: 0px; y: 0px; zoom: 1; font-family: 'Google Sans Text', sans-serif !important; line-height: 1.15 !important; margin: 0px !important 0px 0px 0px;\" aria-live=\"polite\" aria-busy=\"false\">\n<p style=\"animation: auto ease 0s 1 normal none running none; appearance: none; background: none 0% 0% \/ auto repeat scroll padding-box border-box rgba(0, 0, 0, 0); border: 0px none #1f1f1f; inset: auto; clear: none; clip: auto; columns: auto; contain: none; container: none; content: normal; cursor: auto; cx: 0px; cy: 0px; d: none; direction: ltr; fill: #000000; filter: none; flex: 0 1 auto; float: none; gap: normal; hyphens: manual; interactivity: auto; isolation: auto; margin-right: 0px; margin-bottom: 16px; margin-left: 0px; marker: none; mask: none; offset: normal; opacity: 1; order: 0; outline: #1f1f1f none 0px; overlay: none; padding: 0px; page: auto; perspective: none; position: static; quotes: auto; r: 0px; resize: none; rotate: none; rx: auto; ry: auto; scale: none; speak: normal; stroke: none; transform: none; transition: all; translate: none; visibility: visible; x: 0px; y: 0px; zoom: 1; line-height: 1.15 !important;\" data-path-to-node=\"0\"><img decoding=\"async\" class=\"an1\" draggable=\"false\" src=\"https:\/\/fonts.gstatic.com\/s\/e\/notoemoji\/17.0\/2728\/32.png\" alt=\"\u2728\" data-emoji=\"\u2728\" aria-label=\"\u2728\" \/>\u00a0Offrez-vous un moment de pure douceur avec notre Roll-on Quartz Rose\u00a0<img decoding=\"async\" class=\"an1\" draggable=\"false\" src=\"https:\/\/fonts.gstatic.com\/s\/e\/notoemoji\/17.0\/1fa77\/32.png\" alt=\"\ud83e\ude77\" data-emoji=\"\ud83e\ude77\" aria-label=\"\ud83e\ude77\" \/><\/p>\n<div dir=\"auto\"><\/div>\n<div dir=\"auto\">Vous cherchez un moyen simple et naturel d&rsquo;apporter plus de s\u00e9r\u00e9nit\u00e9 et d&rsquo;amour-propre dans votre quotidien ?<\/div>\n<div dir=\"auto\"><\/div>\n<div dir=\"auto\">Laissez-vous s\u00e9duire par la magie de ce Roll-on \u00c9nerg\u00e9tique au Quartz Rose.<\/div>\n<div dir=\"auto\"><\/div>\n<div dir=\"auto\">Pourquoi vous allez l&rsquo;adorer ?<\/div>\n<div dir=\"auto\">Le Quartz Rose est la pierre de l&rsquo;amour inconditionnel et de la paix infinie. C&rsquo;est le cristal le plus important pour le c\u0153ur et le chakra du c\u0153ur. En format roll-on, il devient un rituel beaut\u00e9 et bien-\u00eatre nomade et puissant.<\/div>\n<div dir=\"auto\"><\/div>\n<div dir=\"auto\">\nSes Bienfaits :<\/div>\n<div dir=\"auto\">\u00a0* Apaise l&rsquo;esprit : Id\u00e9al pour calmer les tensions, le stress et les angoisses. Une v\u00e9ritable caresse pour l&rsquo;\u00e2me.<\/div>\n<div dir=\"auto\">\u00a0* Ouvre le c\u0153ur : Favorise l&rsquo;amour de soi, l&rsquo;acceptation et la confiance. Aide \u00e0 gu\u00e9rir les blessures \u00e9motionnelles.<\/div>\n<div dir=\"auto\">\u00a0* Apporte la douceur : Son \u00e9nergie tendre et rassurante vous enveloppe d&rsquo;une bulle de r\u00e9confort.<\/div>\n<div dir=\"auto\">\u00a0* Application Sensorielle : La bille en acier offre un effet frais imm\u00e9diat et un massage doux sur la peau.<\/div>\n<div dir=\"auto\"><\/div>\n<div dir=\"auto\">\nComment l&rsquo;utiliser pour un rituel optimal ?<\/div>\n<div dir=\"auto\">\u00a0* Massez doucement vos points de pulsation (poignets, tempes, derri\u00e8re les oreilles, au centre de la poitrine).<\/div>\n<div dir=\"auto\">\u00a0* Prenez quelques respirations profondes pour inhaler l&rsquo;\u00e9nergie de la pierre.<\/div>\n<div dir=\"auto\">\u00a0* Posez une intention positive : \u00ab\u00a0Je m&rsquo;aime et je m&rsquo;accepte telle que je suis\u00a0\u00bb, \u00ab\u00a0Je suis en paix\u00a0\u00bb.<\/div>\n<\/div>\n","protected":false},"excerpt":{"rendered":"<p>\u00a0Offrez-vous un moment de pure douceur avec notre Roll-on Quartz Rose\u00a0 Vous cherchez un moyen simple et naturel d&rsquo;apporter plus de s\u00e9r\u00e9nit\u00e9 et d&rsquo;amour-propre dans votre quotidien ? Laissez-vous s\u00e9duire par la magie de ce Roll-on \u00c9nerg\u00e9tique au Quartz Rose. Pourquoi vous allez l&rsquo;adorer ? Le Quartz Rose est la pierre de l&rsquo;amour inconditionnel et&#8230;<\/p>\n","protected":false},"featured_media":9690,"comment_status":"open","ping_status":"closed","template":"","meta":{"_kadence_starter_templates_imported_post":false,"_kad_post_transparent":"default","_kad_post_title":"","_kad_post_layout":"default","_kad_post_sidebar_id":"","_kad_post_content_style":"default","_kad_post_vertical_padding":"default","_kad_post_feature":"","_kad_post_feature_position":"","_kad_post_header":false,"_kad_post_footer":false,"_kad_post_classname":""},"product_brand":[],"product_cat":[60],"product_tag":[],"class_list":{"0":"post-9689","1":"product","2":"type-product","3":"status-publish","4":"has-post-thumbnail","6":"product_cat-accessoires","8":"first","9":"instock","10":"taxable","11":"shipping-taxable","12":"purchasable","13":"product-type-simple","14":"entry","15":"content-bg","16":"loop-entry"},"jetpack_sharing_enabled":true,"_links":{"self":[{"href":"https:\/\/couleurs-chakras.com\/index.php\/wp-json\/wp\/v2\/product\/9689","targetHints":{"allow":["GET"]}}],"collection":[{"href":"https:\/\/couleurs-chakras.com\/index.php\/wp-json\/wp\/v2\/product"}],"about":[{"href":"https:\/\/couleurs-chakras.com\/index.php\/wp-json\/wp\/v2\/types\/product"}],"replies":[{"embeddable":true,"href":"https:\/\/couleurs-chakras.com\/index.php\/wp-json\/wp\/v2\/comments?post=9689"}],"wp:featuredmedia":[{"embeddable":true,"href":"https:\/\/couleurs-chakras.com\/index.php\/wp-json\/wp\/v2\/media\/9690"}],"wp:attachment":[{"href":"https:\/\/couleurs-chakras.com\/index.php\/wp-json\/wp\/v2\/media?parent=9689"}],"wp:term":[{"taxonomy":"product_brand","embeddable":true,"href":"https:\/\/couleurs-chakras.com\/index.php\/wp-json\/wp\/v2\/product_brand?post=9689"},{"taxonomy":"product_cat","embeddable":true,"href":"https:\/\/couleurs-chakras.com\/index.php\/wp-json\/wp\/v2\/product_cat?post=9689"},{"taxonomy":"product_tag","embeddable":true,"href":"https:\/\/couleurs-chakras.com\/index.php\/wp-json\/wp\/v2\/product_tag?post=9689"}],"curies":[{"name":"wp","href":"https:\/\/api.w.org\/{rel}","templated":true}]}}