{"id":9687,"date":"2026-03-11T10:51:29","date_gmt":"2026-03-11T09:51:29","guid":{"rendered":"https:\/\/couleurs-chakras.com\/?post_type=product&#038;p=9687"},"modified":"2026-03-11T11:11:02","modified_gmt":"2026-03-11T10:11:02","slug":"pendentif-cristal-de-selenite-purete-energie-apaisante","status":"publish","type":"product","link":"https:\/\/couleurs-chakras.com\/index.php\/product\/pendentif-cristal-de-selenite-purete-energie-apaisante\/","title":{"rendered":"Pendentif Cristal de S\u00e9l\u00e9nite \u2013 Puret\u00e9 &#038; \u00c9nergie Apaisante"},"content":{"rendered":"<p data-start=\"195\" data-end=\"378\">Laissez-vous s\u00e9duire par la beaut\u00e9 naturelle de ce <strong data-start=\"246\" data-end=\"298\">pendentif en s\u00e9l\u00e9nite taill\u00e9 en forme de cristal<\/strong>, une pierre r\u00e9put\u00e9e pour sa douceur et ses propri\u00e9t\u00e9s \u00e9nerg\u00e9tiques purifiantes.<\/p>\n<p data-start=\"380\" data-end=\"628\">Mont\u00e9 sur une <strong data-start=\"394\" data-end=\"421\">cha\u00eene fine et \u00e9l\u00e9gante<\/strong>, ce bijou minimaliste r\u00e9v\u00e8le toute la lumi\u00e8re laiteuse et translucide de la s\u00e9l\u00e9nite. Sa taille facett\u00e9e capte d\u00e9licatement la lumi\u00e8re et apporte une touche \u00e0 la fois <strong data-start=\"589\" data-end=\"627\">mystique, raffin\u00e9e et intemporelle<\/strong>.<\/p>\n<p data-start=\"630\" data-end=\"797\">Parfait \u00e0 porter au quotidien ou lors de moments de m\u00e9ditation, ce pendentif est souvent associ\u00e9 \u00e0 l\u2019<strong data-start=\"731\" data-end=\"796\">apaisement, la clart\u00e9 mentale et l\u2019harmonisation des \u00e9nergies<\/strong>.<\/p>\n<p data-start=\"799\" data-end=\"826\">\ud83d\udc8e <strong data-start=\"802\" data-end=\"824\">Caract\u00e9ristiques :<\/strong><\/p>\n<ul data-start=\"827\" data-end=\"993\">\n<li data-section-id=\"1ogt8m6\" data-start=\"827\" data-end=\"858\">\n<p data-start=\"829\" data-end=\"858\">Pierre : S\u00e9l\u00e9nite naturelle<\/p>\n<\/li>\n<li data-section-id=\"1n7u2jf\" data-start=\"859\" data-end=\"886\">\n<p data-start=\"861\" data-end=\"886\">Forme : Cristal facett\u00e9<\/p>\n<\/li>\n<li data-section-id=\"e1rrsf\" data-start=\"887\" data-end=\"918\">\n<p data-start=\"889\" data-end=\"918\">Couleur : Blanc translucide<\/p>\n<\/li>\n<li data-section-id=\"ao9s4d\" data-start=\"919\" data-end=\"948\">\n<p data-start=\"921\" data-end=\"948\">Cha\u00eene : Fine et \u00e9l\u00e9gante<\/p>\n<\/li>\n<li data-section-id=\"bshikx\" data-start=\"949\" data-end=\"993\">\n<p data-start=\"951\" data-end=\"993\">Style : Boh\u00e8me \u2022 Spirituel \u2022 Minimaliste<\/p>\n<\/li>\n<\/ul>\n<p data-start=\"995\" data-end=\"1036\">\ud83c\udf19 <strong data-start=\"998\" data-end=\"1034\">Vertus associ\u00e9es \u00e0 la s\u00e9l\u00e9nite :<\/strong><\/p>\n<ul data-start=\"1037\" data-end=\"1137\">\n<li data-section-id=\"182m6yl\" data-start=\"1037\" data-end=\"1066\">\n<p data-start=\"1039\" data-end=\"1066\">Purification des \u00e9nergies<\/p>\n<\/li>\n<li data-section-id=\"fmqydb\" data-start=\"1067\" data-end=\"1093\">\n<p data-start=\"1069\" data-end=\"1093\">Apaisement et s\u00e9r\u00e9nit\u00e9<\/p>\n<\/li>\n<li data-section-id=\"1d8x13p\" data-start=\"1094\" data-end=\"1137\">\n<p data-start=\"1096\" data-end=\"1137\">Clart\u00e9 mentale et \u00e9l\u00e9vation spirituelle<\/p>\n<\/li>\n<\/ul>\n<p data-start=\"1139\" data-end=\"1238\">Un bijou lumineux qui accompagnera aussi bien vos tenues du quotidien que vos moments de bien-\u00eatre.<\/p>\n<p>&nbsp;<\/p>\n","protected":false},"excerpt":{"rendered":"<p>Laissez-vous s\u00e9duire par la beaut\u00e9 naturelle de ce pendentif en s\u00e9l\u00e9nite taill\u00e9 en forme de cristal, une pierre r\u00e9put\u00e9e pour sa douceur et ses propri\u00e9t\u00e9s \u00e9nerg\u00e9tiques purifiantes. Mont\u00e9 sur une cha\u00eene fine et \u00e9l\u00e9gante, ce bijou minimaliste r\u00e9v\u00e8le toute la lumi\u00e8re laiteuse et translucide de la s\u00e9l\u00e9nite. Sa taille facett\u00e9e capte d\u00e9licatement la lumi\u00e8re et&#8230;<\/p>\n","protected":false},"featured_media":9688,"comment_status":"open","ping_status":"closed","template":"","meta":{"_kadence_starter_templates_imported_post":false,"_kad_post_transparent":"default","_kad_post_title":"","_kad_post_layout":"default","_kad_post_sidebar_id":"","_kad_post_content_style":"default","_kad_post_vertical_padding":"default","_kad_post_feature":"","_kad_post_feature_position":"","_kad_post_header":false,"_kad_post_footer":false,"_kad_post_classname":""},"product_brand":[],"product_cat":[59,65],"product_tag":[],"class_list":{"0":"post-9687","1":"product","2":"type-product","3":"status-publish","4":"has-post-thumbnail","6":"product_cat-bijoux","7":"product_cat-pendentif","9":"first","10":"instock","11":"taxable","12":"shipping-taxable","13":"purchasable","14":"product-type-simple","15":"entry","16":"content-bg","17":"loop-entry"},"jetpack_sharing_enabled":true,"_links":{"self":[{"href":"https:\/\/couleurs-chakras.com\/index.php\/wp-json\/wp\/v2\/product\/9687","targetHints":{"allow":["GET"]}}],"collection":[{"href":"https:\/\/couleurs-chakras.com\/index.php\/wp-json\/wp\/v2\/product"}],"about":[{"href":"https:\/\/couleurs-chakras.com\/index.php\/wp-json\/wp\/v2\/types\/product"}],"replies":[{"embeddable":true,"href":"https:\/\/couleurs-chakras.com\/index.php\/wp-json\/wp\/v2\/comments?post=9687"}],"wp:featuredmedia":[{"embeddable":true,"href":"https:\/\/couleurs-chakras.com\/index.php\/wp-json\/wp\/v2\/media\/9688"}],"wp:attachment":[{"href":"https:\/\/couleurs-chakras.com\/index.php\/wp-json\/wp\/v2\/media?parent=9687"}],"wp:term":[{"taxonomy":"product_brand","embeddable":true,"href":"https:\/\/couleurs-chakras.com\/index.php\/wp-json\/wp\/v2\/product_brand?post=9687"},{"taxonomy":"product_cat","embeddable":true,"href":"https:\/\/couleurs-chakras.com\/index.php\/wp-json\/wp\/v2\/product_cat?post=9687"},{"taxonomy":"product_tag","embeddable":true,"href":"https:\/\/couleurs-chakras.com\/index.php\/wp-json\/wp\/v2\/product_tag?post=9687"}],"curies":[{"name":"wp","href":"https:\/\/api.w.org\/{rel}","templated":true}]}}