{"id":9685,"date":"2026-03-11T10:46:05","date_gmt":"2026-03-11T09:46:05","guid":{"rendered":"https:\/\/couleurs-chakras.com\/?post_type=product&#038;p=9685"},"modified":"2026-03-11T10:48:18","modified_gmt":"2026-03-11T09:48:18","slug":"bague-argentee-pierre-coeur-amethyste-030-carat-taille-54","status":"publish","type":"product","link":"https:\/\/couleurs-chakras.com\/index.php\/product\/bague-argentee-pierre-coeur-amethyste-030-carat-taille-54\/","title":{"rendered":"Bague argent\u00e9e \u2013 Pierre c\u0153ur am\u00e9thyste 0,30 carat \u2013 Taille 54"},"content":{"rendered":"<p data-start=\"72\" data-end=\"315\">Laissez-vous s\u00e9duire par cette \u00e9l\u00e9gante bague en <strong data-start=\"121\" data-end=\"138\">acier argent\u00e9<\/strong>, orn\u00e9e d\u2019une superbe pierre en forme de c\u0153ur. Son <strong data-start=\"189\" data-end=\"228\">am\u00e9thyste d\u2019exception de 0,30 carat<\/strong> d\u00e9voile de magnifiques reflets violets, symbole de s\u00e9r\u00e9nit\u00e9, de sagesse et d\u2019harmonie.<\/p>\n<p data-start=\"317\" data-end=\"618\">Son design fin et intemporel met d\u00e9licatement en valeur la pierre centrale taill\u00e9e en c\u0153ur, apportant une touche romantique et lumineuse \u00e0 votre tenue. Fabriqu\u00e9e en <strong data-start=\"482\" data-end=\"499\">acier argent\u00e9<\/strong>, cette bague combine brillance, solidit\u00e9 et confort, id\u00e9ale \u00e0 porter au quotidien ou lors d\u2019une occasion particuli\u00e8re.<\/p>\n<p data-start=\"620\" data-end=\"642\"><strong data-start=\"620\" data-end=\"642\">Caract\u00e9ristiques :<\/strong><\/p>\n<ul data-start=\"643\" data-end=\"818\">\n<li data-section-id=\"bfntfm\" data-start=\"643\" data-end=\"670\">\n<p data-start=\"645\" data-end=\"670\">Mati\u00e8re : acier argent\u00e9<\/p>\n<\/li>\n<li data-section-id=\"d27ai1\" data-start=\"671\" data-end=\"693\">\n<p data-start=\"673\" data-end=\"693\">Pierre : am\u00e9thyste<\/p>\n<\/li>\n<li data-section-id=\"acq76k\" data-start=\"694\" data-end=\"729\">\n<p data-start=\"696\" data-end=\"729\">Poids de la pierre : 0,30 carat<\/p>\n<\/li>\n<li data-section-id=\"todrhf\" data-start=\"730\" data-end=\"759\">\n<p data-start=\"732\" data-end=\"759\">Forme de la pierre : c\u0153ur<\/p>\n<\/li>\n<li data-section-id=\"xt2gzj\" data-start=\"760\" data-end=\"784\">\n<p data-start=\"762\" data-end=\"784\">Taille de bague : 54<\/p>\n<\/li>\n<li data-section-id=\"10b0hpj\" data-start=\"785\" data-end=\"818\">\n<p data-start=\"787\" data-end=\"818\">Style : \u00e9l\u00e9gant et romantique<\/p>\n<\/li>\n<\/ul>\n<p data-start=\"820\" data-end=\"965\" data-is-last-node=\"\" data-is-only-node=\"\">Une bague d\u00e9licate et pleine de charme, parfaite pour <strong data-start=\"874\" data-end=\"904\">offrir un bijou symbolique<\/strong> ou compl\u00e9ter votre collection avec une touche raffin\u00e9e. \ud83d\udc9c\ud83d\udc8d<\/p>\n<p data-start=\"894\" data-end=\"1016\">\/\/ 1 seule disponible \/\/<\/p>\n","protected":false},"excerpt":{"rendered":"<p>Laissez-vous s\u00e9duire par cette \u00e9l\u00e9gante bague en acier argent\u00e9, orn\u00e9e d\u2019une superbe pierre en forme de c\u0153ur. Son am\u00e9thyste d\u2019exception de 0,30 carat d\u00e9voile de magnifiques reflets violets, symbole de s\u00e9r\u00e9nit\u00e9, de sagesse et d\u2019harmonie. Son design fin et intemporel met d\u00e9licatement en valeur la pierre centrale taill\u00e9e en c\u0153ur, apportant une touche romantique et&#8230;<\/p>\n","protected":false},"featured_media":9686,"comment_status":"open","ping_status":"closed","template":"","meta":{"_kadence_starter_templates_imported_post":false,"_kad_post_transparent":"default","_kad_post_title":"","_kad_post_layout":"default","_kad_post_sidebar_id":"","_kad_post_content_style":"default","_kad_post_vertical_padding":"default","_kad_post_feature":"","_kad_post_feature_position":"","_kad_post_header":false,"_kad_post_footer":false,"_kad_post_classname":""},"product_brand":[],"product_cat":[59,66],"product_tag":[],"class_list":{"0":"post-9685","1":"product","2":"type-product","3":"status-publish","4":"has-post-thumbnail","6":"product_cat-bijoux","7":"product_cat-bague","9":"first","10":"instock","11":"taxable","12":"shipping-taxable","13":"purchasable","14":"product-type-simple","15":"entry","16":"content-bg","17":"loop-entry"},"jetpack_sharing_enabled":true,"_links":{"self":[{"href":"https:\/\/couleurs-chakras.com\/index.php\/wp-json\/wp\/v2\/product\/9685","targetHints":{"allow":["GET"]}}],"collection":[{"href":"https:\/\/couleurs-chakras.com\/index.php\/wp-json\/wp\/v2\/product"}],"about":[{"href":"https:\/\/couleurs-chakras.com\/index.php\/wp-json\/wp\/v2\/types\/product"}],"replies":[{"embeddable":true,"href":"https:\/\/couleurs-chakras.com\/index.php\/wp-json\/wp\/v2\/comments?post=9685"}],"wp:featuredmedia":[{"embeddable":true,"href":"https:\/\/couleurs-chakras.com\/index.php\/wp-json\/wp\/v2\/media\/9686"}],"wp:attachment":[{"href":"https:\/\/couleurs-chakras.com\/index.php\/wp-json\/wp\/v2\/media?parent=9685"}],"wp:term":[{"taxonomy":"product_brand","embeddable":true,"href":"https:\/\/couleurs-chakras.com\/index.php\/wp-json\/wp\/v2\/product_brand?post=9685"},{"taxonomy":"product_cat","embeddable":true,"href":"https:\/\/couleurs-chakras.com\/index.php\/wp-json\/wp\/v2\/product_cat?post=9685"},{"taxonomy":"product_tag","embeddable":true,"href":"https:\/\/couleurs-chakras.com\/index.php\/wp-json\/wp\/v2\/product_tag?post=9685"}],"curies":[{"name":"wp","href":"https:\/\/api.w.org\/{rel}","templated":true}]}}