{"id":9683,"date":"2026-03-11T10:43:37","date_gmt":"2026-03-11T09:43:37","guid":{"rendered":"https:\/\/couleurs-chakras.com\/?post_type=product&#038;p=9683"},"modified":"2026-03-11T10:45:30","modified_gmt":"2026-03-11T09:45:30","slug":"bague-doree-pierre-coeur-amethyste-030-carat-taille-56","status":"publish","type":"product","link":"https:\/\/couleurs-chakras.com\/index.php\/product\/bague-doree-pierre-coeur-amethyste-030-carat-taille-56\/","title":{"rendered":"Bague dor\u00e9e \u2013 Pierre c\u0153ur am\u00e9thyste 0,30 carat \u2013 Taille 56"},"content":{"rendered":"<p data-start=\"157\" data-end=\"408\">Succombez au charme d\u00e9licat de cette \u00e9l\u00e9gante bague en acier dor\u00e9, sublim\u00e9e par une magnifique pierre en forme de c\u0153ur. Son am\u00e9thyste d\u2019exception de <strong data-start=\"306\" data-end=\"320\">0,30 carat<\/strong> r\u00e9v\u00e8le de superbes reflets violets, symbole de s\u00e9r\u00e9nit\u00e9, de sagesse et d\u2019amour sinc\u00e8re.<\/p>\n<p data-start=\"410\" data-end=\"694\">Son design raffin\u00e9 et intemporel met en valeur la pierre centrale taill\u00e9e en c\u0153ur, apportant une touche romantique et lumineuse \u00e0 votre style. Con\u00e7ue en <strong data-start=\"563\" data-end=\"577\">acier dor\u00e9<\/strong>, cette bague allie r\u00e9sistance, durabilit\u00e9 et \u00e9clat, id\u00e9ale pour un usage quotidien comme pour une occasion sp\u00e9ciale.<\/p>\n<p data-start=\"696\" data-end=\"718\"><strong data-start=\"696\" data-end=\"718\">Caract\u00e9ristiques :<\/strong><\/p>\n<ul data-start=\"719\" data-end=\"892\">\n<li data-section-id=\"s0uu8g\" data-start=\"719\" data-end=\"743\">\n<p data-start=\"721\" data-end=\"743\">Mati\u00e8re : acier dor\u00e9<\/p>\n<\/li>\n<li data-section-id=\"d27ai1\" data-start=\"744\" data-end=\"766\">\n<p data-start=\"746\" data-end=\"766\">Pierre : am\u00e9thyste<\/p>\n<\/li>\n<li data-section-id=\"ig5bhg\" data-start=\"767\" data-end=\"803\">\n<p data-start=\"769\" data-end=\"803\">Taille de la pierre : 0,30 carat<\/p>\n<\/li>\n<li data-section-id=\"todrhf\" data-start=\"804\" data-end=\"833\">\n<p data-start=\"806\" data-end=\"833\">Forme de la pierre : c\u0153ur<\/p>\n<\/li>\n<li data-section-id=\"xt2fb1\" data-start=\"834\" data-end=\"858\">\n<p data-start=\"836\" data-end=\"858\">Taille de bague : 56<\/p>\n<\/li>\n<li data-section-id=\"10b0hpj\" data-start=\"859\" data-end=\"892\">\n<p data-start=\"861\" data-end=\"892\">Style : \u00e9l\u00e9gant et romantique<\/p>\n<\/li>\n<\/ul>\n<p data-start=\"894\" data-end=\"1016\">Une bague parfaite pour <strong data-start=\"918\" data-end=\"947\">offrir un symbole d\u2019amour<\/strong> ou simplement pour se faire plaisir avec un bijou raffin\u00e9 et unique.<\/p>\n<p data-start=\"894\" data-end=\"1016\">\/\/ 1 seule disponible \/\/<\/p>\n","protected":false},"excerpt":{"rendered":"<p>Succombez au charme d\u00e9licat de cette \u00e9l\u00e9gante bague en acier dor\u00e9, sublim\u00e9e par une magnifique pierre en forme de c\u0153ur. Son am\u00e9thyste d\u2019exception de 0,30 carat r\u00e9v\u00e8le de superbes reflets violets, symbole de s\u00e9r\u00e9nit\u00e9, de sagesse et d\u2019amour sinc\u00e8re. Son design raffin\u00e9 et intemporel met en valeur la pierre centrale taill\u00e9e en c\u0153ur, apportant une&#8230;<\/p>\n","protected":false},"featured_media":9684,"comment_status":"open","ping_status":"closed","template":"","meta":{"_kadence_starter_templates_imported_post":false,"_kad_post_transparent":"default","_kad_post_title":"","_kad_post_layout":"default","_kad_post_sidebar_id":"","_kad_post_content_style":"default","_kad_post_vertical_padding":"default","_kad_post_feature":"","_kad_post_feature_position":"","_kad_post_header":false,"_kad_post_footer":false,"_kad_post_classname":""},"product_brand":[],"product_cat":[59,66],"product_tag":[],"class_list":{"0":"post-9683","1":"product","2":"type-product","3":"status-publish","4":"has-post-thumbnail","6":"product_cat-bijoux","7":"product_cat-bague","9":"first","10":"instock","11":"taxable","12":"shipping-taxable","13":"purchasable","14":"product-type-simple","15":"entry","16":"content-bg","17":"loop-entry"},"jetpack_sharing_enabled":true,"_links":{"self":[{"href":"https:\/\/couleurs-chakras.com\/index.php\/wp-json\/wp\/v2\/product\/9683","targetHints":{"allow":["GET"]}}],"collection":[{"href":"https:\/\/couleurs-chakras.com\/index.php\/wp-json\/wp\/v2\/product"}],"about":[{"href":"https:\/\/couleurs-chakras.com\/index.php\/wp-json\/wp\/v2\/types\/product"}],"replies":[{"embeddable":true,"href":"https:\/\/couleurs-chakras.com\/index.php\/wp-json\/wp\/v2\/comments?post=9683"}],"wp:featuredmedia":[{"embeddable":true,"href":"https:\/\/couleurs-chakras.com\/index.php\/wp-json\/wp\/v2\/media\/9684"}],"wp:attachment":[{"href":"https:\/\/couleurs-chakras.com\/index.php\/wp-json\/wp\/v2\/media?parent=9683"}],"wp:term":[{"taxonomy":"product_brand","embeddable":true,"href":"https:\/\/couleurs-chakras.com\/index.php\/wp-json\/wp\/v2\/product_brand?post=9683"},{"taxonomy":"product_cat","embeddable":true,"href":"https:\/\/couleurs-chakras.com\/index.php\/wp-json\/wp\/v2\/product_cat?post=9683"},{"taxonomy":"product_tag","embeddable":true,"href":"https:\/\/couleurs-chakras.com\/index.php\/wp-json\/wp\/v2\/product_tag?post=9683"}],"curies":[{"name":"wp","href":"https:\/\/api.w.org\/{rel}","templated":true}]}}