{"id":9566,"date":"2026-03-09T14:00:32","date_gmt":"2026-03-09T13:00:32","guid":{"rendered":"https:\/\/couleurs-chakras.com\/?post_type=product&#038;p=9566"},"modified":"2026-03-09T14:05:13","modified_gmt":"2026-03-09T13:05:13","slug":"pierre-de-fee-3","status":"publish","type":"product","link":"https:\/\/couleurs-chakras.com\/index.php\/product\/pierre-de-fee-3\/","title":{"rendered":"Pierre de F\u00e9e Le pilier de Vie"},"content":{"rendered":"<h2 dir=\"ltr\">Le Pilier de Vie<\/h2>\n<p dir=\"ltr\">\u200b<b>Le Souffle de la Lign\u00e9e<\/b><\/p>\n<p dir=\"ltr\">Derni\u00e8re pi\u00e8ce de cette collection exclusive, cette pierre des f\u00e9es se distingue par sa structure verticale et ses courbes organiques rythm\u00e9es. Elle \u00e9voque la force de la colonne vert\u00e9brale, le soutien et la croissance continue.<\/p>\n<ul>\n<li dir=\"ltr\">\u200b<b>\u00c9nergie :<\/b> Alignement des chakras, pers\u00e9v\u00e9rance et soutien ancestral.<\/li>\n<li dir=\"ltr\">\u200b<b>Aspect :<\/b> Silouhette allong\u00e9e, blanc calcaire doux avec de l\u00e9gers reliefs textur\u00e9s.<\/li>\n<li dir=\"ltr\">\u200b<b>Le petit plus :<\/b> Une pi\u00e8ce id\u00e9ale \u00e0 placer au centre d&rsquo;un autel ou sur un bureau pour favoriser la structure et la concentration.<\/li>\n<\/ul>\n<p dir=\"ltr\">\u2606Conseils d&rsquo;entretien que ces pierres <b>ne supportent pas l&rsquo;eau<\/b> (le calcaire risquerait de s&rsquo;effriter). Conseillez plut\u00f4t une purification \u00e0 la fum\u00e9e de sauge ou au son.<\/p>\n","protected":false},"excerpt":{"rendered":"<p>Le Pilier de Vie \u200bLe Souffle de la Lign\u00e9e Derni\u00e8re pi\u00e8ce de cette collection exclusive, cette pierre des f\u00e9es se distingue par sa structure verticale et ses courbes organiques rythm\u00e9es. Elle \u00e9voque la force de la colonne vert\u00e9brale, le soutien et la croissance continue. \u200b\u00c9nergie : Alignement des chakras, pers\u00e9v\u00e9rance et soutien ancestral. \u200bAspect :&#8230;<\/p>\n","protected":false},"featured_media":9567,"comment_status":"open","ping_status":"closed","template":"","meta":{"_kadence_starter_templates_imported_post":false,"_kad_post_transparent":"default","_kad_post_title":"","_kad_post_layout":"default","_kad_post_sidebar_id":"","_kad_post_content_style":"default","_kad_post_vertical_padding":"default","_kad_post_feature":"","_kad_post_feature_position":"","_kad_post_header":false,"_kad_post_footer":false,"_kad_post_classname":""},"product_brand":[],"product_cat":[70],"product_tag":[],"class_list":{"0":"post-9566","1":"product","2":"type-product","3":"status-publish","4":"has-post-thumbnail","6":"product_cat-pierres","8":"first","9":"instock","10":"taxable","11":"shipping-taxable","12":"purchasable","13":"product-type-simple","14":"entry","15":"content-bg","16":"loop-entry"},"jetpack_sharing_enabled":true,"_links":{"self":[{"href":"https:\/\/couleurs-chakras.com\/index.php\/wp-json\/wp\/v2\/product\/9566","targetHints":{"allow":["GET"]}}],"collection":[{"href":"https:\/\/couleurs-chakras.com\/index.php\/wp-json\/wp\/v2\/product"}],"about":[{"href":"https:\/\/couleurs-chakras.com\/index.php\/wp-json\/wp\/v2\/types\/product"}],"replies":[{"embeddable":true,"href":"https:\/\/couleurs-chakras.com\/index.php\/wp-json\/wp\/v2\/comments?post=9566"}],"wp:featuredmedia":[{"embeddable":true,"href":"https:\/\/couleurs-chakras.com\/index.php\/wp-json\/wp\/v2\/media\/9567"}],"wp:attachment":[{"href":"https:\/\/couleurs-chakras.com\/index.php\/wp-json\/wp\/v2\/media?parent=9566"}],"wp:term":[{"taxonomy":"product_brand","embeddable":true,"href":"https:\/\/couleurs-chakras.com\/index.php\/wp-json\/wp\/v2\/product_brand?post=9566"},{"taxonomy":"product_cat","embeddable":true,"href":"https:\/\/couleurs-chakras.com\/index.php\/wp-json\/wp\/v2\/product_cat?post=9566"},{"taxonomy":"product_tag","embeddable":true,"href":"https:\/\/couleurs-chakras.com\/index.php\/wp-json\/wp\/v2\/product_tag?post=9566"}],"curies":[{"name":"wp","href":"https:\/\/api.w.org\/{rel}","templated":true}]}}