{"id":9564,"date":"2026-03-09T13:56:14","date_gmt":"2026-03-09T12:56:14","guid":{"rendered":"https:\/\/couleurs-chakras.com\/?post_type=product&#038;p=9564"},"modified":"2026-03-09T14:05:28","modified_gmt":"2026-03-09T13:05:28","slug":"pierre-de-fee-2","status":"publish","type":"product","link":"https:\/\/couleurs-chakras.com\/index.php\/product\/pierre-de-fee-2\/","title":{"rendered":"Pierre de F\u00e9e Le murmure de la Terre"},"content":{"rendered":"<p dir=\"ltr\">\u200b<b>Le Murmure de la Terre<\/b><\/p>\n<p dir=\"ltr\">Laissez-vous s\u00e9duire par la douceur immacul\u00e9e de cette Concr\u00e9tion de Harricana, surnomm\u00e9e \u00ab\u00a0Pierre des F\u00e9es\u00a0\u00bb. Fa\u00e7onn\u00e9e par le retrait des glaciers canadiens il y a des mill\u00e9naires, sa silhouette \u00e9voque la protection et la s\u00e9r\u00e9nit\u00e9.<\/p>\n<p>&nbsp;<\/p>\n<ul>\n<li style=\"list-style-type: none;\">\n<ul>\n<li dir=\"ltr\">\u200b<b>\u00c9nergie :<\/b> Apaisement, ancrage et \u00e9quilibre du foyer.<\/li>\n<li dir=\"ltr\">\u200b<b>Aspect :<\/b> Texture mate et velout\u00e9e, blanc calcaire pur.<\/li>\n<li dir=\"ltr\">\u200b<b>Le petit plus :<\/b> Sa forme arrondie \u00e9pouse parfaitement la paume de la main pour vos s\u00e9ances de m\u00e9ditation.<\/li>\n<li dir=\"ltr\">\u200b<b>Origine :<\/b> Naturelle (Qu\u00e9bec). Chaque pi\u00e8ce est une sculpture unique de la nature.<\/li>\n<\/ul>\n<\/li>\n<\/ul>\n<blockquote>\n<p dir=\"ltr\">\u200b<i>\u00ab\u00a0Une alli\u00e9e pr\u00e9cieuse pour stabiliser les \u00e9nergies d&rsquo;une pi\u00e8ce et retrouver son calme int\u00e9rieur.\u00a0\u00bb<\/i><\/p>\n<\/blockquote>\n<p dir=\"ltr\">\u2606Conseils d&rsquo;entretien que ces pierres <b>ne supportent pas l&rsquo;eau<\/b> (le calcaire risquerait de s&rsquo;effriter). Conseillez plut\u00f4t une purification \u00e0 la fum\u00e9e de sauge ou au son.<\/p>\n","protected":false},"excerpt":{"rendered":"<p>\u200bLe Murmure de la Terre Laissez-vous s\u00e9duire par la douceur immacul\u00e9e de cette Concr\u00e9tion de Harricana, surnomm\u00e9e \u00ab\u00a0Pierre des F\u00e9es\u00a0\u00bb. Fa\u00e7onn\u00e9e par le retrait des glaciers canadiens il y a des mill\u00e9naires, sa silhouette \u00e9voque la protection et la s\u00e9r\u00e9nit\u00e9. &nbsp; \u200b\u00c9nergie : Apaisement, ancrage et \u00e9quilibre du foyer. \u200bAspect : Texture mate et velout\u00e9e,&#8230;<\/p>\n","protected":false},"featured_media":9565,"comment_status":"open","ping_status":"closed","template":"","meta":{"_kadence_starter_templates_imported_post":false,"_kad_post_transparent":"default","_kad_post_title":"","_kad_post_layout":"default","_kad_post_sidebar_id":"","_kad_post_content_style":"default","_kad_post_vertical_padding":"default","_kad_post_feature":"","_kad_post_feature_position":"","_kad_post_header":false,"_kad_post_footer":false,"_kad_post_classname":""},"product_brand":[],"product_cat":[70],"product_tag":[],"class_list":{"0":"post-9564","1":"product","2":"type-product","3":"status-publish","4":"has-post-thumbnail","6":"product_cat-pierres","8":"first","9":"instock","10":"taxable","11":"shipping-taxable","12":"purchasable","13":"product-type-simple","14":"entry","15":"content-bg","16":"loop-entry"},"jetpack_sharing_enabled":true,"_links":{"self":[{"href":"https:\/\/couleurs-chakras.com\/index.php\/wp-json\/wp\/v2\/product\/9564","targetHints":{"allow":["GET"]}}],"collection":[{"href":"https:\/\/couleurs-chakras.com\/index.php\/wp-json\/wp\/v2\/product"}],"about":[{"href":"https:\/\/couleurs-chakras.com\/index.php\/wp-json\/wp\/v2\/types\/product"}],"replies":[{"embeddable":true,"href":"https:\/\/couleurs-chakras.com\/index.php\/wp-json\/wp\/v2\/comments?post=9564"}],"wp:featuredmedia":[{"embeddable":true,"href":"https:\/\/couleurs-chakras.com\/index.php\/wp-json\/wp\/v2\/media\/9565"}],"wp:attachment":[{"href":"https:\/\/couleurs-chakras.com\/index.php\/wp-json\/wp\/v2\/media?parent=9564"}],"wp:term":[{"taxonomy":"product_brand","embeddable":true,"href":"https:\/\/couleurs-chakras.com\/index.php\/wp-json\/wp\/v2\/product_brand?post=9564"},{"taxonomy":"product_cat","embeddable":true,"href":"https:\/\/couleurs-chakras.com\/index.php\/wp-json\/wp\/v2\/product_cat?post=9564"},{"taxonomy":"product_tag","embeddable":true,"href":"https:\/\/couleurs-chakras.com\/index.php\/wp-json\/wp\/v2\/product_tag?post=9564"}],"curies":[{"name":"wp","href":"https:\/\/api.w.org\/{rel}","templated":true}]}}