{"id":9562,"date":"2026-03-09T13:52:47","date_gmt":"2026-03-09T12:52:47","guid":{"rendered":"https:\/\/couleurs-chakras.com\/?post_type=product&#038;p=9562"},"modified":"2026-03-09T14:05:52","modified_gmt":"2026-03-09T13:05:52","slug":"pierre-de-fee","status":"publish","type":"product","link":"https:\/\/couleurs-chakras.com\/index.php\/product\/pierre-de-fee\/","title":{"rendered":"Pierre de F\u00e9e Croissant de Diane"},"content":{"rendered":"<h2 dir=\"ltr\">Le Croissant de Diane<\/h2>\n<p dir=\"ltr\">\u200b<b>La Gardienne des R\u00eaves<\/b><\/p>\n<p dir=\"ltr\">Cette pierre des f\u00e9es se distingue par sa courbe \u00e9l\u00e9gante rappelant un croissant de lune. Sa texture plus brute et ses reliefs marqu\u00e9s t\u00e9moignent de sa force de caract\u00e8re. C\u2019est une pi\u00e8ce qui semble porter en elle la sagesse des anciens cycles lunaires.<\/p>\n<ul>\n<li dir=\"ltr\">\u200b<b>\u00c9nergie :<\/b> Intuition, protection nocturne et renouveau.<\/li>\n<li dir=\"ltr\">\u200b<b>Aspect :<\/b> Forme arqu\u00e9e unique, tons gris perle et sable.<\/li>\n<li dir=\"ltr\">\u200b<b>Le petit plus :<\/b> Sa forme en \u00ab\u00a0C\u00a0\u00bb permet de l&rsquo;exposer de mani\u00e8re tr\u00e8s dynamique, debout ou \u00e0 plat.<\/li>\n<\/ul>\n<p dir=\"ltr\">\u2606Conseils d&rsquo;entretien que ces pierres <b>ne supportent pas l&rsquo;eau<\/b> (le calcaire risquerait de s&rsquo;effriter). Conseillez plut\u00f4t une purification \u00e0 la fum\u00e9e de sauge ou au son.<\/p>\n","protected":false},"excerpt":{"rendered":"<p>Le Croissant de Diane \u200bLa Gardienne des R\u00eaves Cette pierre des f\u00e9es se distingue par sa courbe \u00e9l\u00e9gante rappelant un croissant de lune. Sa texture plus brute et ses reliefs marqu\u00e9s t\u00e9moignent de sa force de caract\u00e8re. C\u2019est une pi\u00e8ce qui semble porter en elle la sagesse des anciens cycles lunaires. \u200b\u00c9nergie : Intuition, protection&#8230;<\/p>\n","protected":false},"featured_media":9563,"comment_status":"open","ping_status":"closed","template":"","meta":{"_kadence_starter_templates_imported_post":false,"_kad_post_transparent":"default","_kad_post_title":"","_kad_post_layout":"default","_kad_post_sidebar_id":"","_kad_post_content_style":"default","_kad_post_vertical_padding":"default","_kad_post_feature":"","_kad_post_feature_position":"","_kad_post_header":false,"_kad_post_footer":false,"_kad_post_classname":""},"product_brand":[],"product_cat":[70],"product_tag":[],"class_list":{"0":"post-9562","1":"product","2":"type-product","3":"status-publish","4":"has-post-thumbnail","6":"product_cat-pierres","8":"first","9":"instock","10":"taxable","11":"shipping-taxable","12":"purchasable","13":"product-type-simple","14":"entry","15":"content-bg","16":"loop-entry"},"jetpack_sharing_enabled":true,"_links":{"self":[{"href":"https:\/\/couleurs-chakras.com\/index.php\/wp-json\/wp\/v2\/product\/9562","targetHints":{"allow":["GET"]}}],"collection":[{"href":"https:\/\/couleurs-chakras.com\/index.php\/wp-json\/wp\/v2\/product"}],"about":[{"href":"https:\/\/couleurs-chakras.com\/index.php\/wp-json\/wp\/v2\/types\/product"}],"replies":[{"embeddable":true,"href":"https:\/\/couleurs-chakras.com\/index.php\/wp-json\/wp\/v2\/comments?post=9562"}],"wp:featuredmedia":[{"embeddable":true,"href":"https:\/\/couleurs-chakras.com\/index.php\/wp-json\/wp\/v2\/media\/9563"}],"wp:attachment":[{"href":"https:\/\/couleurs-chakras.com\/index.php\/wp-json\/wp\/v2\/media?parent=9562"}],"wp:term":[{"taxonomy":"product_brand","embeddable":true,"href":"https:\/\/couleurs-chakras.com\/index.php\/wp-json\/wp\/v2\/product_brand?post=9562"},{"taxonomy":"product_cat","embeddable":true,"href":"https:\/\/couleurs-chakras.com\/index.php\/wp-json\/wp\/v2\/product_cat?post=9562"},{"taxonomy":"product_tag","embeddable":true,"href":"https:\/\/couleurs-chakras.com\/index.php\/wp-json\/wp\/v2\/product_tag?post=9562"}],"curies":[{"name":"wp","href":"https:\/\/api.w.org\/{rel}","templated":true}]}}