{"id":9560,"date":"2026-03-09T13:48:26","date_gmt":"2026-03-09T12:48:26","guid":{"rendered":"https:\/\/couleurs-chakras.com\/?post_type=product&#038;p=9560"},"modified":"2026-03-11T11:11:26","modified_gmt":"2026-03-11T10:11:26","slug":"pierre-de-fee-emprunte-dambre","status":"publish","type":"product","link":"https:\/\/couleurs-chakras.com\/index.php\/product\/pierre-de-fee-emprunte-dambre\/","title":{"rendered":"Pierre de F\u00e9e \u00ab\u00a0Emprunte d&rsquo;ambre\u00a0\u00bb"},"content":{"rendered":"<h2 dir=\"ltr\">L&rsquo;Empreinte d&rsquo;Ambre<\/h2>\n<p dir=\"ltr\">\u200b<b>Le Souffle de l&rsquo;Aurore<\/b><\/p>\n<p dir=\"ltr\">Une pi\u00e8ce d&rsquo;exception aux nuances ambr\u00e9es et ferrugineuses rares. Cette pierre des f\u00e9es semble avoir captur\u00e9 les reflets d&rsquo;un soleil couchant. Sa forme \u00e9lanc\u00e9e et ses courbes organiques racontent l&rsquo;histoire de l&rsquo;eau et du temps.<\/p>\n<p>&nbsp;<\/p>\n<ul>\n<li style=\"list-style-type: none\">\n<ul>\n<li dir=\"ltr\">\u200b<b>\u00c9nergie :<\/b> Cr\u00e9ativit\u00e9, force int\u00e9rieure et vitalit\u00e9.<\/li>\n<li dir=\"ltr\">\u200b<b>Aspect :<\/b> Contrastes naturels d&rsquo;ocre et de rouille sur fond cr\u00e8me.<\/li>\n<li dir=\"ltr\">\u200b<b>Le petit plus :<\/b> Ses pigments naturels soulignent ses reliefs, en faisant une pi\u00e8ce de collection magistrale.<\/li>\n<li dir=\"ltr\">\u200b<b>Origine :<\/b> Concr\u00e9tion calcaire mill\u00e9naire.<\/li>\n<\/ul>\n<\/li>\n<\/ul>\n<blockquote>\n<p dir=\"ltr\">\u200b<i>\u00ab\u00a0Plus qu&rsquo;une pierre, c&rsquo;est un talisman de cr\u00e9ativit\u00e9 qui apporte une vibration chaleureuse \u00e0 votre espace de vie.\u00a0\u00bb<\/i><\/p>\n<\/blockquote>\n<p dir=\"ltr\">\u2606Conseils d&rsquo;entretien que ces pierres <b>ne supportent pas l&rsquo;eau<\/b> (le calcaire risquerait de s&rsquo;effriter). Conseillez plut\u00f4t une purification \u00e0 la fum\u00e9e de sauge ou au son.<\/p>\n","protected":false},"excerpt":{"rendered":"<p>L&rsquo;Empreinte d&rsquo;Ambre \u200bLe Souffle de l&rsquo;Aurore Une pi\u00e8ce d&rsquo;exception aux nuances ambr\u00e9es et ferrugineuses rares. Cette pierre des f\u00e9es semble avoir captur\u00e9 les reflets d&rsquo;un soleil couchant. Sa forme \u00e9lanc\u00e9e et ses courbes organiques racontent l&rsquo;histoire de l&rsquo;eau et du temps. &nbsp; \u200b\u00c9nergie : Cr\u00e9ativit\u00e9, force int\u00e9rieure et vitalit\u00e9. \u200bAspect : Contrastes naturels d&rsquo;ocre et&#8230;<\/p>\n","protected":false},"featured_media":9561,"comment_status":"open","ping_status":"closed","template":"","meta":{"_kadence_starter_templates_imported_post":false,"_kad_post_transparent":"default","_kad_post_title":"","_kad_post_layout":"default","_kad_post_sidebar_id":"","_kad_post_content_style":"default","_kad_post_vertical_padding":"default","_kad_post_feature":"","_kad_post_feature_position":"","_kad_post_header":false,"_kad_post_footer":false,"_kad_post_classname":""},"product_brand":[],"product_cat":[70],"product_tag":[],"class_list":{"0":"post-9560","1":"product","2":"type-product","3":"status-publish","4":"has-post-thumbnail","6":"product_cat-pierres","8":"first","9":"instock","10":"taxable","11":"shipping-taxable","12":"purchasable","13":"product-type-simple","14":"entry","15":"content-bg","16":"loop-entry"},"jetpack_sharing_enabled":true,"_links":{"self":[{"href":"https:\/\/couleurs-chakras.com\/index.php\/wp-json\/wp\/v2\/product\/9560","targetHints":{"allow":["GET"]}}],"collection":[{"href":"https:\/\/couleurs-chakras.com\/index.php\/wp-json\/wp\/v2\/product"}],"about":[{"href":"https:\/\/couleurs-chakras.com\/index.php\/wp-json\/wp\/v2\/types\/product"}],"replies":[{"embeddable":true,"href":"https:\/\/couleurs-chakras.com\/index.php\/wp-json\/wp\/v2\/comments?post=9560"}],"wp:featuredmedia":[{"embeddable":true,"href":"https:\/\/couleurs-chakras.com\/index.php\/wp-json\/wp\/v2\/media\/9561"}],"wp:attachment":[{"href":"https:\/\/couleurs-chakras.com\/index.php\/wp-json\/wp\/v2\/media?parent=9560"}],"wp:term":[{"taxonomy":"product_brand","embeddable":true,"href":"https:\/\/couleurs-chakras.com\/index.php\/wp-json\/wp\/v2\/product_brand?post=9560"},{"taxonomy":"product_cat","embeddable":true,"href":"https:\/\/couleurs-chakras.com\/index.php\/wp-json\/wp\/v2\/product_cat?post=9560"},{"taxonomy":"product_tag","embeddable":true,"href":"https:\/\/couleurs-chakras.com\/index.php\/wp-json\/wp\/v2\/product_tag?post=9560"}],"curies":[{"name":"wp","href":"https:\/\/api.w.org\/{rel}","templated":true}]}}