{"id":9558,"date":"2026-03-08T14:35:23","date_gmt":"2026-03-08T13:35:23","guid":{"rendered":"https:\/\/couleurs-chakras.com\/?post_type=product&#038;p=9558"},"modified":"2026-03-08T14:38:40","modified_gmt":"2026-03-08T13:38:40","slug":"pendentif-goutte-quartz-rose-facettee-dore-copie","status":"publish","type":"product","link":"https:\/\/couleurs-chakras.com\/index.php\/product\/pendentif-goutte-quartz-rose-facettee-dore-copie\/","title":{"rendered":"Pendentif goutte quartz rose facett\u00e9e dor\u00e9 (Copie)"},"content":{"rendered":"<p>Ce pendentif, avec sa couleur drag\u00e9e et ses facettes d\u00e9licates, est une v\u00e9ritable ode \u00e0 la tendresse \ud83d\udc95<\/p>\n<p>Une goutte de lumi\u00e8re facett\u00e9e, monture dor\u00e9e pour celles qui pr\u00e9f\u00e8rent les \u00e9nergies apaisantes et romantiques.<\/p>\n<p>C&rsquo;est le bijou qui nous rappelle que la force r\u00e9side aussi dans la douceur.<\/p>\n<p>\ud83c\udf1fVibe du jour : Rayonnante, aimante et sereine.<\/p>\n<p>\ud83c\udf38\u2728Difficile de r\u00e9sister \u00e0 une telle douceur, n&rsquo;est-ce pas ?<\/p>\n<p>&nbsp;<\/p>\n","protected":false},"excerpt":{"rendered":"<p>Ce pendentif, avec sa couleur drag\u00e9e et ses facettes d\u00e9licates, est une v\u00e9ritable ode \u00e0 la tendresse \ud83d\udc95 Une goutte de lumi\u00e8re facett\u00e9e, monture dor\u00e9e pour celles qui pr\u00e9f\u00e8rent les \u00e9nergies apaisantes et romantiques. C&rsquo;est le bijou qui nous rappelle que la force r\u00e9side aussi dans la douceur. \ud83c\udf1fVibe du jour : Rayonnante, aimante et&#8230;<\/p>\n","protected":false},"featured_media":9559,"comment_status":"open","ping_status":"closed","template":"","meta":{"_kadence_starter_templates_imported_post":false,"_kad_post_transparent":"default","_kad_post_title":"","_kad_post_layout":"default","_kad_post_sidebar_id":"","_kad_post_content_style":"default","_kad_post_vertical_padding":"default","_kad_post_feature":"","_kad_post_feature_position":"","_kad_post_header":false,"_kad_post_footer":false,"_kad_post_classname":""},"product_brand":[],"product_cat":[59,65],"product_tag":[],"class_list":{"0":"post-9558","1":"product","2":"type-product","3":"status-publish","4":"has-post-thumbnail","6":"product_cat-bijoux","7":"product_cat-pendentif","9":"first","10":"instock","11":"taxable","12":"shipping-taxable","13":"purchasable","14":"product-type-simple","15":"entry","16":"content-bg","17":"loop-entry"},"jetpack_sharing_enabled":true,"_links":{"self":[{"href":"https:\/\/couleurs-chakras.com\/index.php\/wp-json\/wp\/v2\/product\/9558","targetHints":{"allow":["GET"]}}],"collection":[{"href":"https:\/\/couleurs-chakras.com\/index.php\/wp-json\/wp\/v2\/product"}],"about":[{"href":"https:\/\/couleurs-chakras.com\/index.php\/wp-json\/wp\/v2\/types\/product"}],"replies":[{"embeddable":true,"href":"https:\/\/couleurs-chakras.com\/index.php\/wp-json\/wp\/v2\/comments?post=9558"}],"wp:featuredmedia":[{"embeddable":true,"href":"https:\/\/couleurs-chakras.com\/index.php\/wp-json\/wp\/v2\/media\/9559"}],"wp:attachment":[{"href":"https:\/\/couleurs-chakras.com\/index.php\/wp-json\/wp\/v2\/media?parent=9558"}],"wp:term":[{"taxonomy":"product_brand","embeddable":true,"href":"https:\/\/couleurs-chakras.com\/index.php\/wp-json\/wp\/v2\/product_brand?post=9558"},{"taxonomy":"product_cat","embeddable":true,"href":"https:\/\/couleurs-chakras.com\/index.php\/wp-json\/wp\/v2\/product_cat?post=9558"},{"taxonomy":"product_tag","embeddable":true,"href":"https:\/\/couleurs-chakras.com\/index.php\/wp-json\/wp\/v2\/product_tag?post=9558"}],"curies":[{"name":"wp","href":"https:\/\/api.w.org\/{rel}","templated":true}]}}