{"id":9556,"date":"2026-03-08T14:31:35","date_gmt":"2026-03-08T13:31:35","guid":{"rendered":"https:\/\/couleurs-chakras.com\/?post_type=product&#038;p=9556"},"modified":"2026-03-08T14:39:07","modified_gmt":"2026-03-08T13:39:07","slug":"pendentif-goutte-amethyste-facettee-dore","status":"publish","type":"product","link":"https:\/\/couleurs-chakras.com\/index.php\/product\/pendentif-goutte-amethyste-facettee-dore\/","title":{"rendered":"Pendentif goutte Amethyste facett\u00e9e dor\u00e9"},"content":{"rendered":"<p>Plongez dans le violet profond&#8230; \ud83d\udc9c\u2728de l&rsquo;\u00a0Am\u00e9thyste. Bien plus qu&rsquo;un bijou, c&rsquo;est un v\u00e9ritable talisman de s\u00e9r\u00e9nit\u00e9. Regardez comment ses facettes jouent avec la lumi\u00e8re, comme pour \u00e9clairer nos pens\u00e9es les plus calmes.<\/p>\n<p>L&rsquo;Am\u00e9thyste est la pierre de l&rsquo;intuition et de l&rsquo;apaisement mental. Porter ce pendentif, c&rsquo;est s&rsquo;offrir une bulle de protection contre le stress quotidien.<\/p>\n<p>* Le petit plus : Sa forme en goutte apporte cette touche d&rsquo;\u00e9l\u00e9gance intemporelle qui va avec tout.<\/p>\n<p>Livr\u00e9 avec chaine dor\u00e9e acier inoxydable<\/p>\n<p>&nbsp;<\/p>\n<p>&nbsp;<\/p>\n<p>&nbsp;<\/p>\n","protected":false},"excerpt":{"rendered":"<p>Plongez dans le violet profond&#8230; \ud83d\udc9c\u2728de l&rsquo;\u00a0Am\u00e9thyste. Bien plus qu&rsquo;un bijou, c&rsquo;est un v\u00e9ritable talisman de s\u00e9r\u00e9nit\u00e9. Regardez comment ses facettes jouent avec la lumi\u00e8re, comme pour \u00e9clairer nos pens\u00e9es les plus calmes. L&rsquo;Am\u00e9thyste est la pierre de l&rsquo;intuition et de l&rsquo;apaisement mental. Porter ce pendentif, c&rsquo;est s&rsquo;offrir une bulle de protection contre le stress&#8230;<\/p>\n","protected":false},"featured_media":9557,"comment_status":"open","ping_status":"closed","template":"","meta":{"_kadence_starter_templates_imported_post":false,"_kad_post_transparent":"default","_kad_post_title":"","_kad_post_layout":"default","_kad_post_sidebar_id":"","_kad_post_content_style":"default","_kad_post_vertical_padding":"default","_kad_post_feature":"","_kad_post_feature_position":"","_kad_post_header":false,"_kad_post_footer":false,"_kad_post_classname":""},"product_brand":[],"product_cat":[59,65],"product_tag":[],"class_list":{"0":"post-9556","1":"product","2":"type-product","3":"status-publish","4":"has-post-thumbnail","6":"product_cat-bijoux","7":"product_cat-pendentif","9":"first","10":"instock","11":"taxable","12":"shipping-taxable","13":"purchasable","14":"product-type-simple","15":"entry","16":"content-bg","17":"loop-entry"},"jetpack_sharing_enabled":true,"_links":{"self":[{"href":"https:\/\/couleurs-chakras.com\/index.php\/wp-json\/wp\/v2\/product\/9556","targetHints":{"allow":["GET"]}}],"collection":[{"href":"https:\/\/couleurs-chakras.com\/index.php\/wp-json\/wp\/v2\/product"}],"about":[{"href":"https:\/\/couleurs-chakras.com\/index.php\/wp-json\/wp\/v2\/types\/product"}],"replies":[{"embeddable":true,"href":"https:\/\/couleurs-chakras.com\/index.php\/wp-json\/wp\/v2\/comments?post=9556"}],"wp:featuredmedia":[{"embeddable":true,"href":"https:\/\/couleurs-chakras.com\/index.php\/wp-json\/wp\/v2\/media\/9557"}],"wp:attachment":[{"href":"https:\/\/couleurs-chakras.com\/index.php\/wp-json\/wp\/v2\/media?parent=9556"}],"wp:term":[{"taxonomy":"product_brand","embeddable":true,"href":"https:\/\/couleurs-chakras.com\/index.php\/wp-json\/wp\/v2\/product_brand?post=9556"},{"taxonomy":"product_cat","embeddable":true,"href":"https:\/\/couleurs-chakras.com\/index.php\/wp-json\/wp\/v2\/product_cat?post=9556"},{"taxonomy":"product_tag","embeddable":true,"href":"https:\/\/couleurs-chakras.com\/index.php\/wp-json\/wp\/v2\/product_tag?post=9556"}],"curies":[{"name":"wp","href":"https:\/\/api.w.org\/{rel}","templated":true}]}}