{"id":9552,"date":"2026-03-07T20:44:41","date_gmt":"2026-03-07T19:44:41","guid":{"rendered":"https:\/\/couleurs-chakras.com\/?post_type=product&#038;p=9552"},"modified":"2026-03-11T11:12:00","modified_gmt":"2026-03-11T10:12:00","slug":"bague-amethyste-naturelle-54","status":"publish","type":"product","link":"https:\/\/couleurs-chakras.com\/index.php\/product\/bague-amethyste-naturelle-54\/","title":{"rendered":"Bague amethyste naturelle 54"},"content":{"rendered":"<p>L&rsquo;\u00e9l\u00e9gance \u00e0 l&rsquo;\u00e9tat pur. Succombez au charme de cette magnifique bague en am\u00e9thyste naturelle, une pi\u00e8ce d&rsquo;exception pour sublimer votre style.<\/p>\n<p>Taille 54 \u2606 mod\u00e8le unique\u00a0 \u00a0 \u00a0 \u00a0 \u00a0 \u00a0 \u00a01 disponible<\/p>\n<hr \/>\n<p>\ud83d\udc9cL&rsquo;Am\u00e9thyste : Pour la s\u00e9r\u00e9nit\u00e9 et l&rsquo;intuition (Chakra Coronne).<\/p>\n<p>Le raffinement se cache dans les d\u00e9tails. Cette bague allie la noblesse de l&rsquo;am\u00e9thyste \u00e0 un design artisanal unique en acier.<\/p>\n","protected":false},"excerpt":{"rendered":"<p>L&rsquo;\u00e9l\u00e9gance \u00e0 l&rsquo;\u00e9tat pur. Succombez au charme de cette magnifique bague en am\u00e9thyste naturelle, une pi\u00e8ce d&rsquo;exception pour sublimer votre style. Taille 54 \u2606 mod\u00e8le unique\u00a0 \u00a0 \u00a0 \u00a0 \u00a0 \u00a0 \u00a01 disponible \ud83d\udc9cL&rsquo;Am\u00e9thyste : Pour la s\u00e9r\u00e9nit\u00e9 et l&rsquo;intuition (Chakra Coronne). Le raffinement se cache dans les d\u00e9tails. Cette bague allie la noblesse de&#8230;<\/p>\n","protected":false},"featured_media":9553,"comment_status":"open","ping_status":"closed","template":"","meta":{"_kadence_starter_templates_imported_post":false,"_kad_post_transparent":"default","_kad_post_title":"","_kad_post_layout":"default","_kad_post_sidebar_id":"","_kad_post_content_style":"default","_kad_post_vertical_padding":"default","_kad_post_feature":"","_kad_post_feature_position":"","_kad_post_header":false,"_kad_post_footer":false,"_kad_post_classname":""},"product_brand":[],"product_cat":[59,66],"product_tag":[],"class_list":{"0":"post-9552","1":"product","2":"type-product","3":"status-publish","4":"has-post-thumbnail","6":"product_cat-bijoux","7":"product_cat-bague","9":"first","10":"instock","11":"taxable","12":"shipping-taxable","13":"purchasable","14":"product-type-simple","15":"entry","16":"content-bg","17":"loop-entry"},"jetpack_sharing_enabled":true,"_links":{"self":[{"href":"https:\/\/couleurs-chakras.com\/index.php\/wp-json\/wp\/v2\/product\/9552","targetHints":{"allow":["GET"]}}],"collection":[{"href":"https:\/\/couleurs-chakras.com\/index.php\/wp-json\/wp\/v2\/product"}],"about":[{"href":"https:\/\/couleurs-chakras.com\/index.php\/wp-json\/wp\/v2\/types\/product"}],"replies":[{"embeddable":true,"href":"https:\/\/couleurs-chakras.com\/index.php\/wp-json\/wp\/v2\/comments?post=9552"}],"wp:featuredmedia":[{"embeddable":true,"href":"https:\/\/couleurs-chakras.com\/index.php\/wp-json\/wp\/v2\/media\/9553"}],"wp:attachment":[{"href":"https:\/\/couleurs-chakras.com\/index.php\/wp-json\/wp\/v2\/media?parent=9552"}],"wp:term":[{"taxonomy":"product_brand","embeddable":true,"href":"https:\/\/couleurs-chakras.com\/index.php\/wp-json\/wp\/v2\/product_brand?post=9552"},{"taxonomy":"product_cat","embeddable":true,"href":"https:\/\/couleurs-chakras.com\/index.php\/wp-json\/wp\/v2\/product_cat?post=9552"},{"taxonomy":"product_tag","embeddable":true,"href":"https:\/\/couleurs-chakras.com\/index.php\/wp-json\/wp\/v2\/product_tag?post=9552"}],"curies":[{"name":"wp","href":"https:\/\/api.w.org\/{rel}","templated":true}]}}