{"id":9550,"date":"2026-03-07T20:14:28","date_gmt":"2026-03-07T19:14:28","guid":{"rendered":"https:\/\/couleurs-chakras.com\/?post_type=product&#038;p=9550"},"modified":"2026-03-07T20:22:01","modified_gmt":"2026-03-07T19:22:01","slug":"bougeoir-main-en-selenite-naturelle","status":"publish","type":"product","link":"https:\/\/couleurs-chakras.com\/index.php\/product\/bougeoir-main-en-selenite-naturelle\/","title":{"rendered":"Bougeoir main en s\u00e9l\u00e9nite naturelle"},"content":{"rendered":"<p style=\"text-align: left;\"><strong>Bougeoir forme main en S\u00e9l\u00e9nite <\/strong><\/p>\n<p style=\"text-align: left;\"><span style=\"font-family: inherit; font-size: 24px; font-weight: bold;\">\ud83e\udd0d Symbole de Protection et de S\u00e9r\u00e9nit\u00e9<\/span><\/p>\n<p dir=\"ltr\">\u200bMagnifique bougeoir en s\u00e9l\u00e9nite, sculpt\u00e9\u00a0 en forme de Main.<\/p>\n<p dir=\"ltr\">Ce symbole ancestral de protection s&rsquo;associe \u00e0 la puret\u00e9 de la s\u00e9l\u00e9nite pour apporter une touche de s\u00e9r\u00e9nit\u00e9 et d&rsquo;\u00e9l\u00e9gance \u00e0 votre int\u00e9rieur.<\/p>\n<p dir=\"ltr\">Allumez une bougie et laissez-vous envelopper par sa lumi\u00e8re douce, invitant au calme et \u00e0 la m\u00e9ditation.<\/p>\n<p>Dimensions : 9 x 8 cm haut 3 cm<\/p>\n<p>\ud83d\udd6f livr\u00e9 avec\u00a0 une bougie chauffe-plat offerte<\/p>\n","protected":false},"excerpt":{"rendered":"<p>Bougeoir forme main en S\u00e9l\u00e9nite \ud83e\udd0d Symbole de Protection et de S\u00e9r\u00e9nit\u00e9 \u200bMagnifique bougeoir en s\u00e9l\u00e9nite, sculpt\u00e9\u00a0 en forme de Main. Ce symbole ancestral de protection s&rsquo;associe \u00e0 la puret\u00e9 de la s\u00e9l\u00e9nite pour apporter une touche de s\u00e9r\u00e9nit\u00e9 et d&rsquo;\u00e9l\u00e9gance \u00e0 votre int\u00e9rieur. Allumez une bougie et laissez-vous envelopper par sa lumi\u00e8re douce, invitant&#8230;<\/p>\n","protected":false},"featured_media":9551,"comment_status":"open","ping_status":"closed","template":"","meta":{"_kadence_starter_templates_imported_post":false,"_kad_post_transparent":"default","_kad_post_title":"","_kad_post_layout":"default","_kad_post_sidebar_id":"","_kad_post_content_style":"default","_kad_post_vertical_padding":"default","_kad_post_feature":"","_kad_post_feature_position":"","_kad_post_header":false,"_kad_post_footer":false,"_kad_post_classname":""},"product_brand":[],"product_cat":[60],"product_tag":[],"class_list":{"0":"post-9550","1":"product","2":"type-product","3":"status-publish","4":"has-post-thumbnail","6":"product_cat-accessoires","8":"first","9":"instock","10":"taxable","11":"shipping-taxable","12":"purchasable","13":"product-type-simple","14":"entry","15":"content-bg","16":"loop-entry"},"jetpack_sharing_enabled":true,"_links":{"self":[{"href":"https:\/\/couleurs-chakras.com\/index.php\/wp-json\/wp\/v2\/product\/9550","targetHints":{"allow":["GET"]}}],"collection":[{"href":"https:\/\/couleurs-chakras.com\/index.php\/wp-json\/wp\/v2\/product"}],"about":[{"href":"https:\/\/couleurs-chakras.com\/index.php\/wp-json\/wp\/v2\/types\/product"}],"replies":[{"embeddable":true,"href":"https:\/\/couleurs-chakras.com\/index.php\/wp-json\/wp\/v2\/comments?post=9550"}],"wp:featuredmedia":[{"embeddable":true,"href":"https:\/\/couleurs-chakras.com\/index.php\/wp-json\/wp\/v2\/media\/9551"}],"wp:attachment":[{"href":"https:\/\/couleurs-chakras.com\/index.php\/wp-json\/wp\/v2\/media?parent=9550"}],"wp:term":[{"taxonomy":"product_brand","embeddable":true,"href":"https:\/\/couleurs-chakras.com\/index.php\/wp-json\/wp\/v2\/product_brand?post=9550"},{"taxonomy":"product_cat","embeddable":true,"href":"https:\/\/couleurs-chakras.com\/index.php\/wp-json\/wp\/v2\/product_cat?post=9550"},{"taxonomy":"product_tag","embeddable":true,"href":"https:\/\/couleurs-chakras.com\/index.php\/wp-json\/wp\/v2\/product_tag?post=9550"}],"curies":[{"name":"wp","href":"https:\/\/api.w.org\/{rel}","templated":true}]}}