{"id":9548,"date":"2026-03-07T13:36:24","date_gmt":"2026-03-07T12:36:24","guid":{"rendered":"https:\/\/couleurs-chakras.com\/?post_type=product&#038;p=9548"},"modified":"2026-03-07T13:41:13","modified_gmt":"2026-03-07T12:41:13","slug":"pochon-pierres-roulees-triangle-dor","status":"publish","type":"product","link":"https:\/\/couleurs-chakras.com\/index.php\/product\/pochon-pierres-roulees-triangle-dor\/","title":{"rendered":"Pochon pierres roul\u00e9es Triangle d&rsquo;Or"},"content":{"rendered":"<p style=\"text-align: left;\">\ud83d\udc9c\ud83e\udd0d\ud83e\ude77 Le Triangle d\u2019Or : un tr\u00e9sor de lumi\u00e8re dans le creux de la main avec ces trois pierres roul\u00e9es sacr\u00e9es :<\/p>\n<p style=\"text-align: left;\">\ud83d\udc9c Am\u00e9thyste pour apaiser l\u2019esprit,<\/p>\n<p style=\"text-align: left;\">\ud83e\ude77 Quartz Rose pour ouvrir le c\u0153ur,<\/p>\n<p style=\"text-align: left;\">\ud83e\udd0d Cristal de Roche pour amplifier et clarifier l\u2019\u00e9nergie.<\/p>\n<p style=\"text-align: left;\">R\u00e9unies dans une jolie pochette, ces pierres roul\u00e9es vous accompagneront au quotidien, que vous choisissiez de les porter sur vous, les placer sur votre table de nuit ou les utiliser en m\u00e9ditation.<\/p>\n<p style=\"text-align: left;\">C\u2019est un petit trio, mais un grand soutien \ud83c\udf1f<\/p>\n<p style=\"text-align: left;\">\ud83d\udcab Le Triangle d\u2019Or est plus qu\u2019un ensemble :<\/p>\n<p style=\"text-align: left;\">c\u2019est un \ud83d\udc9c chemin vers soi, une \ud83e\ude77bulle d\u2019harmonie, une \ud83e\udd0dvibration d\u2019amour et de lumi\u00e8re.<\/p>\n<p style=\"text-align: left;\">Et vous\u2026 \u00eates-vous pr\u00eates \u00e0 accueillir cette \u00e9nergie douce et puissante ?<\/p>\n<p style=\"text-align: left;\">Couleurs Chakras<\/p>\n","protected":false},"excerpt":{"rendered":"<p>\ud83d\udc9c\ud83e\udd0d\ud83e\ude77 Le Triangle d\u2019Or : un tr\u00e9sor de lumi\u00e8re dans le creux de la main avec ces trois pierres roul\u00e9es sacr\u00e9es : \ud83d\udc9c Am\u00e9thyste pour apaiser l\u2019esprit, \ud83e\ude77 Quartz Rose pour ouvrir le c\u0153ur, \ud83e\udd0d Cristal de Roche pour amplifier et clarifier l\u2019\u00e9nergie. R\u00e9unies dans une jolie pochette, ces pierres roul\u00e9es vous accompagneront au quotidien,&#8230;<\/p>\n","protected":false},"featured_media":9549,"comment_status":"open","ping_status":"closed","template":"","meta":{"_kadence_starter_templates_imported_post":false,"_kad_post_transparent":"default","_kad_post_title":"","_kad_post_layout":"default","_kad_post_sidebar_id":"","_kad_post_content_style":"default","_kad_post_vertical_padding":"default","_kad_post_feature":"","_kad_post_feature_position":"","_kad_post_header":false,"_kad_post_footer":false,"_kad_post_classname":""},"product_brand":[],"product_cat":[70],"product_tag":[],"class_list":{"0":"post-9548","1":"product","2":"type-product","3":"status-publish","4":"has-post-thumbnail","6":"product_cat-pierres","8":"first","9":"instock","10":"taxable","11":"shipping-taxable","12":"purchasable","13":"product-type-simple","14":"entry","15":"content-bg","16":"loop-entry"},"jetpack_sharing_enabled":true,"_links":{"self":[{"href":"https:\/\/couleurs-chakras.com\/index.php\/wp-json\/wp\/v2\/product\/9548","targetHints":{"allow":["GET"]}}],"collection":[{"href":"https:\/\/couleurs-chakras.com\/index.php\/wp-json\/wp\/v2\/product"}],"about":[{"href":"https:\/\/couleurs-chakras.com\/index.php\/wp-json\/wp\/v2\/types\/product"}],"replies":[{"embeddable":true,"href":"https:\/\/couleurs-chakras.com\/index.php\/wp-json\/wp\/v2\/comments?post=9548"}],"wp:featuredmedia":[{"embeddable":true,"href":"https:\/\/couleurs-chakras.com\/index.php\/wp-json\/wp\/v2\/media\/9549"}],"wp:attachment":[{"href":"https:\/\/couleurs-chakras.com\/index.php\/wp-json\/wp\/v2\/media?parent=9548"}],"wp:term":[{"taxonomy":"product_brand","embeddable":true,"href":"https:\/\/couleurs-chakras.com\/index.php\/wp-json\/wp\/v2\/product_brand?post=9548"},{"taxonomy":"product_cat","embeddable":true,"href":"https:\/\/couleurs-chakras.com\/index.php\/wp-json\/wp\/v2\/product_cat?post=9548"},{"taxonomy":"product_tag","embeddable":true,"href":"https:\/\/couleurs-chakras.com\/index.php\/wp-json\/wp\/v2\/product_tag?post=9548"}],"curies":[{"name":"wp","href":"https:\/\/api.w.org\/{rel}","templated":true}]}}