{"id":9320,"date":"2026-03-07T09:33:04","date_gmt":"2026-03-07T08:33:04","guid":{"rendered":"https:\/\/couleurs-chakras.com\/?post_type=product&#038;p=9320"},"modified":"2026-03-07T09:35:53","modified_gmt":"2026-03-07T08:35:53","slug":"bague-triangle-dor-ajustable","status":"publish","type":"product","link":"https:\/\/couleurs-chakras.com\/index.php\/product\/bague-triangle-dor-ajustable\/","title":{"rendered":"Bague Triangle d\u2019Or ajustable"},"content":{"rendered":"<p>Le trio sacr\u00e9 \u00e0 votre doigt. \ud83d\udc8d<\/p>\n<p>Plus qu&rsquo;une bague, voici le Triangle d&rsquo;Or.<\/p>\n<p>Une alliance puissante de trois pierres essentielles pour harmoniser votre quotidien :<\/p>\n<hr \/>\n<p>\ud83d\udc9cL&rsquo;Am\u00e9thyste : Pour la s\u00e9r\u00e9nit\u00e9 et l&rsquo;intuition (Chakra Coronne).<\/p>\n<p>\ud83e\ude77Le Quartz Rose : Pour l&rsquo;amour inconditionnel et la tendresse (Chakra du C\u0153ur). \ud83c\udf38<\/p>\n<p>\ud83e\udd0d Le Cristal de Roche : Pour amplifier les \u00e9nergies et apporter la clart\u00e9. \ud83d\udc8e<\/p>\n<p>&nbsp;<\/p>\n<p>\ud83d\udd2e En lithoth\u00e9rapie :<\/p>\n<p>Le Triangle d&rsquo;Or est l&rsquo;une des combinaisons les plus c\u00e9l\u00e8bres et les plus compl\u00e8tes en lithoth\u00e9rapie. Il ne s&rsquo;agit pas seulement d&rsquo;un bijou esth\u00e9tique, mais d&rsquo;une v\u00e9ritable synergie vibratoire con\u00e7ue pour r\u00e9\u00e9quilibrer le corps et l&rsquo;esprit<\/p>\n","protected":false},"excerpt":{"rendered":"<p>Le trio sacr\u00e9 \u00e0 votre doigt. \ud83d\udc8d Plus qu&rsquo;une bague, voici le Triangle d&rsquo;Or. Une alliance puissante de trois pierres essentielles pour harmoniser votre quotidien : \ud83d\udc9cL&rsquo;Am\u00e9thyste : Pour la s\u00e9r\u00e9nit\u00e9 et l&rsquo;intuition (Chakra Coronne). \ud83e\ude77Le Quartz Rose : Pour l&rsquo;amour inconditionnel et la tendresse (Chakra du C\u0153ur). \ud83c\udf38 \ud83e\udd0d Le Cristal de Roche :&#8230;<\/p>\n","protected":false},"featured_media":9321,"comment_status":"open","ping_status":"closed","template":"","meta":{"_kadence_starter_templates_imported_post":false,"_kad_post_transparent":"default","_kad_post_title":"","_kad_post_layout":"default","_kad_post_sidebar_id":"","_kad_post_content_style":"default","_kad_post_vertical_padding":"default","_kad_post_feature":"","_kad_post_feature_position":"","_kad_post_header":false,"_kad_post_footer":false,"_kad_post_classname":""},"product_brand":[],"product_cat":[59,66],"product_tag":[],"class_list":{"0":"post-9320","1":"product","2":"type-product","3":"status-publish","4":"has-post-thumbnail","6":"product_cat-bijoux","7":"product_cat-bague","9":"first","10":"instock","11":"taxable","12":"shipping-taxable","13":"purchasable","14":"product-type-simple","15":"entry","16":"content-bg","17":"loop-entry"},"jetpack_sharing_enabled":true,"_links":{"self":[{"href":"https:\/\/couleurs-chakras.com\/index.php\/wp-json\/wp\/v2\/product\/9320","targetHints":{"allow":["GET"]}}],"collection":[{"href":"https:\/\/couleurs-chakras.com\/index.php\/wp-json\/wp\/v2\/product"}],"about":[{"href":"https:\/\/couleurs-chakras.com\/index.php\/wp-json\/wp\/v2\/types\/product"}],"replies":[{"embeddable":true,"href":"https:\/\/couleurs-chakras.com\/index.php\/wp-json\/wp\/v2\/comments?post=9320"}],"wp:featuredmedia":[{"embeddable":true,"href":"https:\/\/couleurs-chakras.com\/index.php\/wp-json\/wp\/v2\/media\/9321"}],"wp:attachment":[{"href":"https:\/\/couleurs-chakras.com\/index.php\/wp-json\/wp\/v2\/media?parent=9320"}],"wp:term":[{"taxonomy":"product_brand","embeddable":true,"href":"https:\/\/couleurs-chakras.com\/index.php\/wp-json\/wp\/v2\/product_brand?post=9320"},{"taxonomy":"product_cat","embeddable":true,"href":"https:\/\/couleurs-chakras.com\/index.php\/wp-json\/wp\/v2\/product_cat?post=9320"},{"taxonomy":"product_tag","embeddable":true,"href":"https:\/\/couleurs-chakras.com\/index.php\/wp-json\/wp\/v2\/product_tag?post=9320"}],"curies":[{"name":"wp","href":"https:\/\/api.w.org\/{rel}","templated":true}]}}