{"id":9310,"date":"2026-03-05T15:05:31","date_gmt":"2026-03-05T14:05:31","guid":{"rendered":"https:\/\/couleurs-chakras.com\/?post_type=product&#038;p=9310"},"modified":"2026-03-05T15:13:35","modified_gmt":"2026-03-05T14:13:35","slug":"orgonite-obsidienne-noire-et-oeil-du-tigre-dore","status":"publish","type":"product","link":"https:\/\/couleurs-chakras.com\/index.php\/product\/orgonite-obsidienne-noire-et-oeil-du-tigre-dore\/","title":{"rendered":"Orgonite Obsidienne noire et \u0152il du Tigre Dor\u00e9"},"content":{"rendered":"<p>L&rsquo;Alliance de la Force et de la Lumi\u00e8re\u2728 dans une pyramide \u00e9nerg\u00e9tique \ud83e\ude84<\/p>\n<p>La Pyramide Orgonite \u00ab\u00a0Bouclier Sacr\u00e9\u00a0\u00bb (Obsidienne &amp; \u0152il du Tigre Dor\u00e9).<\/p>\n<p>D&rsquo;une hauteur majestueuse de 6 cm, cette cr\u00e9ation n&rsquo;est pas seulement un objet de d\u00e9coration, c&rsquo;est un v\u00e9ritable compagnon \u00e9nerg\u00e9tique con\u00e7u pour ceux qui cherchent \u00e0 allier protection et rayonnement personnel.<\/p>\n<p>Pourquoi choisir cette orgonite ?<\/p>\n<p>\ud83d\udda4 Obsidienne Noire : Une pierre d&rsquo;ancrage puissante qui agit comme un rempart contre les \u00e9nergies n\u00e9gatives.<\/p>\n<p>\ud83d\udc9b \u0152il du Tigre Dor\u00e9 : La pierre du courage et de la confiance, pour vous aider \u00e0 rayonner et \u00e0 concr\u00e9tiser vos intentions.<\/p>\n<p>\u2728 Format 6 cm : Une pr\u00e9sence forte, id\u00e9ale pour un bureau ou une table de chevet.<\/p>\n<p>\ud83d\udca1 Le saviez-vous ?<\/p>\n<p>La forme pyramidale de l&rsquo;orgonite permet de concentrer et de diffuser l&rsquo;\u00e9nergie de mani\u00e8re optimale dans votre environnement.<\/p>\n<p>&nbsp;<\/p>\n","protected":false},"excerpt":{"rendered":"<p>L&rsquo;Alliance de la Force et de la Lumi\u00e8re\u2728 dans une pyramide \u00e9nerg\u00e9tique \ud83e\ude84 La Pyramide Orgonite \u00ab\u00a0Bouclier Sacr\u00e9\u00a0\u00bb (Obsidienne &amp; \u0152il du Tigre Dor\u00e9). D&rsquo;une hauteur majestueuse de 6 cm, cette cr\u00e9ation n&rsquo;est pas seulement un objet de d\u00e9coration, c&rsquo;est un v\u00e9ritable compagnon \u00e9nerg\u00e9tique con\u00e7u pour ceux qui cherchent \u00e0 allier protection et rayonnement personnel&#8230;.<\/p>\n","protected":false},"featured_media":9311,"comment_status":"open","ping_status":"closed","template":"","meta":{"_kadence_starter_templates_imported_post":false,"_kad_post_transparent":"default","_kad_post_title":"","_kad_post_layout":"default","_kad_post_sidebar_id":"","_kad_post_content_style":"default","_kad_post_vertical_padding":"default","_kad_post_feature":"","_kad_post_feature_position":"","_kad_post_header":false,"_kad_post_footer":false,"_kad_post_classname":""},"product_brand":[],"product_cat":[60],"product_tag":[],"class_list":{"0":"post-9310","1":"product","2":"type-product","3":"status-publish","4":"has-post-thumbnail","6":"product_cat-accessoires","8":"first","9":"instock","10":"taxable","11":"shipping-taxable","12":"purchasable","13":"product-type-simple","14":"entry","15":"content-bg","16":"loop-entry"},"jetpack_sharing_enabled":true,"_links":{"self":[{"href":"https:\/\/couleurs-chakras.com\/index.php\/wp-json\/wp\/v2\/product\/9310","targetHints":{"allow":["GET"]}}],"collection":[{"href":"https:\/\/couleurs-chakras.com\/index.php\/wp-json\/wp\/v2\/product"}],"about":[{"href":"https:\/\/couleurs-chakras.com\/index.php\/wp-json\/wp\/v2\/types\/product"}],"replies":[{"embeddable":true,"href":"https:\/\/couleurs-chakras.com\/index.php\/wp-json\/wp\/v2\/comments?post=9310"}],"wp:featuredmedia":[{"embeddable":true,"href":"https:\/\/couleurs-chakras.com\/index.php\/wp-json\/wp\/v2\/media\/9311"}],"wp:attachment":[{"href":"https:\/\/couleurs-chakras.com\/index.php\/wp-json\/wp\/v2\/media?parent=9310"}],"wp:term":[{"taxonomy":"product_brand","embeddable":true,"href":"https:\/\/couleurs-chakras.com\/index.php\/wp-json\/wp\/v2\/product_brand?post=9310"},{"taxonomy":"product_cat","embeddable":true,"href":"https:\/\/couleurs-chakras.com\/index.php\/wp-json\/wp\/v2\/product_cat?post=9310"},{"taxonomy":"product_tag","embeddable":true,"href":"https:\/\/couleurs-chakras.com\/index.php\/wp-json\/wp\/v2\/product_tag?post=9310"}],"curies":[{"name":"wp","href":"https:\/\/api.w.org\/{rel}","templated":true}]}}