{"id":9308,"date":"2026-03-04T08:22:47","date_gmt":"2026-03-04T07:22:47","guid":{"rendered":"https:\/\/couleurs-chakras.com\/?post_type=product&#038;p=9308"},"modified":"2026-03-04T08:24:45","modified_gmt":"2026-03-04T07:24:45","slug":"boucles-doreille-quartz-rose-naturel","status":"publish","type":"product","link":"https:\/\/couleurs-chakras.com\/index.php\/product\/boucles-doreille-quartz-rose-naturel\/","title":{"rendered":"Boucles d&rsquo;oreille Quartz Rose naturel"},"content":{"rendered":"<p>\ud83d\udc97 <strong>Douceur &amp; \u00e9l\u00e9gance en quartz rose<\/strong> \ud83d\udc97<\/p>\n<p>Jolie paire de <strong>boucles d\u2019oreilles en quartz rose<\/strong>, pierre du c\u0153ur et de l\u2019amour inconditionnel.<br \/>\nAvec leur teinte d\u00e9licate et lumineuse, elles apportent une touche de tendresse \u00e0 chaque tenue.<\/p>\n<p>\u2728 <strong>Le quartz rose<\/strong>, c\u2019est la pierre qui murmure \u00e0 l\u2019\u00e2me :<\/p>\n<ul>\n<li>amour de soi<\/li>\n<li>apaisement \u00e9motionnel<\/li>\n<li>douceur dans les relations<\/li>\n<li>\u00e9nergie r\u00e9confortante au quotidien<\/li>\n<\/ul>\n<p>\ud83d\udc8e Mont\u00e9es avec finesse, ces boucles d\u2019oreilles allient <strong>simplicit\u00e9, f\u00e9minit\u00e9 et vibration naturelle<\/strong>.<br \/>\n\u00c0 porter pour se reconnecter \u00e0 son c\u0153ur, ou \u00e0 offrir comme un message d\u2019amour tout en d\u00e9licatesse.<\/p>\n<p>\ud83c\udf38 Une cr\u00e9ation qui se ressent autant qu\u2019elle se porte.<\/p>\n<p>Un bijou unique S235 pour sublimer votre style \ud83c\udf1f<\/p>\n","protected":false},"excerpt":{"rendered":"<p>\ud83d\udc97 Douceur &amp; \u00e9l\u00e9gance en quartz rose \ud83d\udc97 Jolie paire de boucles d\u2019oreilles en quartz rose, pierre du c\u0153ur et de l\u2019amour inconditionnel. Avec leur teinte d\u00e9licate et lumineuse, elles apportent une touche de tendresse \u00e0 chaque tenue. \u2728 Le quartz rose, c\u2019est la pierre qui murmure \u00e0 l\u2019\u00e2me : amour de soi apaisement \u00e9motionnel&#8230;<\/p>\n","protected":false},"featured_media":9309,"comment_status":"open","ping_status":"closed","template":"","meta":{"_kadence_starter_templates_imported_post":false,"_kad_post_transparent":"default","_kad_post_title":"","_kad_post_layout":"default","_kad_post_sidebar_id":"","_kad_post_content_style":"default","_kad_post_vertical_padding":"default","_kad_post_feature":"","_kad_post_feature_position":"","_kad_post_header":false,"_kad_post_footer":false,"_kad_post_classname":""},"product_brand":[],"product_cat":[59,67],"product_tag":[],"class_list":{"0":"post-9308","1":"product","2":"type-product","3":"status-publish","4":"has-post-thumbnail","6":"product_cat-bijoux","7":"product_cat-boucles-doreille","9":"first","10":"instock","11":"taxable","12":"shipping-taxable","13":"purchasable","14":"product-type-simple","15":"entry","16":"content-bg","17":"loop-entry"},"jetpack_sharing_enabled":true,"_links":{"self":[{"href":"https:\/\/couleurs-chakras.com\/index.php\/wp-json\/wp\/v2\/product\/9308","targetHints":{"allow":["GET"]}}],"collection":[{"href":"https:\/\/couleurs-chakras.com\/index.php\/wp-json\/wp\/v2\/product"}],"about":[{"href":"https:\/\/couleurs-chakras.com\/index.php\/wp-json\/wp\/v2\/types\/product"}],"replies":[{"embeddable":true,"href":"https:\/\/couleurs-chakras.com\/index.php\/wp-json\/wp\/v2\/comments?post=9308"}],"wp:featuredmedia":[{"embeddable":true,"href":"https:\/\/couleurs-chakras.com\/index.php\/wp-json\/wp\/v2\/media\/9309"}],"wp:attachment":[{"href":"https:\/\/couleurs-chakras.com\/index.php\/wp-json\/wp\/v2\/media?parent=9308"}],"wp:term":[{"taxonomy":"product_brand","embeddable":true,"href":"https:\/\/couleurs-chakras.com\/index.php\/wp-json\/wp\/v2\/product_brand?post=9308"},{"taxonomy":"product_cat","embeddable":true,"href":"https:\/\/couleurs-chakras.com\/index.php\/wp-json\/wp\/v2\/product_cat?post=9308"},{"taxonomy":"product_tag","embeddable":true,"href":"https:\/\/couleurs-chakras.com\/index.php\/wp-json\/wp\/v2\/product_tag?post=9308"}],"curies":[{"name":"wp","href":"https:\/\/api.w.org\/{rel}","templated":true}]}}