{"id":9270,"date":"2026-03-01T20:56:29","date_gmt":"2026-03-01T19:56:29","guid":{"rendered":"https:\/\/couleurs-chakras.com\/?post_type=product&#038;p=9270"},"modified":"2026-03-01T20:58:26","modified_gmt":"2026-03-01T19:58:26","slug":"pendentif-amethyste-arbre-de-vie","status":"publish","type":"product","link":"https:\/\/couleurs-chakras.com\/index.php\/product\/pendentif-amethyste-arbre-de-vie\/","title":{"rendered":"Pendentif Amethyste arbre de vie"},"content":{"rendered":"<p>\ud83d\udc9c Pendentif Am\u00e9thyste &amp; Arbre de Vie \ud83d\udc9c<\/p>\n<p>Un bijou charg\u00e9 de <strong>protection, de s\u00e9r\u00e9nit\u00e9 et de connexion int\u00e9rieure<\/strong>, pens\u00e9 pour harmoniser l\u2019esprit et l\u2019\u00e2me.<\/p>\n<p>\ud83d\udd39 <strong>Am\u00e9thyste naturelle\u00a0<\/strong><br \/>\nPierre de spiritualit\u00e9 et de calme, elle favorise la clart\u00e9 mentale, la m\u00e9ditation et l\u2019apaisement \u00e9motionnel. Elle aide \u00e0 se lib\u00e9rer du stress et des \u00e9nergies n\u00e9gatives.<\/p>\n<p>\ud83d\udd39 <strong>Arbre de Vie\u00a0<\/strong><br \/>\nSymbole universel de force, de croissance et de protection, l\u2019Arbre de Vie relie le ciel et la terre, et soutient l\u2019\u00e9quilibre int\u00e9rieur. Son d\u00e9tail dor\u00e9 apporte \u00e9l\u00e9gance et lumi\u00e8re au pendentif.<\/p>\n<p>\u2728 <strong>Un pendentif talisman<\/strong>, \u00e0 porter pour rester centr\u00e9, serein et prot\u00e9g\u00e9 au quotidien.<\/p>\n<p>\ud83d\udcab Parfait pour soi ou comme cadeau porteur de sens et de bienveillance.<\/p>\n<p>&nbsp;<\/p>\n","protected":false},"excerpt":{"rendered":"<p>\ud83d\udc9c Pendentif Am\u00e9thyste &amp; Arbre de Vie \ud83d\udc9c Un bijou charg\u00e9 de protection, de s\u00e9r\u00e9nit\u00e9 et de connexion int\u00e9rieure, pens\u00e9 pour harmoniser l\u2019esprit et l\u2019\u00e2me. \ud83d\udd39 Am\u00e9thyste naturelle\u00a0 Pierre de spiritualit\u00e9 et de calme, elle favorise la clart\u00e9 mentale, la m\u00e9ditation et l\u2019apaisement \u00e9motionnel. Elle aide \u00e0 se lib\u00e9rer du stress et des \u00e9nergies n\u00e9gatives&#8230;.<\/p>\n","protected":false},"featured_media":9271,"comment_status":"open","ping_status":"closed","template":"","meta":{"_kadence_starter_templates_imported_post":false,"_kad_post_transparent":"default","_kad_post_title":"","_kad_post_layout":"default","_kad_post_sidebar_id":"","_kad_post_content_style":"default","_kad_post_vertical_padding":"default","_kad_post_feature":"","_kad_post_feature_position":"","_kad_post_header":false,"_kad_post_footer":false,"_kad_post_classname":""},"product_brand":[],"product_cat":[59,65],"product_tag":[],"class_list":{"0":"post-9270","1":"product","2":"type-product","3":"status-publish","4":"has-post-thumbnail","6":"product_cat-bijoux","7":"product_cat-pendentif","9":"first","10":"instock","11":"taxable","12":"shipping-taxable","13":"purchasable","14":"product-type-simple","15":"entry","16":"content-bg","17":"loop-entry"},"jetpack_sharing_enabled":true,"_links":{"self":[{"href":"https:\/\/couleurs-chakras.com\/index.php\/wp-json\/wp\/v2\/product\/9270","targetHints":{"allow":["GET"]}}],"collection":[{"href":"https:\/\/couleurs-chakras.com\/index.php\/wp-json\/wp\/v2\/product"}],"about":[{"href":"https:\/\/couleurs-chakras.com\/index.php\/wp-json\/wp\/v2\/types\/product"}],"replies":[{"embeddable":true,"href":"https:\/\/couleurs-chakras.com\/index.php\/wp-json\/wp\/v2\/comments?post=9270"}],"wp:featuredmedia":[{"embeddable":true,"href":"https:\/\/couleurs-chakras.com\/index.php\/wp-json\/wp\/v2\/media\/9271"}],"wp:attachment":[{"href":"https:\/\/couleurs-chakras.com\/index.php\/wp-json\/wp\/v2\/media?parent=9270"}],"wp:term":[{"taxonomy":"product_brand","embeddable":true,"href":"https:\/\/couleurs-chakras.com\/index.php\/wp-json\/wp\/v2\/product_brand?post=9270"},{"taxonomy":"product_cat","embeddable":true,"href":"https:\/\/couleurs-chakras.com\/index.php\/wp-json\/wp\/v2\/product_cat?post=9270"},{"taxonomy":"product_tag","embeddable":true,"href":"https:\/\/couleurs-chakras.com\/index.php\/wp-json\/wp\/v2\/product_tag?post=9270"}],"curies":[{"name":"wp","href":"https:\/\/api.w.org\/{rel}","templated":true}]}}