{"id":9268,"date":"2026-03-01T20:48:44","date_gmt":"2026-03-01T19:48:44","guid":{"rendered":"https:\/\/couleurs-chakras.com\/?post_type=product&#038;p=9268"},"modified":"2026-03-01T20:56:23","modified_gmt":"2026-03-01T19:56:23","slug":"pendentif-fleur-de-vie-quartz-rose","status":"publish","type":"product","link":"https:\/\/couleurs-chakras.com\/index.php\/product\/pendentif-fleur-de-vie-quartz-rose\/","title":{"rendered":"Pendentif fleur de vie quartz rose"},"content":{"rendered":"<p>\ud83c\udf38 Pendentif Quartz Rose &amp; Fleur de Vie \ud83c\udf38<\/p>\n<p>Un bijou qui allie <strong>douceur et harmonie<\/strong>, pens\u00e9 pour \u00e9lever l\u2019\u00e9nergie du c\u0153ur et rayonner la bienveillance.<\/p>\n<p>\ud83d\udd39 <strong>Quartz Rose naturel\u00a0<\/strong><br \/>\nPierre de l\u2019amour et de la tendresse, le quartz rose ouvre le c\u0153ur, apaise les \u00e9motions et favorise l\u2019amour de soi et des autres. Il invite \u00e0 la douceur et \u00e0 la s\u00e9r\u00e9nit\u00e9 int\u00e9rieure.<\/p>\n<p>\ud83d\udd39 <strong>Fleur de Vie \u2013<\/strong><\/p>\n<p>Symbole universel de cr\u00e9ation et d\u2019harmonie, la Fleur de Vie attire les \u00e9nergies positives et \u00e9quilibre le corps, l\u2019esprit et l\u2019\u00e2me. Son \u00e9clat dor\u00e9 illumine le pendentif avec \u00e9l\u00e9gance.<\/p>\n<p>\u2728 <strong>Un pendentif talisman<\/strong> \u00e0 porter au quotidien pour diffuser l\u2019\u00e9nergie de l\u2019amour, de la paix et de l\u2019\u00e9quilibre.<\/p>\n<p>\ud83d\udc96 Id\u00e9al pour soi ou comme cadeau charg\u00e9 de symbolisme et de douceur.<\/p>\n<p>\u2795\ufe0f livr\u00e9 avec\u00a0 cha\u00eene acier inoxydable.<\/p>\n","protected":false},"excerpt":{"rendered":"<p>\ud83c\udf38 Pendentif Quartz Rose &amp; Fleur de Vie \ud83c\udf38 Un bijou qui allie douceur et harmonie, pens\u00e9 pour \u00e9lever l\u2019\u00e9nergie du c\u0153ur et rayonner la bienveillance. \ud83d\udd39 Quartz Rose naturel\u00a0 Pierre de l\u2019amour et de la tendresse, le quartz rose ouvre le c\u0153ur, apaise les \u00e9motions et favorise l\u2019amour de soi et des autres. Il&#8230;<\/p>\n","protected":false},"featured_media":9269,"comment_status":"open","ping_status":"closed","template":"","meta":{"_kadence_starter_templates_imported_post":false,"_kad_post_transparent":"default","_kad_post_title":"","_kad_post_layout":"default","_kad_post_sidebar_id":"","_kad_post_content_style":"default","_kad_post_vertical_padding":"default","_kad_post_feature":"","_kad_post_feature_position":"","_kad_post_header":false,"_kad_post_footer":false,"_kad_post_classname":""},"product_brand":[],"product_cat":[59,65],"product_tag":[],"class_list":{"0":"post-9268","1":"product","2":"type-product","3":"status-publish","4":"has-post-thumbnail","6":"product_cat-bijoux","7":"product_cat-pendentif","9":"first","10":"instock","11":"taxable","12":"shipping-taxable","13":"purchasable","14":"product-type-simple","15":"entry","16":"content-bg","17":"loop-entry"},"jetpack_sharing_enabled":true,"_links":{"self":[{"href":"https:\/\/couleurs-chakras.com\/index.php\/wp-json\/wp\/v2\/product\/9268","targetHints":{"allow":["GET"]}}],"collection":[{"href":"https:\/\/couleurs-chakras.com\/index.php\/wp-json\/wp\/v2\/product"}],"about":[{"href":"https:\/\/couleurs-chakras.com\/index.php\/wp-json\/wp\/v2\/types\/product"}],"replies":[{"embeddable":true,"href":"https:\/\/couleurs-chakras.com\/index.php\/wp-json\/wp\/v2\/comments?post=9268"}],"wp:featuredmedia":[{"embeddable":true,"href":"https:\/\/couleurs-chakras.com\/index.php\/wp-json\/wp\/v2\/media\/9269"}],"wp:attachment":[{"href":"https:\/\/couleurs-chakras.com\/index.php\/wp-json\/wp\/v2\/media?parent=9268"}],"wp:term":[{"taxonomy":"product_brand","embeddable":true,"href":"https:\/\/couleurs-chakras.com\/index.php\/wp-json\/wp\/v2\/product_brand?post=9268"},{"taxonomy":"product_cat","embeddable":true,"href":"https:\/\/couleurs-chakras.com\/index.php\/wp-json\/wp\/v2\/product_cat?post=9268"},{"taxonomy":"product_tag","embeddable":true,"href":"https:\/\/couleurs-chakras.com\/index.php\/wp-json\/wp\/v2\/product_tag?post=9268"}],"curies":[{"name":"wp","href":"https:\/\/api.w.org\/{rel}","templated":true}]}}