{"id":9156,"date":"2026-03-01T20:31:29","date_gmt":"2026-03-01T19:31:29","guid":{"rendered":"https:\/\/couleurs-chakras.com\/?post_type=product&#038;p=9156"},"modified":"2026-03-11T11:14:59","modified_gmt":"2026-03-11T10:14:59","slug":"bracelet-triple-protection-unalome","status":"publish","type":"product","link":"https:\/\/couleurs-chakras.com\/index.php\/product\/bracelet-triple-protection-unalome\/","title":{"rendered":"Bracelet triple protection Unalome"},"content":{"rendered":"<p>Bracelet Triple \u00c9nergies de Protection \u2728<\/p>\n<p>Ce bracelet a \u00e9t\u00e9 con\u00e7u comme un <strong>v\u00e9ritable bouclier \u00e9nerg\u00e9tique<\/strong>, alliant trois pierres puissantes reconnues pour leurs vertus de protection, d\u2019ancrage et de forceint\u00e9rieure en perles 8mm.<\/p>\n<p>\ud83d\udd38 <strong>\u0152il du Tigre\u00a0<\/strong><br \/>\nPierre de courage et de protection, elle agit comme un miroir face aux \u00e9nergies n\u00e9gatives et renforce la confiance en soi. Elle aide \u00e0 avancer avec assurance et d\u00e9termination.<\/p>\n<p>\ud83d\udd38 <strong>H\u00e9matite facett\u00e9e\u00a0<\/strong><br \/>\nPierre d\u2019ancrage par excellence, elle stabilise les \u00e9motions, favorise la concentration et prot\u00e8ge des influences perturbatrices. Son aspect facett\u00e9 apporte une touche \u00e9l\u00e9gante et lumineuse.<\/p>\n<p>\ud83d\udd38 <strong>Obsidienne\u00a0<\/strong><br \/>\nPierre de protection profonde, elle agit comme un rempart contre les \u00e9nergies lourdes et favorise la clart\u00e9 int\u00e9rieure. Elle invite \u00e0 la v\u00e9rit\u00e9 et \u00e0 l\u2019alignement.<\/p>\n<p>\u2728 <strong>Finition charm Unalome dor\u00e9<\/strong><br \/>\nSymbole spirituel fort, l\u2019Unalome repr\u00e9sente le chemin de vie, parfois sinueux, menant \u00e0 l\u2019\u00e9veil et \u00e0 la paix int\u00e9rieure. Une touche dor\u00e9e pour sublimer l\u2019ensemble avec douceur et intention.<\/p>\n<p>\ud83d\udcab <strong>Un bracelet \u00e0 porter comme un talisman<\/strong>, pour se sentir prot\u00e9g\u00e9, ancr\u00e9 et align\u00e9 au quotidien.<\/p>\n<p>\ud83d\udc49 Id\u00e9al pour soi ou comme cadeau charg\u00e9 de sens \ud83d\udc8e<\/p>\n","protected":false},"excerpt":{"rendered":"<div dir=\"auto\">\u200f<\/div>\n","protected":false},"featured_media":9267,"comment_status":"closed","ping_status":"closed","template":"","meta":{"_kadence_starter_templates_imported_post":false,"_kad_post_transparent":"default","_kad_post_title":"","_kad_post_layout":"default","_kad_post_sidebar_id":"","_kad_post_content_style":"default","_kad_post_vertical_padding":"default","_kad_post_feature":"","_kad_post_feature_position":"","_kad_post_header":false,"_kad_post_footer":false,"_kad_post_classname":""},"product_brand":[],"product_cat":[20],"product_tag":[],"class_list":{"0":"post-9156","1":"product","2":"type-product","3":"status-publish","4":"has-post-thumbnail","6":"product_cat-bracelet","8":"first","9":"instock","10":"taxable","11":"shipping-taxable","12":"purchasable","13":"product-type-variable","14":"entry","15":"content-bg","16":"loop-entry"},"jetpack_sharing_enabled":true,"_links":{"self":[{"href":"https:\/\/couleurs-chakras.com\/index.php\/wp-json\/wp\/v2\/product\/9156","targetHints":{"allow":["GET"]}}],"collection":[{"href":"https:\/\/couleurs-chakras.com\/index.php\/wp-json\/wp\/v2\/product"}],"about":[{"href":"https:\/\/couleurs-chakras.com\/index.php\/wp-json\/wp\/v2\/types\/product"}],"replies":[{"embeddable":true,"href":"https:\/\/couleurs-chakras.com\/index.php\/wp-json\/wp\/v2\/comments?post=9156"}],"wp:featuredmedia":[{"embeddable":true,"href":"https:\/\/couleurs-chakras.com\/index.php\/wp-json\/wp\/v2\/media\/9267"}],"wp:attachment":[{"href":"https:\/\/couleurs-chakras.com\/index.php\/wp-json\/wp\/v2\/media?parent=9156"}],"wp:term":[{"taxonomy":"product_brand","embeddable":true,"href":"https:\/\/couleurs-chakras.com\/index.php\/wp-json\/wp\/v2\/product_brand?post=9156"},{"taxonomy":"product_cat","embeddable":true,"href":"https:\/\/couleurs-chakras.com\/index.php\/wp-json\/wp\/v2\/product_cat?post=9156"},{"taxonomy":"product_tag","embeddable":true,"href":"https:\/\/couleurs-chakras.com\/index.php\/wp-json\/wp\/v2\/product_tag?post=9156"}],"curies":[{"name":"wp","href":"https:\/\/api.w.org\/{rel}","templated":true}]}}