{"id":9096,"date":"2026-02-26T15:14:51","date_gmt":"2026-02-26T14:14:51","guid":{"rendered":"https:\/\/couleurs-chakras.com\/?post_type=product&#038;p=9096"},"modified":"2026-03-01T21:30:09","modified_gmt":"2026-03-01T20:30:09","slug":"porte-clesa-souhaits-amethyste-lavande-finitions-chat","status":"publish","type":"product","link":"https:\/\/couleurs-chakras.com\/index.php\/product\/porte-clesa-souhaits-amethyste-lavande-finitions-chat\/","title":{"rendered":"Porte cl\u00e9s complice Am\u00e9thyste lavande finitions Chat"},"content":{"rendered":"<div id=\"model-response-message-contentr_55f48d2d4871a3bf\" class=\"markdown markdown-main-panel enable-updated-hr-color preserve-whitespaces-in-response\" dir=\"ltr\" aria-live=\"polite\" aria-busy=\"false\">\n<p data-path-to-node=\"0\">Porte-cl\u00e9 Duo Complice &amp; Compagnon F\u00e9lin \u2013 \u00c9clats de Lilas<\/p>\n<p data-path-to-node=\"3\">Apportez une touche de tendresse et de po\u00e9sie \u00e0 votre quotidien avec ce porte-cl\u00e9 artisanal unique. Alliant m\u00e9tal argent\u00e9 et nuances d\u00e9licates, cet accessoire est bien plus qu&rsquo;un simple objet : c&rsquo;est un symbole d&rsquo;attachement et de douceur.<\/p>\n<ul data-path-to-node=\"5\">\n<li>\n<p data-path-to-node=\"5,0,0\"><b data-path-to-node=\"5,0,0\" data-index-in-node=\"0\">Design Symbolique :<\/b> Deux adorables figurines \u00ab\u00a0stick figures\u00a0\u00bb se tenant la main pour former un c\u0153ur, symbolisant l&rsquo;amiti\u00e9, l&rsquo;amour ou la complicit\u00e9.<\/p>\n<\/li>\n<li>\n<p data-path-to-node=\"5,1,0\"><b data-path-to-node=\"5,1,0\" data-index-in-node=\"0\">D\u00e9tails Raffin\u00e9s :<\/b> Une cascade de perles aux tons lilas et am\u00e9thyste apporte une \u00e9l\u00e9gance naturelle et une touche de couleur apaisante.<\/p>\n<\/li>\n<li>\n<p data-path-to-node=\"5,2,0\"><b data-path-to-node=\"5,2,0\" data-index-in-node=\"0\">Le Petit Plus :<\/b> Un charm d\u00e9licat en forme de chat vient parfaire l&rsquo;ensemble, id\u00e9al pour les amoureux des f\u00e9lins.<\/p>\n<\/li>\n<li>\n<p data-path-to-node=\"5,3,0\"><b data-path-to-node=\"5,3,0\" data-index-in-node=\"0\">Finition Haute Qualit\u00e9 :<\/b> Un visuel harmonieux sous une lumi\u00e8re lilas clair, offrant un rendu doux et professionnel, pr\u00eat \u00e0 sublimer votre trousseau de cl\u00e9s ou votre sac \u00e0 main.<\/p>\n<\/li>\n<\/ul>\n<blockquote data-path-to-node=\"6\">\n<p data-path-to-node=\"6,0\"><b data-path-to-node=\"6,0\" data-index-in-node=\"0\">Id\u00e9e Cadeau :<\/b> Parfait pour offrir \u00e0 une personne ch\u00e8re, marquer une amiti\u00e9 sinc\u00e8re ou simplement pour se faire plaisir avec un objet qui a du sens.<\/p>\n<\/blockquote>\n<hr data-path-to-node=\"7\" \/>\n<p data-path-to-node=\"8\">\n<\/div>\n","protected":false},"excerpt":{"rendered":"<p>Porte-cl\u00e9 Duo Complice &amp; Compagnon F\u00e9lin \u2013 \u00c9clats de Lilas Apportez une touche de tendresse et de po\u00e9sie \u00e0 votre quotidien avec ce porte-cl\u00e9 artisanal unique. Alliant m\u00e9tal argent\u00e9 et nuances d\u00e9licates, cet accessoire est bien plus qu&rsquo;un simple objet : c&rsquo;est un symbole d&rsquo;attachement et de douceur. Design Symbolique : Deux adorables figurines \u00ab\u00a0stick&#8230;<\/p>\n","protected":false},"featured_media":9277,"comment_status":"open","ping_status":"closed","template":"","meta":{"_kadence_starter_templates_imported_post":false,"_kad_post_transparent":"default","_kad_post_title":"","_kad_post_layout":"default","_kad_post_sidebar_id":"","_kad_post_content_style":"default","_kad_post_vertical_padding":"default","_kad_post_feature":"","_kad_post_feature_position":"","_kad_post_header":false,"_kad_post_footer":false,"_kad_post_classname":""},"product_brand":[],"product_cat":[60],"product_tag":[],"class_list":{"0":"post-9096","1":"product","2":"type-product","3":"status-publish","4":"has-post-thumbnail","6":"product_cat-accessoires","8":"first","9":"instock","10":"taxable","11":"shipping-taxable","12":"purchasable","13":"product-type-simple","14":"entry","15":"content-bg","16":"loop-entry"},"jetpack_sharing_enabled":true,"_links":{"self":[{"href":"https:\/\/couleurs-chakras.com\/index.php\/wp-json\/wp\/v2\/product\/9096","targetHints":{"allow":["GET"]}}],"collection":[{"href":"https:\/\/couleurs-chakras.com\/index.php\/wp-json\/wp\/v2\/product"}],"about":[{"href":"https:\/\/couleurs-chakras.com\/index.php\/wp-json\/wp\/v2\/types\/product"}],"replies":[{"embeddable":true,"href":"https:\/\/couleurs-chakras.com\/index.php\/wp-json\/wp\/v2\/comments?post=9096"}],"wp:featuredmedia":[{"embeddable":true,"href":"https:\/\/couleurs-chakras.com\/index.php\/wp-json\/wp\/v2\/media\/9277"}],"wp:attachment":[{"href":"https:\/\/couleurs-chakras.com\/index.php\/wp-json\/wp\/v2\/media?parent=9096"}],"wp:term":[{"taxonomy":"product_brand","embeddable":true,"href":"https:\/\/couleurs-chakras.com\/index.php\/wp-json\/wp\/v2\/product_brand?post=9096"},{"taxonomy":"product_cat","embeddable":true,"href":"https:\/\/couleurs-chakras.com\/index.php\/wp-json\/wp\/v2\/product_cat?post=9096"},{"taxonomy":"product_tag","embeddable":true,"href":"https:\/\/couleurs-chakras.com\/index.php\/wp-json\/wp\/v2\/product_tag?post=9096"}],"curies":[{"name":"wp","href":"https:\/\/api.w.org\/{rel}","templated":true}]}}