{"id":8956,"date":"2026-02-22T10:22:05","date_gmt":"2026-02-22T09:22:05","guid":{"rendered":"https:\/\/couleurs-chakras.com\/?post_type=product&#038;p=8956"},"modified":"2026-03-07T10:10:36","modified_gmt":"2026-03-07T09:10:36","slug":"bague-alu-pierre-onyx-facettee","status":"publish","type":"product","link":"https:\/\/couleurs-chakras.com\/index.php\/product\/bague-alu-pierre-onyx-facettee\/","title":{"rendered":"Bague 7 chakras Lotus"},"content":{"rendered":"<p>Bague lotus 7 Chakras argent\u00e9<\/p>\n<p>\ud83d\udc8d Taille 54<\/p>\n<p>Un lotus sacr\u00e9, symbole de renaissance et de puret\u00e9, qui s\u2019\u00e9l\u00e8ve avec gr\u00e2ce m\u00eame depuis les eaux les plus profondes \ud83c\udf38<\/p>\n<p>Au c\u0153ur, une pierre claire, comme une goutte de lumi\u00e8re, vient rappeler la clart\u00e9 de l\u2019\u00e2me et l\u2019alignement int\u00e9rieur.<\/p>\n<p>Autour d\u2019elle, les sept couleurs vibrantes murmurent l\u2019harmonie des chakras :<\/p>\n<p>\ud83d\udd35 apaisement,<\/p>\n<p>\ud83d\udfe2 gu\u00e9rison,<\/p>\n<p>\ud83d\udfe1 rayonnement<\/p>\n<p>\ud83d\udd34 ancrage\u2026<\/p>\n<p>Chaque nuance chante l\u2019\u00e9quilibre, chaque pierre raconte un chemin.<\/p>\n<p>\u00c0 porter comme un talismans de centrage, une invitation \u00e0 fleurir pleinement, \u00e0 rester connect\u00e9e \u00e0 sa lumi\u00e8re, m\u00eame lorsque le monde s\u2019agite \ud83d\udcab<\/p>\n<p>Une cr\u00e9ation qui ne se contente pas d\u2019\u00eatre belle<\/p>\n<p>Elle vibre, elle prot\u00e8ge, elle \u00e9veille.<\/p>\n","protected":false},"excerpt":{"rendered":"<p>Bague lotus 7 Chakras argent\u00e9 \ud83d\udc8d Taille 54 Un lotus sacr\u00e9, symbole de renaissance et de puret\u00e9, qui s\u2019\u00e9l\u00e8ve avec gr\u00e2ce m\u00eame depuis les eaux les plus profondes \ud83c\udf38 Au c\u0153ur, une pierre claire, comme une goutte de lumi\u00e8re, vient rappeler la clart\u00e9 de l\u2019\u00e2me et l\u2019alignement int\u00e9rieur. Autour d\u2019elle, les sept couleurs vibrantes murmurent&#8230;<\/p>\n","protected":false},"featured_media":9324,"comment_status":"open","ping_status":"closed","template":"","meta":{"_kadence_starter_templates_imported_post":false,"_kad_post_transparent":"default","_kad_post_title":"","_kad_post_layout":"default","_kad_post_sidebar_id":"","_kad_post_content_style":"default","_kad_post_vertical_padding":"default","_kad_post_feature":"","_kad_post_feature_position":"","_kad_post_header":false,"_kad_post_footer":false,"_kad_post_classname":""},"product_brand":[],"product_cat":[59,66],"product_tag":[],"class_list":{"0":"post-8956","1":"product","2":"type-product","3":"status-publish","4":"has-post-thumbnail","6":"product_cat-bijoux","7":"product_cat-bague","9":"first","10":"instock","11":"taxable","12":"shipping-taxable","13":"purchasable","14":"product-type-simple","15":"entry","16":"content-bg","17":"loop-entry"},"jetpack_sharing_enabled":true,"_links":{"self":[{"href":"https:\/\/couleurs-chakras.com\/index.php\/wp-json\/wp\/v2\/product\/8956","targetHints":{"allow":["GET"]}}],"collection":[{"href":"https:\/\/couleurs-chakras.com\/index.php\/wp-json\/wp\/v2\/product"}],"about":[{"href":"https:\/\/couleurs-chakras.com\/index.php\/wp-json\/wp\/v2\/types\/product"}],"replies":[{"embeddable":true,"href":"https:\/\/couleurs-chakras.com\/index.php\/wp-json\/wp\/v2\/comments?post=8956"}],"wp:featuredmedia":[{"embeddable":true,"href":"https:\/\/couleurs-chakras.com\/index.php\/wp-json\/wp\/v2\/media\/9324"}],"wp:attachment":[{"href":"https:\/\/couleurs-chakras.com\/index.php\/wp-json\/wp\/v2\/media?parent=8956"}],"wp:term":[{"taxonomy":"product_brand","embeddable":true,"href":"https:\/\/couleurs-chakras.com\/index.php\/wp-json\/wp\/v2\/product_brand?post=8956"},{"taxonomy":"product_cat","embeddable":true,"href":"https:\/\/couleurs-chakras.com\/index.php\/wp-json\/wp\/v2\/product_cat?post=8956"},{"taxonomy":"product_tag","embeddable":true,"href":"https:\/\/couleurs-chakras.com\/index.php\/wp-json\/wp\/v2\/product_tag?post=8956"}],"curies":[{"name":"wp","href":"https:\/\/api.w.org\/{rel}","templated":true}]}}