{"id":8949,"date":"2025-02-15T16:32:25","date_gmt":"2025-02-15T15:32:25","guid":{"rendered":"https:\/\/couleurs-chakras.com\/?post_type=product&#038;p=8949"},"modified":"2026-02-27T21:11:44","modified_gmt":"2026-02-27T20:11:44","slug":"marque-page-unalome-et-pierre-grenat","status":"publish","type":"product","link":"https:\/\/couleurs-chakras.com\/index.php\/product\/marque-page-unalome-et-pierre-grenat\/","title":{"rendered":"Marque page Plume et pierres Oeil du tigre dor\u00e9"},"content":{"rendered":"<p>\ud83e\udeb6Un marque-page vient rejoindre la collection\u2026 et il porte aujourd\u2019hui l\u2019\u00e9clat puissant de l\u2019\u0152il de Tigre dor\u00e9<\/p>\n<p>Sa plume m\u00e9tallique finement travaill\u00e9e glisse entre les pages, tandis que la pierre d\u00e9voile ses reflets ambr\u00e9s, protecteurs et profond\u00e9ment ancrants.<\/p>\n<p>Une alliance \u00e9l\u00e9gante pour accompagner vos lectures avec force, clart\u00e9 et confiance \ud83e\udde1\u2728<\/p>\n<p>L\u2019\u0152il de Tigre est r\u00e9put\u00e9 pour renforcer la d\u00e9termination, apaiser le mental et guider vers des choix align\u00e9s\u2026 parfait pour ouvrir un nouveau chapitre, dans un livre comme dans la vie.<\/p>\n<p>&nbsp;<\/p>\n<p>&nbsp;<\/p>\n","protected":false},"excerpt":{"rendered":"<p>\ud83e\udeb6Un marque-page vient rejoindre la collection\u2026 et il porte aujourd\u2019hui l\u2019\u00e9clat puissant de l\u2019\u0152il de Tigre dor\u00e9 Sa plume m\u00e9tallique finement travaill\u00e9e glisse entre les pages, tandis que la pierre d\u00e9voile ses reflets ambr\u00e9s, protecteurs et profond\u00e9ment ancrants. Une alliance \u00e9l\u00e9gante pour accompagner vos lectures avec force, clart\u00e9 et confiance \ud83e\udde1\u2728 L\u2019\u0152il de Tigre est&#8230;<\/p>\n","protected":false},"featured_media":9099,"comment_status":"open","ping_status":"closed","template":"","meta":{"_kadence_starter_templates_imported_post":false,"_kad_post_transparent":"default","_kad_post_title":"","_kad_post_layout":"default","_kad_post_sidebar_id":"","_kad_post_content_style":"default","_kad_post_vertical_padding":"default","_kad_post_feature":"","_kad_post_feature_position":"","_kad_post_header":false,"_kad_post_footer":false,"_kad_post_classname":""},"product_brand":[],"product_cat":[60],"product_tag":[],"class_list":{"0":"post-8949","1":"product","2":"type-product","3":"status-publish","4":"has-post-thumbnail","6":"product_cat-accessoires","8":"first","9":"instock","10":"taxable","11":"shipping-taxable","12":"purchasable","13":"product-type-simple","14":"entry","15":"content-bg","16":"loop-entry"},"jetpack_sharing_enabled":true,"_links":{"self":[{"href":"https:\/\/couleurs-chakras.com\/index.php\/wp-json\/wp\/v2\/product\/8949","targetHints":{"allow":["GET"]}}],"collection":[{"href":"https:\/\/couleurs-chakras.com\/index.php\/wp-json\/wp\/v2\/product"}],"about":[{"href":"https:\/\/couleurs-chakras.com\/index.php\/wp-json\/wp\/v2\/types\/product"}],"replies":[{"embeddable":true,"href":"https:\/\/couleurs-chakras.com\/index.php\/wp-json\/wp\/v2\/comments?post=8949"}],"wp:featuredmedia":[{"embeddable":true,"href":"https:\/\/couleurs-chakras.com\/index.php\/wp-json\/wp\/v2\/media\/9099"}],"wp:attachment":[{"href":"https:\/\/couleurs-chakras.com\/index.php\/wp-json\/wp\/v2\/media?parent=8949"}],"wp:term":[{"taxonomy":"product_brand","embeddable":true,"href":"https:\/\/couleurs-chakras.com\/index.php\/wp-json\/wp\/v2\/product_brand?post=8949"},{"taxonomy":"product_cat","embeddable":true,"href":"https:\/\/couleurs-chakras.com\/index.php\/wp-json\/wp\/v2\/product_cat?post=8949"},{"taxonomy":"product_tag","embeddable":true,"href":"https:\/\/couleurs-chakras.com\/index.php\/wp-json\/wp\/v2\/product_tag?post=8949"}],"curies":[{"name":"wp","href":"https:\/\/api.w.org\/{rel}","templated":true}]}}