{"id":8925,"date":"2026-01-26T15:19:02","date_gmt":"2026-01-26T14:19:02","guid":{"rendered":"https:\/\/couleurs-chakras.com\/?post_type=product&#038;p=8925"},"modified":"2026-02-27T21:10:55","modified_gmt":"2026-02-27T20:10:55","slug":"pendentif-cristal-de-roche","status":"publish","type":"product","link":"https:\/\/couleurs-chakras.com\/index.php\/product\/pendentif-cristal-de-roche\/","title":{"rendered":"Pendentif Chat Aventurine verte"},"content":{"rendered":"<p>Chaque pierre raconte une histoire silencieuse, un souffle d\u2019\u00e9nergie qui nous rappelle notre force int\u00e9rieure.<\/p>\n<p>L&rsquo;\u00e9l\u00e9gance de L&rsquo;aventurine verte et la finesse du design chat.<\/p>\n<p>Une pi\u00e8ce intemporelle \u00e0 red\u00e9couvrir.<\/p>\n<p>&nbsp;<\/p>\n<p>&nbsp;<\/p>\n","protected":false},"excerpt":{"rendered":"<p>Chaque pierre raconte une histoire silencieuse, un souffle d\u2019\u00e9nergie qui nous rappelle notre force int\u00e9rieure. L&rsquo;\u00e9l\u00e9gance de L&rsquo;aventurine verte et la finesse du design chat. Une pi\u00e8ce intemporelle \u00e0 red\u00e9couvrir. &nbsp; &nbsp;<\/p>\n","protected":false},"featured_media":9114,"comment_status":"open","ping_status":"closed","template":"","meta":{"_kadence_starter_templates_imported_post":false,"_kad_post_transparent":"default","_kad_post_title":"","_kad_post_layout":"default","_kad_post_sidebar_id":"","_kad_post_content_style":"default","_kad_post_vertical_padding":"default","_kad_post_feature":"","_kad_post_feature_position":"","_kad_post_header":false,"_kad_post_footer":false,"_kad_post_classname":""},"product_brand":[],"product_cat":[59,65],"product_tag":[],"class_list":{"0":"post-8925","1":"product","2":"type-product","3":"status-publish","4":"has-post-thumbnail","6":"product_cat-bijoux","7":"product_cat-pendentif","9":"first","10":"instock","11":"taxable","12":"shipping-taxable","13":"purchasable","14":"product-type-simple","15":"entry","16":"content-bg","17":"loop-entry"},"jetpack_sharing_enabled":true,"_links":{"self":[{"href":"https:\/\/couleurs-chakras.com\/index.php\/wp-json\/wp\/v2\/product\/8925","targetHints":{"allow":["GET"]}}],"collection":[{"href":"https:\/\/couleurs-chakras.com\/index.php\/wp-json\/wp\/v2\/product"}],"about":[{"href":"https:\/\/couleurs-chakras.com\/index.php\/wp-json\/wp\/v2\/types\/product"}],"replies":[{"embeddable":true,"href":"https:\/\/couleurs-chakras.com\/index.php\/wp-json\/wp\/v2\/comments?post=8925"}],"wp:featuredmedia":[{"embeddable":true,"href":"https:\/\/couleurs-chakras.com\/index.php\/wp-json\/wp\/v2\/media\/9114"}],"wp:attachment":[{"href":"https:\/\/couleurs-chakras.com\/index.php\/wp-json\/wp\/v2\/media?parent=8925"}],"wp:term":[{"taxonomy":"product_brand","embeddable":true,"href":"https:\/\/couleurs-chakras.com\/index.php\/wp-json\/wp\/v2\/product_brand?post=8925"},{"taxonomy":"product_cat","embeddable":true,"href":"https:\/\/couleurs-chakras.com\/index.php\/wp-json\/wp\/v2\/product_cat?post=8925"},{"taxonomy":"product_tag","embeddable":true,"href":"https:\/\/couleurs-chakras.com\/index.php\/wp-json\/wp\/v2\/product_tag?post=8925"}],"curies":[{"name":"wp","href":"https:\/\/api.w.org\/{rel}","templated":true}]}}