{"id":8910,"date":"2024-12-03T08:51:07","date_gmt":"2024-12-03T07:51:07","guid":{"rendered":"https:\/\/couleurs-chakras.com\/?post_type=product&#038;p=8910"},"modified":"2026-03-12T10:43:08","modified_gmt":"2026-03-12T09:43:08","slug":"le-bracelet-jade-de-chine-cle-de-sol","status":"publish","type":"product","link":"https:\/\/couleurs-chakras.com\/index.php\/product\/le-bracelet-jade-de-chine-cle-de-sol\/","title":{"rendered":"Le bracelet jade de Chine cl\u00e9 de sol"},"content":{"rendered":"<p>D\u00e9couvrez la beaut\u00e9 intemporelle de ce bracelet unique, fait de perles en jade de Chine et sublim\u00e9 par un pendentif en forme de cl\u00e9 de sol \ud83c\udfb6.<\/p>\n<p>Le jade de Chine est reconnu pour ses propri\u00e9t\u00e9s apaisantes et \u00e9quilibrantes. Il favorise la s\u00e9r\u00e9nit\u00e9 int\u00e9rieure, attire la chance et aide \u00e0 l\u2019harmonisation des \u00e9nergies.<\/p>\n<p>Associ\u00e9 \u00e0 la musique, ce bracelet est une v\u00e9ritable ode \u00e0 l\u2019harmonie : parfait pour ceux qui cherchent \u00e0 allier style et bien-\u00eatre dans leur quotidien.<\/p>\n<p>&nbsp;<\/p>\n<p>\ud83c\udf1f Vertus du Jade :<\/p>\n<p>&#8211; Apaisement et calme int\u00e9rieur<\/p>\n<p>&#8211; Renforcement de la confiance en soi<\/p>\n<p>&#8211; Protection \u00e9nerg\u00e9tique<\/p>\n<p>\ud83d\udc9a Laissez la magie du jade vous envelopper et ajoutez une touche de m\u00e9lodie \u00e0 vos journ\u00e9es.<\/p>\n<p>&nbsp;<\/p>\n<p><span style=\"font-family: var(--global-body-font-family);\">\u00a0<\/span><\/p>\n","protected":false},"excerpt":{"rendered":"<p>D\u00e9couvrez la beaut\u00e9 intemporelle de ce bracelet unique, fait de perles en jade de Chine et sublim\u00e9 par un pendentif en forme de cl\u00e9 de sol \ud83c\udfb6. Le jade de Chine est reconnu pour ses propri\u00e9t\u00e9s apaisantes et \u00e9quilibrantes. Il favorise la s\u00e9r\u00e9nit\u00e9 int\u00e9rieure, attire la chance et aide \u00e0 l\u2019harmonisation des \u00e9nergies. Associ\u00e9 \u00e0&#8230;<\/p>\n","protected":false},"featured_media":9807,"comment_status":"open","ping_status":"closed","template":"","meta":{"_kadence_starter_templates_imported_post":false,"_kad_post_transparent":"default","_kad_post_title":"","_kad_post_layout":"default","_kad_post_sidebar_id":"","_kad_post_content_style":"default","_kad_post_vertical_padding":"default","_kad_post_feature":"","_kad_post_feature_position":"","_kad_post_header":false,"_kad_post_footer":false,"_kad_post_classname":""},"product_brand":[],"product_cat":[20],"product_tag":[],"class_list":{"0":"post-8910","1":"product","2":"type-product","3":"status-publish","4":"has-post-thumbnail","6":"product_cat-bracelet","8":"first","9":"instock","10":"sale","11":"taxable","12":"shipping-taxable","13":"purchasable","14":"product-type-simple","15":"entry","16":"content-bg","17":"loop-entry"},"jetpack_sharing_enabled":true,"_links":{"self":[{"href":"https:\/\/couleurs-chakras.com\/index.php\/wp-json\/wp\/v2\/product\/8910","targetHints":{"allow":["GET"]}}],"collection":[{"href":"https:\/\/couleurs-chakras.com\/index.php\/wp-json\/wp\/v2\/product"}],"about":[{"href":"https:\/\/couleurs-chakras.com\/index.php\/wp-json\/wp\/v2\/types\/product"}],"replies":[{"embeddable":true,"href":"https:\/\/couleurs-chakras.com\/index.php\/wp-json\/wp\/v2\/comments?post=8910"}],"wp:featuredmedia":[{"embeddable":true,"href":"https:\/\/couleurs-chakras.com\/index.php\/wp-json\/wp\/v2\/media\/9807"}],"wp:attachment":[{"href":"https:\/\/couleurs-chakras.com\/index.php\/wp-json\/wp\/v2\/media?parent=8910"}],"wp:term":[{"taxonomy":"product_brand","embeddable":true,"href":"https:\/\/couleurs-chakras.com\/index.php\/wp-json\/wp\/v2\/product_brand?post=8910"},{"taxonomy":"product_cat","embeddable":true,"href":"https:\/\/couleurs-chakras.com\/index.php\/wp-json\/wp\/v2\/product_cat?post=8910"},{"taxonomy":"product_tag","embeddable":true,"href":"https:\/\/couleurs-chakras.com\/index.php\/wp-json\/wp\/v2\/product_tag?post=8910"}],"curies":[{"name":"wp","href":"https:\/\/api.w.org\/{rel}","templated":true}]}}