{"id":8737,"date":"2024-07-07T05:06:36","date_gmt":"2024-07-07T03:06:36","guid":{"rendered":"https:\/\/couleurs-chakras.com\/?post_type=product&#038;p=8737"},"modified":"2026-02-27T21:14:53","modified_gmt":"2026-02-27T20:14:53","slug":"bougie-avec-veritable-cristal-senteur-envoutement","status":"publish","type":"product","link":"https:\/\/couleurs-chakras.com\/index.php\/product\/bougie-avec-veritable-cristal-senteur-envoutement\/","title":{"rendered":"Bougie avec veritable cristal senteur Envoutement"},"content":{"rendered":"<blockquote><p><span style=\"font-family: var(--global-body-font-family);\">Bougies artisanales d\u00e9licatement parfum\u00e9es au parfum Envo\u00fbtement, chacune infus\u00e9e avec un cristal mystique pour harmoniser votre \u00e9nergie.\u00a0<\/span><\/p><\/blockquote>\n<p>\ud83d\udd2e **Les Bienfaits :**<\/p>\n<p>&#8211; **Cristaux** : Chaque bougie contient un cristal puissant qui amplifie les vibrations positives et aide \u00e0 \u00e9quilibrer votre \u00e9nergie.<\/p>\n<p>&#8211; **Parfum Envo\u00fbtement** : Ce parfum envo\u00fbtant est parfait pour la m\u00e9ditation, la relaxation et la purification de l&rsquo;esprit. Un parfum f\u00e9minin et sensuel<\/p>\n<p>\ud83c\udf1f **Pourquoi choisir ces bougies ?**<\/p>\n<p>&#8211; **Artisanal** : Fait main avec amour et soin.<\/p>\n<p>&#8211; **\u00c9nergisant** : Les cristaux ajoutent une dimension spirituelle unique \u00e0 chaque bougie.<\/p>\n<p>&#8211; **\u00c9l\u00e9gant** : Les contenants aux couleurs marbr\u00e9es apportent une touche esth\u00e9tique \u00e0 votre espace.<\/p>\n<p>\ud83c\udf38 **Comment les utiliser ?**<\/p>\n<p>Allumez la bougie lors de vos s\u00e9ances de m\u00e9ditation, pendant vos moments de d\u00e9tente ou simplement pour purifier et embellir votre int\u00e9rieur. Lorsque la cire fond, le cristal se r\u00e9v\u00e8le, apportant une surprise magique et une \u00e9nergie renouvel\u00e9e.<\/p>\n<p>N&rsquo;attendez plus pour transformer votre espace avec ces bougies en \u00e9dition limit\u00e9e.<\/p>\n<p>Laissez-vous envo\u00fbter par leur parfum et les bienfaits des cristaux.<\/p>\n<p>\u2728 Couleur de la bougie au choix,\u00a0 Couleurs Chakras s&rsquo;engage \u00e0 vous contacter pour le choix de la teinte d\u00e9sir\u00e9e<\/p>\n","protected":false},"excerpt":{"rendered":"<p>Bougies artisanales d\u00e9licatement parfum\u00e9es au parfum Envo\u00fbtement, chacune infus\u00e9e avec un cristal mystique pour harmoniser votre \u00e9nergie.\u00a0 \ud83d\udd2e **Les Bienfaits :** &#8211; **Cristaux** : Chaque bougie contient un cristal puissant qui amplifie les vibrations positives et aide \u00e0 \u00e9quilibrer votre \u00e9nergie. &#8211; **Parfum Envo\u00fbtement** : Ce parfum envo\u00fbtant est parfait pour la m\u00e9ditation, la relaxation&#8230;<\/p>\n","protected":false},"featured_media":8738,"comment_status":"open","ping_status":"closed","template":"","meta":{"_kadence_starter_templates_imported_post":false,"_kad_post_transparent":"default","_kad_post_title":"","_kad_post_layout":"default","_kad_post_sidebar_id":"","_kad_post_content_style":"default","_kad_post_vertical_padding":"default","_kad_post_feature":"","_kad_post_feature_position":"","_kad_post_header":false,"_kad_post_footer":false,"_kad_post_classname":""},"product_brand":[],"product_cat":[60],"product_tag":[],"class_list":{"0":"post-8737","1":"product","2":"type-product","3":"status-publish","4":"has-post-thumbnail","6":"product_cat-accessoires","8":"first","9":"instock","10":"sale","11":"taxable","12":"shipping-taxable","13":"purchasable","14":"product-type-simple","15":"entry","16":"content-bg","17":"loop-entry"},"jetpack_sharing_enabled":true,"_links":{"self":[{"href":"https:\/\/couleurs-chakras.com\/index.php\/wp-json\/wp\/v2\/product\/8737","targetHints":{"allow":["GET"]}}],"collection":[{"href":"https:\/\/couleurs-chakras.com\/index.php\/wp-json\/wp\/v2\/product"}],"about":[{"href":"https:\/\/couleurs-chakras.com\/index.php\/wp-json\/wp\/v2\/types\/product"}],"replies":[{"embeddable":true,"href":"https:\/\/couleurs-chakras.com\/index.php\/wp-json\/wp\/v2\/comments?post=8737"}],"wp:featuredmedia":[{"embeddable":true,"href":"https:\/\/couleurs-chakras.com\/index.php\/wp-json\/wp\/v2\/media\/8738"}],"wp:attachment":[{"href":"https:\/\/couleurs-chakras.com\/index.php\/wp-json\/wp\/v2\/media?parent=8737"}],"wp:term":[{"taxonomy":"product_brand","embeddable":true,"href":"https:\/\/couleurs-chakras.com\/index.php\/wp-json\/wp\/v2\/product_brand?post=8737"},{"taxonomy":"product_cat","embeddable":true,"href":"https:\/\/couleurs-chakras.com\/index.php\/wp-json\/wp\/v2\/product_cat?post=8737"},{"taxonomy":"product_tag","embeddable":true,"href":"https:\/\/couleurs-chakras.com\/index.php\/wp-json\/wp\/v2\/product_tag?post=8737"}],"curies":[{"name":"wp","href":"https:\/\/api.w.org\/{rel}","templated":true}]}}