{"id":8674,"date":"2023-08-12T05:20:24","date_gmt":"2023-08-12T03:20:24","guid":{"rendered":"https:\/\/couleurs-chakras.com\/?post_type=product&#038;p=8674"},"modified":"2026-03-12T16:46:24","modified_gmt":"2026-03-12T15:46:24","slug":"le-bracelet-le-divin-feminin","status":"publish","type":"product","link":"https:\/\/couleurs-chakras.com\/index.php\/product\/le-bracelet-le-divin-feminin\/","title":{"rendered":"Le bracelet Le Divin F\u00e9minin"},"content":{"rendered":"<p>Vous souhaitez r\u00e9veiller la D\u00e9esse qui sommeille en vous ? Vous souhaitez devenir une femme forte et confiance qui inspire et \u00e9l\u00e8ve ceux qui l&rsquo;entourent ?<\/p>\n<p>Alors ce bracelet est fait pour vous\u00a0<span class=\"_5mfr\"><span class=\"_6qdm\">\u2728\ufe0f<\/span><\/span><span class=\"_5mfr\"><span class=\"_6qdm\">\u2728\ufe0f<\/span><\/span><span class=\"_5mfr\"><span class=\"_6qdm\">\u2728\ufe0f<\/span><\/span><\/p>\n<p>Lumineux et bienveillant, ce bijou vous invitera \u00e0 explorer et \u00e0 c\u00e9l\u00e9brer votre f\u00e9minin sacr\u00e9. Gr\u00e2ce \u00e0 lui, vous vous reconnecterez \u00e0 votre intuition, \u00e0 votre sagesse int\u00e9rieure et \u00e0 votre pouvoir de cr\u00e9ation.<\/p>\n<p>En le portant chaque jour, vous vous sentirez de plus en plus en harmonie avec votre essence f\u00e9minine profonde et vous assumerez enfin pleinement qui vous \u00eates.<\/p>\n<p>Ainsi, vous lib\u00e9rerez votre plein potentiel et rayonnerez d&rsquo;une force int\u00e9rieure qui illuminera votre chemin&#8230; et celui des autres.<\/p>\n","protected":false},"excerpt":{"rendered":"<p>Vous souhaitez r\u00e9veiller la D\u00e9esse qui sommeille en vous ? Vous souhaitez devenir une femme forte et confiance qui inspire et \u00e9l\u00e8ve ceux qui l&rsquo;entourent ? Alors ce bracelet est fait pour vous\u00a0\u2728\ufe0f\u2728\ufe0f\u2728\ufe0f Lumineux et bienveillant, ce bijou vous invitera \u00e0 explorer et \u00e0 c\u00e9l\u00e9brer votre f\u00e9minin sacr\u00e9. Gr\u00e2ce \u00e0 lui, vous vous reconnecterez \u00e0&#8230;<\/p>\n","protected":false},"featured_media":9823,"comment_status":"open","ping_status":"closed","template":"","meta":{"_kadence_starter_templates_imported_post":false,"_kad_post_transparent":"default","_kad_post_title":"","_kad_post_layout":"default","_kad_post_sidebar_id":"","_kad_post_content_style":"default","_kad_post_vertical_padding":"default","_kad_post_feature":"","_kad_post_feature_position":"","_kad_post_header":false,"_kad_post_footer":false,"_kad_post_classname":""},"product_brand":[],"product_cat":[20],"product_tag":[],"class_list":{"0":"post-8674","1":"product","2":"type-product","3":"status-publish","4":"has-post-thumbnail","6":"product_cat-bracelet","8":"first","9":"instock","10":"sale","11":"taxable","12":"shipping-taxable","13":"purchasable","14":"product-type-simple","15":"entry","16":"content-bg","17":"loop-entry"},"jetpack_sharing_enabled":true,"_links":{"self":[{"href":"https:\/\/couleurs-chakras.com\/index.php\/wp-json\/wp\/v2\/product\/8674","targetHints":{"allow":["GET"]}}],"collection":[{"href":"https:\/\/couleurs-chakras.com\/index.php\/wp-json\/wp\/v2\/product"}],"about":[{"href":"https:\/\/couleurs-chakras.com\/index.php\/wp-json\/wp\/v2\/types\/product"}],"replies":[{"embeddable":true,"href":"https:\/\/couleurs-chakras.com\/index.php\/wp-json\/wp\/v2\/comments?post=8674"}],"wp:featuredmedia":[{"embeddable":true,"href":"https:\/\/couleurs-chakras.com\/index.php\/wp-json\/wp\/v2\/media\/9823"}],"wp:attachment":[{"href":"https:\/\/couleurs-chakras.com\/index.php\/wp-json\/wp\/v2\/media?parent=8674"}],"wp:term":[{"taxonomy":"product_brand","embeddable":true,"href":"https:\/\/couleurs-chakras.com\/index.php\/wp-json\/wp\/v2\/product_brand?post=8674"},{"taxonomy":"product_cat","embeddable":true,"href":"https:\/\/couleurs-chakras.com\/index.php\/wp-json\/wp\/v2\/product_cat?post=8674"},{"taxonomy":"product_tag","embeddable":true,"href":"https:\/\/couleurs-chakras.com\/index.php\/wp-json\/wp\/v2\/product_tag?post=8674"}],"curies":[{"name":"wp","href":"https:\/\/api.w.org\/{rel}","templated":true}]}}