{"id":8673,"date":"2023-08-12T05:19:08","date_gmt":"2023-08-12T03:19:08","guid":{"rendered":"https:\/\/couleurs-chakras.com\/?post_type=product&#038;p=8673"},"modified":"2026-03-02T22:09:09","modified_gmt":"2026-03-02T21:09:09","slug":"la-geode-cristal-de-roche","status":"publish","type":"product","link":"https:\/\/couleurs-chakras.com\/index.php\/product\/la-geode-cristal-de-roche\/","title":{"rendered":"La g\u00e9ode Cristal de Roche 2pc"},"content":{"rendered":"<p>La g\u00e9ode cristal de roche est le symbole de la sagesse naturelle. Elle incarne la s\u00e9r\u00e9nit\u00e9.<br \/>\nLa pierre propage des \u00e9nergies pures et d\u00e9truit les \u00e9nergies n\u00e9gatives. Elle \u00e9loigne les mauvaises ondes et \u00e9rige un rempart antiradiation autour de son utilisateur, bloquant les \u00e9nergies \u00e9motionnelles envahissantes.<\/p>\n<p><span class=\"_5mfr\"><span class=\"_6qdm\">\u25ab\ufe0f<\/span><\/span><span class=\"_5mfr\"><span class=\"_6qdm\">\u25fd\ufe0f<\/span><\/span>\u00a0<span class=\"_5mfr\"><span class=\"_6qdm\">\u25fb\ufe0f<\/span><\/span>\u00a0\ud835\udc7d\u00e9\ud835\udc93\ud835\udc8a\ud835\udc95\ud835\udc82\ud835\udc83\ud835\udc8d\ud835\udc86 \ud835\udc82\ud835\udc8a\ud835\udc8e\ud835\udc82\ud835\udc8f\ud835\udc95 \u00e0 \u00e9\ud835\udc8f\ud835\udc86\ud835\udc93\ud835\udc88\ud835\udc8a\ud835\udc86\ud835\udc94 \ud835\udc91\ud835\udc90\ud835\udc94\ud835\udc8a\ud835\udc95\ud835\udc8a\ud835\udc97\ud835\udc86\ud835\udc94,<br \/>\n\ud835\udc8d\ud835\udc82 \ud835\udc91\ud835\udc8a\ud835\udc86\ud835\udc93\ud835\udc93\ud835\udc86 \ud835\udc85\u00e9\ud835\udc97\ud835\udc86\ud835\udc8d\ud835\udc90\ud835\udc91\ud835\udc91\ud835\udc86 \ud835\udc97\ud835\udc90\ud835\udc95\ud835\udc93\ud835\udc86 \ud835\udc87\ud835\udc90\ud835\udc93\ud835\udc84\ud835\udc86 \ud835\udc8a\ud835\udc8f\ud835\udc95\u00e9\ud835\udc93\ud835\udc8a\ud835\udc86\ud835\udc96\ud835\udc93\ud835\udc86<span class=\"_5mfr\"><span class=\"_6qdm\">\u25ab\ufe0f<\/span><\/span><span class=\"_5mfr\"><span class=\"_6qdm\">\u25fd\ufe0f<\/span><\/span><span class=\"_5mfr\"><span class=\"_6qdm\">\u25fb\ufe0f<\/span><\/span><\/p>\n<p><span class=\"_5mfr\"><span class=\"_6qdm\">\ud83d\udd2e<\/span><\/span>Qu&rsquo;est-ce qu&rsquo;une g\u00e9ode de cristal de roche ?<\/p>\n<p>Elles sont con\u00e7ues pour recharger et purifier les pierres et min\u00e9raux afin de leur redonner leurs propri\u00e9t\u00e9s et leurs bienfaits. Elles sont tr\u00e8s pratiques et faciles \u00e0 utiliser\u00a0<span class=\"_5mfr\"><span class=\"_6qdm\">\ud83d\udcae<\/span><\/span><\/p>\n<p><span class=\"_5mfr\"><span class=\"_6qdm\">\ud83d\udd2e<\/span><\/span>O\u00f9 placer une g\u00e9ode de cristal de roche ?<\/p>\n<p>Dans la pi\u00e8ce \u00e0 vivre et le salon<br \/>\nIl sera n\u00e9cessaire de placer la G\u00e9ode de Cristal de Roche dans une pi\u00e8ce tr\u00e8s ensoleill\u00e9e pour renforcer ses vibrations positives<span class=\"_5mfr\"><span class=\"_6qdm\">\ud83d\ude4f<\/span><\/span><\/p>\n","protected":false},"excerpt":{"rendered":"<p>La g\u00e9ode cristal de roche est le symbole de la sagesse naturelle. Elle incarne la s\u00e9r\u00e9nit\u00e9. La pierre propage des \u00e9nergies pures et d\u00e9truit les \u00e9nergies n\u00e9gatives. Elle \u00e9loigne les mauvaises ondes et \u00e9rige un rempart antiradiation autour de son utilisateur, bloquant les \u00e9nergies \u00e9motionnelles envahissantes. \u25ab\ufe0f\u25fd\ufe0f\u00a0\u25fb\ufe0f\u00a0\ud835\udc7d\u00e9\ud835\udc93\ud835\udc8a\ud835\udc95\ud835\udc82\ud835\udc83\ud835\udc8d\ud835\udc86 \ud835\udc82\ud835\udc8a\ud835\udc8e\ud835\udc82\ud835\udc8f\ud835\udc95 \u00e0 \u00e9\ud835\udc8f\ud835\udc86\ud835\udc93\ud835\udc88\ud835\udc8a\ud835\udc86\ud835\udc94 \ud835\udc91\ud835\udc90\ud835\udc94\ud835\udc8a\ud835\udc95\ud835\udc8a\ud835\udc97\ud835\udc86\ud835\udc94, \ud835\udc8d\ud835\udc82 \ud835\udc91\ud835\udc8a\ud835\udc86\ud835\udc93\ud835\udc93\ud835\udc86 \ud835\udc85\u00e9\ud835\udc97\ud835\udc86\ud835\udc8d\ud835\udc90\ud835\udc91\ud835\udc91\ud835\udc86 \ud835\udc97\ud835\udc90\ud835\udc95\ud835\udc93\ud835\udc86&#8230;<\/p>\n","protected":false},"featured_media":9294,"comment_status":"open","ping_status":"closed","template":"","meta":{"_kadence_starter_templates_imported_post":false,"_kad_post_transparent":"default","_kad_post_title":"","_kad_post_layout":"default","_kad_post_sidebar_id":"","_kad_post_content_style":"default","_kad_post_vertical_padding":"default","_kad_post_feature":"","_kad_post_feature_position":"","_kad_post_header":false,"_kad_post_footer":false,"_kad_post_classname":""},"product_brand":[],"product_cat":[70,60],"product_tag":[],"class_list":{"0":"post-8673","1":"product","2":"type-product","3":"status-publish","4":"has-post-thumbnail","6":"product_cat-pierres","7":"product_cat-accessoires","9":"first","10":"instock","11":"sale","12":"taxable","13":"shipping-taxable","14":"purchasable","15":"product-type-simple","16":"entry","17":"content-bg","18":"loop-entry"},"jetpack_sharing_enabled":true,"_links":{"self":[{"href":"https:\/\/couleurs-chakras.com\/index.php\/wp-json\/wp\/v2\/product\/8673","targetHints":{"allow":["GET"]}}],"collection":[{"href":"https:\/\/couleurs-chakras.com\/index.php\/wp-json\/wp\/v2\/product"}],"about":[{"href":"https:\/\/couleurs-chakras.com\/index.php\/wp-json\/wp\/v2\/types\/product"}],"replies":[{"embeddable":true,"href":"https:\/\/couleurs-chakras.com\/index.php\/wp-json\/wp\/v2\/comments?post=8673"}],"wp:featuredmedia":[{"embeddable":true,"href":"https:\/\/couleurs-chakras.com\/index.php\/wp-json\/wp\/v2\/media\/9294"}],"wp:attachment":[{"href":"https:\/\/couleurs-chakras.com\/index.php\/wp-json\/wp\/v2\/media?parent=8673"}],"wp:term":[{"taxonomy":"product_brand","embeddable":true,"href":"https:\/\/couleurs-chakras.com\/index.php\/wp-json\/wp\/v2\/product_brand?post=8673"},{"taxonomy":"product_cat","embeddable":true,"href":"https:\/\/couleurs-chakras.com\/index.php\/wp-json\/wp\/v2\/product_cat?post=8673"},{"taxonomy":"product_tag","embeddable":true,"href":"https:\/\/couleurs-chakras.com\/index.php\/wp-json\/wp\/v2\/product_tag?post=8673"}],"curies":[{"name":"wp","href":"https:\/\/api.w.org\/{rel}","templated":true}]}}