{"id":8672,"date":"2023-08-12T05:17:06","date_gmt":"2023-08-12T03:17:06","guid":{"rendered":"https:\/\/couleurs-chakras.com\/?post_type=product&#038;p=8672"},"modified":"2026-03-02T22:12:52","modified_gmt":"2026-03-02T21:12:52","slug":"shungite","status":"publish","type":"product","link":"https:\/\/couleurs-chakras.com\/index.php\/product\/shungite\/","title":{"rendered":"Shungite"},"content":{"rendered":"<p>Si vous \u00eates du genre scotch\u00e9e \u00e0 votre\u00a0<a class=\"_5ayv _qdx\" href=\"https:\/\/m.facebook.com\/hashtag\/smartphone?eav=AfbMTRjyUBuquP5CIEOVOXTD92t67kzdik75oPKlexBiz1cFjbRJkFt09NbtBXoxxW8&amp;paipv=0&amp;__tn__=R\"><span class=\"_5aw4 _qdz\">#<\/span><span class=\"_5ayu\">smartphone<\/span><\/a>, sachez qu&rsquo;une pierre en shungite vous prot\u00e8gera aussi contre les #radiations nocives des \u00e9crans.<\/p>\n<p>Cette pierre prot\u00e8ge en fait contre de nombreuses menaces telles que les\u00a0<a class=\"_5ayv _qdx\" href=\"https:\/\/m.facebook.com\/hashtag\/r%C3%A9seaux?eav=AfaOfekD3bhbwQWr973aLH1a-s2ZCiF1zNgNy9CnGTqKFD2_svP0WfjPLKDnn336umI&amp;paipv=0&amp;__tn__=R\"><span class=\"_5aw4 _qdz\">#<\/span><span class=\"_5ayu\">r\u00e9seaux<\/span><\/a>\u00a04G, 5G, Wi-FI, et les\u00a0<a class=\"_5ayv _qdx\" href=\"https:\/\/m.facebook.com\/hashtag\/radiations?eav=AfYpXNc-0UPx9bFrtQSGHkpD05tpJQnBsGcfaj2jyGDZulLre-LCGblBe6KzA4O-En0&amp;paipv=0&amp;__tn__=R\"><span class=\"_5aw4 _qdz\">#<\/span><span class=\"_5ayu\">radiations<\/span><\/a>\u00a0\u00e9mises par les\u00a0<a class=\"_5ayv _qdx\" href=\"https:\/\/m.facebook.com\/hashtag\/antennes?eav=AfYRPndVzt3x0gJK_JqagadoGAuLePFZU97D3BsrXJFNtze4DJ_BfCNp8pQQV9docU4&amp;paipv=0&amp;__tn__=R\"><span class=\"_5aw4 _qdz\">#<\/span><span class=\"_5ayu\">antennes<\/span><\/a>\u00a0\u00e9lectriques.<\/p>\n<p>Ce faisant, elle pr\u00e9munit contre les troubles li\u00e9s \u00e0 ces radiations comme les\u00a0<a class=\"_5ayv _qdx\" href=\"https:\/\/m.facebook.com\/hashtag\/maux?eav=Afa3A9YVvqCgVjLltGT_nDfrqXoEoMLRzM6fQAZ6lD_WkQOl6SBm4gsnAesaBl0uIMA&amp;paipv=0&amp;__tn__=R\"><span class=\"_5aw4 _qdz\">#<\/span><span class=\"_5ayu\">maux<\/span><\/a>\u00a0de t\u00eate, la\u00a0<a class=\"_5ayv _qdx\" href=\"https:\/\/m.facebook.com\/hashtag\/fatigue?eav=Afatq_dw4b46mqAu3Cflvf8UdgRksSNz6OsIhteYF5uM-xP_jJ5EzxF34VNIhwWmdYI&amp;paipv=0&amp;__tn__=R\"><span class=\"_5aw4 _qdz\">#<\/span><span class=\"_5ayu\">fatigue<\/span><\/a>, les difficult\u00e9s de\u00a0<a class=\"_5ayv _qdx\" href=\"https:\/\/m.facebook.com\/hashtag\/concentration?eav=Afbh_PFQqCrohygcwjOabSXoSTwujfpW4yRYahyKpGbLUaxjk5v90TEVwGjUy1DNT-I&amp;paipv=0&amp;__tn__=R\"><span class=\"_5aw4 _qdz\">#<\/span><span class=\"_5ayu\">concentration<\/span><\/a>, ou encore les probl\u00e8mes d&rsquo;infertilit\u00e9.<\/p>\n<p>Munissez vous de votre pierre en shungite, et posez la sur votre box internet ou tout appareil \u00e9lectronique pour vous pr\u00e9munir contre ses \u00e9missions n\u00e9fastes.<\/p>\n<p>\ud835\uddd6\ud835\uddfc\ud835\uddfb\ud835\ude00\ud835\uddf2\ud835\uddf6\ud835\uddf9 +:<\/p>\n<p>Vous pouvez \u00e9galement le porter sur vous, par exemple dans votre poche : la shungite cr\u00e9era un puissant bouclier autour de vous pour \u00e9loigner toutes les menaces ext\u00e9rieures.<\/p>\n","protected":false},"excerpt":{"rendered":"<p>Si vous \u00eates du genre scotch\u00e9e \u00e0 votre\u00a0#smartphone, sachez qu&rsquo;une pierre en shungite vous prot\u00e8gera aussi contre les #radiations nocives des \u00e9crans. Cette pierre prot\u00e8ge en fait contre de nombreuses menaces telles que les\u00a0#r\u00e9seaux\u00a04G, 5G, Wi-FI, et les\u00a0#radiations\u00a0\u00e9mises par les\u00a0#antennes\u00a0\u00e9lectriques. Ce faisant, elle pr\u00e9munit contre les troubles li\u00e9s \u00e0 ces radiations comme les\u00a0#maux\u00a0de t\u00eate, la\u00a0#fatigue,&#8230;<\/p>\n","protected":false},"featured_media":9295,"comment_status":"open","ping_status":"closed","template":"","meta":{"_kadence_starter_templates_imported_post":false,"_kad_post_transparent":"default","_kad_post_title":"","_kad_post_layout":"default","_kad_post_sidebar_id":"","_kad_post_content_style":"default","_kad_post_vertical_padding":"default","_kad_post_feature":"","_kad_post_feature_position":"","_kad_post_header":false,"_kad_post_footer":false,"_kad_post_classname":""},"product_brand":[],"product_cat":[70,60],"product_tag":[],"class_list":{"0":"post-8672","1":"product","2":"type-product","3":"status-publish","4":"has-post-thumbnail","6":"product_cat-pierres","7":"product_cat-accessoires","9":"first","10":"instock","11":"taxable","12":"shipping-taxable","13":"purchasable","14":"product-type-simple","15":"entry","16":"content-bg","17":"loop-entry"},"jetpack_sharing_enabled":true,"_links":{"self":[{"href":"https:\/\/couleurs-chakras.com\/index.php\/wp-json\/wp\/v2\/product\/8672","targetHints":{"allow":["GET"]}}],"collection":[{"href":"https:\/\/couleurs-chakras.com\/index.php\/wp-json\/wp\/v2\/product"}],"about":[{"href":"https:\/\/couleurs-chakras.com\/index.php\/wp-json\/wp\/v2\/types\/product"}],"replies":[{"embeddable":true,"href":"https:\/\/couleurs-chakras.com\/index.php\/wp-json\/wp\/v2\/comments?post=8672"}],"wp:featuredmedia":[{"embeddable":true,"href":"https:\/\/couleurs-chakras.com\/index.php\/wp-json\/wp\/v2\/media\/9295"}],"wp:attachment":[{"href":"https:\/\/couleurs-chakras.com\/index.php\/wp-json\/wp\/v2\/media?parent=8672"}],"wp:term":[{"taxonomy":"product_brand","embeddable":true,"href":"https:\/\/couleurs-chakras.com\/index.php\/wp-json\/wp\/v2\/product_brand?post=8672"},{"taxonomy":"product_cat","embeddable":true,"href":"https:\/\/couleurs-chakras.com\/index.php\/wp-json\/wp\/v2\/product_cat?post=8672"},{"taxonomy":"product_tag","embeddable":true,"href":"https:\/\/couleurs-chakras.com\/index.php\/wp-json\/wp\/v2\/product_tag?post=8672"}],"curies":[{"name":"wp","href":"https:\/\/api.w.org\/{rel}","templated":true}]}}