{"id":8669,"date":"2023-08-12T05:15:31","date_gmt":"2023-08-12T03:15:31","guid":{"rendered":"https:\/\/couleurs-chakras.com\/?post_type=product&#038;p=8669"},"modified":"2026-03-02T22:07:33","modified_gmt":"2026-03-02T21:07:33","slug":"double-rouleau-de-massage-en-obsidienne-noir","status":"publish","type":"product","link":"https:\/\/couleurs-chakras.com\/index.php\/product\/double-rouleau-de-massage-en-obsidienne-noir\/","title":{"rendered":"Double rouleau de massage en Obsidienne Noir"},"content":{"rendered":"<p><span class=\"_5mfr\"><span class=\"_6qdm\">\ud83d\udda4<\/span><\/span>Qu&rsquo;est-ce qu&rsquo;un rouleau de massage, \u00e0 quoi sert-il et comment l&rsquo;utiliser?<\/p>\n<p>Un rouleau de massage est un instrument en pierre naturelle compos\u00e9 d&rsquo;un manche et de deux (parfois un seul) rouleaux de diff\u00e9rentes tailles qu&rsquo;on va venir appliquer sur le visage. Il a plusieurs b\u00e9n\u00e9fices:<\/p>\n<p>&#8211; Il resserre les pores gr\u00e2ce \u00e0 la fra\u00eecheur de sa pierre<br \/>\n&#8211; Il stimule la circulation lymphatique et sanguine gr\u00e2ce au mouvement du rouleau<br \/>\n&#8211; Il att\u00e9nue les cernes et les poches sous les yeux<br \/>\n&#8211; Il lisse et repulpe les rides et ridules<br \/>\n&#8211; Il am\u00e9liore l\u2019\u00e9lasticit\u00e9 de la peau<br \/>\n&#8211; Il boost l\u2019\u00e9clat de la peau et rend le teint plus lumineux<\/p>\n<p>Le rouleau de massage ne s\u2019utilise pas seul. Pour un r\u00e9sultat optimal, on s\u2019en sert matin et soir en compl\u00e9ment d\u2019un soin hydratant, dont il renforce l\u2019action. Le bon geste : commencer par le contour des yeux puis s\u2019attaquer au reste du visage en effectuant des mouvements de lissage de bas en haut, du cou jusqu\u2019au front, et de l\u2019int\u00e9rieur vers l\u2019ext\u00e9rieur. On r\u00e9p\u00e8te le geste plusieurs fois, pendant 5 \u00e0 10 minutes.<\/p>\n<p><span class=\"_5mfr\"><span class=\"_6qdm\">\ud83d\udda4<\/span><\/span>\u00a0l&rsquo;Obsidienne Noire :<\/p>\n<p>L&rsquo;Obsidienne est l&rsquo;une des pierres les plus puissantes en Lithoth\u00e9rapie. C&rsquo;est l&rsquo;une des meilleures pierres de protection, qui agit rapidement et avec beaucoup de force. Elle permet de se prot\u00e9ger contre les \u00e9nergies n\u00e9gatives en agissant comme un bouclier.<\/p>\n<p>Sur le plan psychologique, elle apporte une \u00e9nergie tr\u00e8s importante qui permet pour celui qui la porte de retrouver la paix int\u00e9rieure et le calme de l\u2019\u00e2me. Combin\u00e9e avec une Labradorite cela procure le plus grand et le meilleur des boucliers contre les \u00e9nergies n\u00e9gatives.<\/p>\n<p>L&rsquo;Obsidienne vous aidera \u00e0 vous reconnecter avec vous m\u00eame et \u00e0 votre propre identit\u00e9 et \u00e0 assumer vos choix personnels. Elle augmentera \u00e9galement votre concentration pour vous permettre d&rsquo;atteindre vos objectifs.<\/p>\n","protected":false},"excerpt":{"rendered":"<p>\ud83d\udda4Qu&rsquo;est-ce qu&rsquo;un rouleau de massage, \u00e0 quoi sert-il et comment l&rsquo;utiliser? Un rouleau de massage est un instrument en pierre naturelle compos\u00e9 d&rsquo;un manche et de deux (parfois un seul) rouleaux de diff\u00e9rentes tailles qu&rsquo;on va venir appliquer sur le visage. Il a plusieurs b\u00e9n\u00e9fices: &#8211; Il resserre les pores gr\u00e2ce \u00e0 la fra\u00eecheur de&#8230;<\/p>\n","protected":false},"featured_media":9293,"comment_status":"open","ping_status":"closed","template":"","meta":{"_kadence_starter_templates_imported_post":false,"_kad_post_transparent":"default","_kad_post_title":"","_kad_post_layout":"default","_kad_post_sidebar_id":"","_kad_post_content_style":"default","_kad_post_vertical_padding":"default","_kad_post_feature":"","_kad_post_feature_position":"","_kad_post_header":false,"_kad_post_footer":false,"_kad_post_classname":""},"product_brand":[],"product_cat":[60],"product_tag":[],"class_list":{"0":"post-8669","1":"product","2":"type-product","3":"status-publish","4":"has-post-thumbnail","6":"product_cat-accessoires","8":"first","9":"instock","10":"sale","11":"taxable","12":"shipping-taxable","13":"purchasable","14":"product-type-simple","15":"entry","16":"content-bg","17":"loop-entry"},"jetpack_sharing_enabled":true,"_links":{"self":[{"href":"https:\/\/couleurs-chakras.com\/index.php\/wp-json\/wp\/v2\/product\/8669","targetHints":{"allow":["GET"]}}],"collection":[{"href":"https:\/\/couleurs-chakras.com\/index.php\/wp-json\/wp\/v2\/product"}],"about":[{"href":"https:\/\/couleurs-chakras.com\/index.php\/wp-json\/wp\/v2\/types\/product"}],"replies":[{"embeddable":true,"href":"https:\/\/couleurs-chakras.com\/index.php\/wp-json\/wp\/v2\/comments?post=8669"}],"wp:featuredmedia":[{"embeddable":true,"href":"https:\/\/couleurs-chakras.com\/index.php\/wp-json\/wp\/v2\/media\/9293"}],"wp:attachment":[{"href":"https:\/\/couleurs-chakras.com\/index.php\/wp-json\/wp\/v2\/media?parent=8669"}],"wp:term":[{"taxonomy":"product_brand","embeddable":true,"href":"https:\/\/couleurs-chakras.com\/index.php\/wp-json\/wp\/v2\/product_brand?post=8669"},{"taxonomy":"product_cat","embeddable":true,"href":"https:\/\/couleurs-chakras.com\/index.php\/wp-json\/wp\/v2\/product_cat?post=8669"},{"taxonomy":"product_tag","embeddable":true,"href":"https:\/\/couleurs-chakras.com\/index.php\/wp-json\/wp\/v2\/product_tag?post=8669"}],"curies":[{"name":"wp","href":"https:\/\/api.w.org\/{rel}","templated":true}]}}