{"id":8663,"date":"2023-08-12T05:07:11","date_gmt":"2023-08-12T03:07:11","guid":{"rendered":"https:\/\/couleurs-chakras.com\/?post_type=product&#038;p=8663"},"modified":"2026-02-27T21:17:11","modified_gmt":"2026-02-27T20:17:11","slug":"pendentif-arbre-de-vie-en-pierres-naturelles","status":"publish","type":"product","link":"https:\/\/couleurs-chakras.com\/index.php\/product\/pendentif-arbre-de-vie-en-pierres-naturelles\/","title":{"rendered":"Pendentif Arbre de Vie en Pierres Naturelles* Labradorite"},"content":{"rendered":"<p>\u200cPr\u00eate \u00e0 rayonner ?<\/p>\n<p>\u2728 Ce collier Arbre de Vie n&rsquo;est pas qu&rsquo;un bijou, c&rsquo;est une connexion vibrante \u00e0 vos<\/p>\n<p>Succombez \u00e0 la labradorite<\/p>\n<p>Ces pendentifs d&rsquo;Arbre de Vie en pierres sont des bijoux id\u00e9aux pour assortir vos tenues.<br \/>\nVous aimez les bijoux en pierres naturelles ?<br \/>\nAjoutez ce charmant collier \u00e0 votre collection de bijoux.<br \/>\nIl fait un parfait cadeau pour n&rsquo;importe quelle occasion !<\/p>\n<p>Pour les bouddhistes et les hindouistes, l\u2019Arbre de vie repr\u00e9sente lien entre la terre et le ciel. La terre par ses racines, le ciel par ses branches qui se l\u00e8vent vers lui, ce qui est aussi le cas des 7 chakras que chacun de nous poss\u00e8de le long de la colonne vert\u00e9brale et qui sont eux aussi ce lien entre le ciel et la terre de par leur force \u00e9nerg\u00e9tique.<\/p>\n","protected":false},"excerpt":{"rendered":"<p>\u200cPr\u00eate \u00e0 rayonner ? \u2728 Ce collier Arbre de Vie n&rsquo;est pas qu&rsquo;un bijou, c&rsquo;est une connexion vibrante \u00e0 vos Succombez \u00e0 la labradorite Ces pendentifs d&rsquo;Arbre de Vie en pierres sont des bijoux id\u00e9aux pour assortir vos tenues. Vous aimez les bijoux en pierres naturelles ? Ajoutez ce charmant collier \u00e0 votre collection de&#8230;<\/p>\n","protected":false},"featured_media":9123,"comment_status":"open","ping_status":"closed","template":"","meta":{"_kadence_starter_templates_imported_post":false,"_kad_post_transparent":"default","_kad_post_title":"","_kad_post_layout":"default","_kad_post_sidebar_id":"","_kad_post_content_style":"default","_kad_post_vertical_padding":"default","_kad_post_feature":"","_kad_post_feature_position":"","_kad_post_header":false,"_kad_post_footer":false,"_kad_post_classname":""},"product_brand":[],"product_cat":[59,65],"product_tag":[],"class_list":{"0":"post-8663","1":"product","2":"type-product","3":"status-publish","4":"has-post-thumbnail","6":"product_cat-bijoux","7":"product_cat-pendentif","9":"first","10":"instock","11":"taxable","12":"shipping-taxable","13":"purchasable","14":"product-type-simple","15":"entry","16":"content-bg","17":"loop-entry"},"jetpack_sharing_enabled":true,"_links":{"self":[{"href":"https:\/\/couleurs-chakras.com\/index.php\/wp-json\/wp\/v2\/product\/8663","targetHints":{"allow":["GET"]}}],"collection":[{"href":"https:\/\/couleurs-chakras.com\/index.php\/wp-json\/wp\/v2\/product"}],"about":[{"href":"https:\/\/couleurs-chakras.com\/index.php\/wp-json\/wp\/v2\/types\/product"}],"replies":[{"embeddable":true,"href":"https:\/\/couleurs-chakras.com\/index.php\/wp-json\/wp\/v2\/comments?post=8663"}],"wp:featuredmedia":[{"embeddable":true,"href":"https:\/\/couleurs-chakras.com\/index.php\/wp-json\/wp\/v2\/media\/9123"}],"wp:attachment":[{"href":"https:\/\/couleurs-chakras.com\/index.php\/wp-json\/wp\/v2\/media?parent=8663"}],"wp:term":[{"taxonomy":"product_brand","embeddable":true,"href":"https:\/\/couleurs-chakras.com\/index.php\/wp-json\/wp\/v2\/product_brand?post=8663"},{"taxonomy":"product_cat","embeddable":true,"href":"https:\/\/couleurs-chakras.com\/index.php\/wp-json\/wp\/v2\/product_cat?post=8663"},{"taxonomy":"product_tag","embeddable":true,"href":"https:\/\/couleurs-chakras.com\/index.php\/wp-json\/wp\/v2\/product_tag?post=8663"}],"curies":[{"name":"wp","href":"https:\/\/api.w.org\/{rel}","templated":true}]}}