{"id":8384,"date":"2023-07-10T12:50:58","date_gmt":"2023-07-10T10:50:58","guid":{"rendered":"https:\/\/couleurs-chakras.com\/?post_type=product&#038;p=8384"},"modified":"2026-03-12T11:58:40","modified_gmt":"2026-03-12T10:58:40","slug":"galet-anti-stress-en-jaspe-rouge","status":"publish","type":"product","link":"https:\/\/couleurs-chakras.com\/index.php\/product\/galet-anti-stress-en-jaspe-rouge\/","title":{"rendered":"Galet anti-stress en Jaspe rouge"},"content":{"rendered":"<div dir=\"auto\">Vertus et bienfaits du Jaspe rouge en lithoth\u00e9rapie :<\/div>\n<div dir=\"auto\">En lithoth\u00e9rapie, la pierre jaspe est appel\u00e9 \u00ab Protecteur supr\u00eame \u00bb.<\/div>\n<div dir=\"auto\">C&rsquo;est une pierre d&rsquo;ancrage puissante, qui stimule et recharge en \u00e9nergie.<\/div>\n<div dir=\"auto\"><\/div>\n<div dir=\"auto\">Symbole stabilit\u00e9 et de d\u00e9termination, le jaspe rouge aide \u00e0 se r\u00e9concilier avec son corps et \u00e0 se faire confiance.<\/div>\n<div dir=\"auto\"><\/div>\n<div dir=\"auto\">Sa forme pouce \u00e9tudi\u00e9e pour d\u00e9tendre au creux de la pierre gr\u00e2ce aux mouvements du pouce sur la pierre.<\/div>\n","protected":false},"excerpt":{"rendered":"<p>Vertus et bienfaits du Jaspe rouge en lithoth\u00e9rapie : En lithoth\u00e9rapie, la pierre jaspe est appel\u00e9 \u00ab Protecteur supr\u00eame \u00bb. C&rsquo;est une pierre d&rsquo;ancrage puissante, qui stimule et recharge en \u00e9nergie. Symbole stabilit\u00e9 et de d\u00e9termination, le jaspe rouge aide \u00e0 se r\u00e9concilier avec son corps et \u00e0 se faire confiance. Sa forme pouce \u00e9tudi\u00e9e&#8230;<\/p>\n","protected":false},"featured_media":9820,"comment_status":"open","ping_status":"closed","template":"","meta":{"_kadence_starter_templates_imported_post":false,"_kad_post_transparent":"default","_kad_post_title":"","_kad_post_layout":"default","_kad_post_sidebar_id":"","_kad_post_content_style":"default","_kad_post_vertical_padding":"default","_kad_post_feature":"","_kad_post_feature_position":"","_kad_post_header":false,"_kad_post_footer":false,"_kad_post_classname":""},"product_brand":[],"product_cat":[70],"product_tag":[],"class_list":{"0":"post-8384","1":"product","2":"type-product","3":"status-publish","4":"has-post-thumbnail","6":"product_cat-pierres","8":"first","9":"instock","10":"taxable","11":"shipping-taxable","12":"purchasable","13":"product-type-simple","14":"entry","15":"content-bg","16":"loop-entry"},"jetpack_sharing_enabled":true,"_links":{"self":[{"href":"https:\/\/couleurs-chakras.com\/index.php\/wp-json\/wp\/v2\/product\/8384","targetHints":{"allow":["GET"]}}],"collection":[{"href":"https:\/\/couleurs-chakras.com\/index.php\/wp-json\/wp\/v2\/product"}],"about":[{"href":"https:\/\/couleurs-chakras.com\/index.php\/wp-json\/wp\/v2\/types\/product"}],"replies":[{"embeddable":true,"href":"https:\/\/couleurs-chakras.com\/index.php\/wp-json\/wp\/v2\/comments?post=8384"}],"wp:featuredmedia":[{"embeddable":true,"href":"https:\/\/couleurs-chakras.com\/index.php\/wp-json\/wp\/v2\/media\/9820"}],"wp:attachment":[{"href":"https:\/\/couleurs-chakras.com\/index.php\/wp-json\/wp\/v2\/media?parent=8384"}],"wp:term":[{"taxonomy":"product_brand","embeddable":true,"href":"https:\/\/couleurs-chakras.com\/index.php\/wp-json\/wp\/v2\/product_brand?post=8384"},{"taxonomy":"product_cat","embeddable":true,"href":"https:\/\/couleurs-chakras.com\/index.php\/wp-json\/wp\/v2\/product_cat?post=8384"},{"taxonomy":"product_tag","embeddable":true,"href":"https:\/\/couleurs-chakras.com\/index.php\/wp-json\/wp\/v2\/product_tag?post=8384"}],"curies":[{"name":"wp","href":"https:\/\/api.w.org\/{rel}","templated":true}]}}