{"id":8383,"date":"2023-07-10T12:49:26","date_gmt":"2023-07-10T10:49:26","guid":{"rendered":"https:\/\/couleurs-chakras.com\/?post_type=product&#038;p=8383"},"modified":"2026-03-12T12:00:57","modified_gmt":"2026-03-12T11:00:57","slug":"coeur-labradorite","status":"publish","type":"product","link":"https:\/\/couleurs-chakras.com\/index.php\/product\/coeur-labradorite\/","title":{"rendered":"C\u0153ur Labradorite A+ &#8211; 50 mm"},"content":{"rendered":"<div dir=\"auto\">Vertus et bienfaits de la pierre de Labradorite<\/div>\n<div dir=\"auto\">\u00e9quilibre le syst\u00e8me digestif.<\/div>\n<div dir=\"auto\">prot\u00e8ge des \u00e9nergies n\u00e9gatives.<\/div>\n<div dir=\"auto\">stimule le syst\u00e8me immunitaire.<\/div>\n<div dir=\"auto\">encourage l&rsquo;inspiration.<\/div>\n<div dir=\"auto\">r\u00e9gule les troubles hormonaux.<\/div>\n<div dir=\"auto\">r\u00e9duit les sentiments de stress et d&rsquo;angoisse.<\/div>\n<div dir=\"auto\">donne de l&rsquo;\u00e9nergie.<\/div>\n","protected":false},"excerpt":{"rendered":"<p>Vertus et bienfaits de la pierre de Labradorite \u00e9quilibre le syst\u00e8me digestif. prot\u00e8ge des \u00e9nergies n\u00e9gatives. stimule le syst\u00e8me immunitaire. encourage l&rsquo;inspiration. r\u00e9gule les troubles hormonaux. r\u00e9duit les sentiments de stress et d&rsquo;angoisse. donne de l&rsquo;\u00e9nergie.<\/p>\n","protected":false},"featured_media":9819,"comment_status":"open","ping_status":"closed","template":"","meta":{"_kadence_starter_templates_imported_post":false,"_kad_post_transparent":"default","_kad_post_title":"","_kad_post_layout":"default","_kad_post_sidebar_id":"","_kad_post_content_style":"default","_kad_post_vertical_padding":"default","_kad_post_feature":"","_kad_post_feature_position":"","_kad_post_header":false,"_kad_post_footer":false,"_kad_post_classname":""},"product_brand":[],"product_cat":[70],"product_tag":[],"class_list":{"0":"post-8383","1":"product","2":"type-product","3":"status-publish","4":"has-post-thumbnail","6":"product_cat-pierres","8":"first","9":"instock","10":"sale","11":"taxable","12":"shipping-taxable","13":"purchasable","14":"product-type-simple","15":"entry","16":"content-bg","17":"loop-entry"},"jetpack_sharing_enabled":true,"_links":{"self":[{"href":"https:\/\/couleurs-chakras.com\/index.php\/wp-json\/wp\/v2\/product\/8383","targetHints":{"allow":["GET"]}}],"collection":[{"href":"https:\/\/couleurs-chakras.com\/index.php\/wp-json\/wp\/v2\/product"}],"about":[{"href":"https:\/\/couleurs-chakras.com\/index.php\/wp-json\/wp\/v2\/types\/product"}],"replies":[{"embeddable":true,"href":"https:\/\/couleurs-chakras.com\/index.php\/wp-json\/wp\/v2\/comments?post=8383"}],"wp:featuredmedia":[{"embeddable":true,"href":"https:\/\/couleurs-chakras.com\/index.php\/wp-json\/wp\/v2\/media\/9819"}],"wp:attachment":[{"href":"https:\/\/couleurs-chakras.com\/index.php\/wp-json\/wp\/v2\/media?parent=8383"}],"wp:term":[{"taxonomy":"product_brand","embeddable":true,"href":"https:\/\/couleurs-chakras.com\/index.php\/wp-json\/wp\/v2\/product_brand?post=8383"},{"taxonomy":"product_cat","embeddable":true,"href":"https:\/\/couleurs-chakras.com\/index.php\/wp-json\/wp\/v2\/product_cat?post=8383"},{"taxonomy":"product_tag","embeddable":true,"href":"https:\/\/couleurs-chakras.com\/index.php\/wp-json\/wp\/v2\/product_tag?post=8383"}],"curies":[{"name":"wp","href":"https:\/\/api.w.org\/{rel}","templated":true}]}}