{"id":8381,"date":"2023-07-10T12:46:32","date_gmt":"2023-07-10T10:46:32","guid":{"rendered":"https:\/\/couleurs-chakras.com\/?post_type=product&#038;p=8381"},"modified":"2026-03-12T11:36:21","modified_gmt":"2026-03-12T10:36:21","slug":"collier-mala","status":"publish","type":"product","link":"https:\/\/couleurs-chakras.com\/index.php\/product\/collier-mala\/","title":{"rendered":"Collier Mala * 108 perles naturelles Quartz Rose naturelles"},"content":{"rendered":"<div dir=\"auto\">\ufe0fQ\u1d58\u1d49\u02e1\u02e1\u1d49 \u1d49\u02e2\u1d57 \u02e1\u1d43 \u02e2\u1da6\u1d4d\u207f\u1da6\u1da0\u1da6\u1d9c\u1d43\u1d57\u1da6\u1d52\u207f \u1d48\u1d49\u02e2 \u00b9\u2070\u2078 \u1d56\u1d49\u02b3\u02e1\u1d49\u02e2<\/div>\n<div dir=\"auto\">\u00a0 \u00a0 \u00a0 \u00a0 \u00a0 \u00a0 \u00a0 \u00a0 \u00a0 \u00a0 \u00a0 \u00a0 \u00a0 \u00a0 \u00a0 \u00a0 \u00a0 \u00a0 \u00a0 \u00a0 \u00a0 \u00a0 \u00a0 \u00a0 \u00a0 \u00a0 \u00a0 \u00a0 \u1d48\u1d58 M\u1d43\u02e1\u1d43 ?<\/div>\n<div dir=\"auto\"><\/div>\n<div dir=\"auto\">Traduit litt\u00e9ralement du sanskrit par<\/div>\n<div dir=\"auto\">\u00a0\u00ab guirlande de perles \u00bb, le collier se compose de 108 perles de la m\u00eame dimension. Ces perles sont utilis\u00e9es pour compter le nombre de mantras r\u00e9cit\u00e9s durant la m\u00e9ditation afin d\u2019atteindre l\u2019\u00ab accomplissement \u00bb. Le chiffre 108 est le fruit d\u2019une op\u00e9ration math\u00e9matique visant \u00e0 multiplier 9 fois 12, le chiffre 9 symbolisant le savoir spirituel, la compassion et le d\u00e9vouement. Le 12, pr\u00e9sent au c\u0153ur de la Bible, repr\u00e9sente quant \u00e0 lui le d\u00e9roulement du temps, mais aussi les 12 paires de c\u00f4tes, 12 vert\u00e8bres thoraciques et 12 m\u00e9ridiens \u00e9nerg\u00e9tiques. Les 108 perles du Mala auraient ainsi des vertus de gu\u00e9rison de l\u2019\u00e2me. Toutefois, la signification du chiffre 108 peut varier selon les cultures. Chez les bouddhistes, le Mala repr\u00e9sente les 108 noms de Bouddha et les 108 \u00e9preuves accomplies par Bouddha pour atteindre l\u2019illumination.<\/div>\n<div dir=\"auto\"><\/div>\n<div dir=\"auto\">\ufe0fL\u2019\u1d58\u1d57\u1da6\u02e1\u1da6\u02e2\u1d43\u1d57\u1da6\u1d52\u207f \u1d48\u1d58 M\u1d43\u02e1\u1d43 \u1d56\u1d52\u1d58\u02b3 \u02e1\u1d43 \u1d50\u00e9\u1d48\u1da6\u1d57\u1d43\u1d57\u1da6\u1d52\u207f :<\/div>\n<div dir=\"auto\">La m\u00e9ditation avec un Mala se fait habituellement en position assise, les jambes crois\u00e9es sur le sol, et le collier dans la main droite pos\u00e9e sur le c\u0153ur. Vous devez ensuite fermer les yeux pour vous concentrer sur le mantra avant de respirer profond\u00e9ment, puis de compter avec le pouce les perles en commen\u00e7ant par la premi\u00e8re perle \u00e0 c\u00f4t\u00e9 du guru. La grande perle \u00e9tant le point de d\u00e9part et d\u2019arriv\u00e9e de chaque pri\u00e8re, il n\u2019est pas n\u00e9cessaire de la compter. Une fois le mantra termin\u00e9, il vous suffit de pousser d\u00e9licatement la perle et de tenir la seconde, et ainsi de suite, jusqu\u2019\u00e0 atteindre la derni\u00e8re perle.<\/div>\n","protected":false},"excerpt":{"rendered":"<p><span style=\"font-family: var(--global-body-font-family);\">Plus qu\u2019un simple bijou, le Mala est un collier de spiritualit\u00e9 utilis\u00e9 dans la m\u00e9ditation. Sa praticit\u00e9 et sa symbolique ont contribu\u00e9 \u00e0 son succ\u00e8s fulgurant en Occident depuis quelques ann\u00e9es.<\/span><\/p>\n<div dir=\"auto\"><\/div>\n<div dir=\"auto\">Le Mala est une cha\u00eene de perles en bois, en grains ou en pierres naturelles qui repr\u00e9sente chacune une r\u00e9p\u00e9tition de Mantra ou de Japa.<\/div>\n<div dir=\"auto\">\u00c0 l\u2019origine, ce bijou \u00e9tait utilis\u00e9 par les hindous et les bouddhistes durant les pratiques religieuses. Les Azt\u00e8ques et les Yogis se servaient \u00e9galement du Mala durant leurs s\u00e9ances de pri\u00e8re et de m\u00e9ditation. Bien qu\u2019il ait \u00e9t\u00e9 cr\u00e9\u00e9 il y a plus de 3000 ans en Inde, le collier Mala s\u2019est \u00e9tendu au fil du temps vers d\u2019autres pays asiatiques comme le Tibet, la Chine, la Cor\u00e9e et le Japon. \u00c0 la fin du Moyen-\u00e2ge, le bijou appara\u00eet en Europe sous forme de chapelet catholique. Aujourd\u2019hui, il reste un accessoire de mode qui peut se porter en collier ou en bracelet multitours.<\/div>\n","protected":false},"featured_media":9813,"comment_status":"open","ping_status":"closed","template":"","meta":{"_kadence_starter_templates_imported_post":false,"_kad_post_transparent":"default","_kad_post_title":"","_kad_post_layout":"default","_kad_post_sidebar_id":"","_kad_post_content_style":"default","_kad_post_vertical_padding":"default","_kad_post_feature":"","_kad_post_feature_position":"","_kad_post_header":false,"_kad_post_footer":false,"_kad_post_classname":""},"product_brand":[],"product_cat":[68,20],"product_tag":[],"class_list":{"0":"post-8381","1":"product","2":"type-product","3":"status-publish","4":"has-post-thumbnail","6":"product_cat-autre-bijoux","7":"product_cat-bracelet","9":"first","10":"instock","11":"taxable","12":"shipping-taxable","13":"purchasable","14":"product-type-simple","15":"entry","16":"content-bg","17":"loop-entry"},"jetpack_sharing_enabled":true,"_links":{"self":[{"href":"https:\/\/couleurs-chakras.com\/index.php\/wp-json\/wp\/v2\/product\/8381","targetHints":{"allow":["GET"]}}],"collection":[{"href":"https:\/\/couleurs-chakras.com\/index.php\/wp-json\/wp\/v2\/product"}],"about":[{"href":"https:\/\/couleurs-chakras.com\/index.php\/wp-json\/wp\/v2\/types\/product"}],"replies":[{"embeddable":true,"href":"https:\/\/couleurs-chakras.com\/index.php\/wp-json\/wp\/v2\/comments?post=8381"}],"wp:featuredmedia":[{"embeddable":true,"href":"https:\/\/couleurs-chakras.com\/index.php\/wp-json\/wp\/v2\/media\/9813"}],"wp:attachment":[{"href":"https:\/\/couleurs-chakras.com\/index.php\/wp-json\/wp\/v2\/media?parent=8381"}],"wp:term":[{"taxonomy":"product_brand","embeddable":true,"href":"https:\/\/couleurs-chakras.com\/index.php\/wp-json\/wp\/v2\/product_brand?post=8381"},{"taxonomy":"product_cat","embeddable":true,"href":"https:\/\/couleurs-chakras.com\/index.php\/wp-json\/wp\/v2\/product_cat?post=8381"},{"taxonomy":"product_tag","embeddable":true,"href":"https:\/\/couleurs-chakras.com\/index.php\/wp-json\/wp\/v2\/product_tag?post=8381"}],"curies":[{"name":"wp","href":"https:\/\/api.w.org\/{rel}","templated":true}]}}