{"id":7416,"date":"2026-02-10T06:22:52","date_gmt":"2026-02-10T05:22:52","guid":{"rendered":"https:\/\/couleurs-chakras.com\/?post_type=product&#038;p=7416"},"modified":"2026-02-27T21:13:50","modified_gmt":"2026-02-27T20:13:50","slug":"boucles-doreille-malachite","status":"publish","type":"product","link":"https:\/\/couleurs-chakras.com\/index.php\/product\/boucles-doreille-malachite\/","title":{"rendered":"Boucles d&rsquo;oreille Cornaline"},"content":{"rendered":"<p>\ud83e\udde1 L&rsquo;\u00e9l\u00e9gance de la cornaline facett\u00e9e 8mm en grappe \ud83c\udf47<\/p>\n<p>Un bijou unique S235 pour sublimer votre style \ud83c\udf1f<\/p>\n","protected":false},"excerpt":{"rendered":"<p>\ud83e\udde1 L&rsquo;\u00e9l\u00e9gance de la cornaline facett\u00e9e 8mm en grappe \ud83c\udf47 Un bijou unique S235 pour sublimer votre style \ud83c\udf1f<\/p>\n","protected":false},"featured_media":9116,"comment_status":"open","ping_status":"closed","template":"","meta":{"_kadence_starter_templates_imported_post":false,"_kad_post_transparent":"default","_kad_post_title":"","_kad_post_layout":"default","_kad_post_sidebar_id":"","_kad_post_content_style":"default","_kad_post_vertical_padding":"default","_kad_post_feature":"","_kad_post_feature_position":"","_kad_post_header":false,"_kad_post_footer":false,"_kad_post_classname":""},"product_brand":[],"product_cat":[59,67],"product_tag":[],"class_list":{"0":"post-7416","1":"product","2":"type-product","3":"status-publish","4":"has-post-thumbnail","6":"product_cat-bijoux","7":"product_cat-boucles-doreille","9":"first","10":"instock","11":"taxable","12":"shipping-taxable","13":"purchasable","14":"product-type-simple","15":"entry","16":"content-bg","17":"loop-entry"},"jetpack_sharing_enabled":true,"_links":{"self":[{"href":"https:\/\/couleurs-chakras.com\/index.php\/wp-json\/wp\/v2\/product\/7416","targetHints":{"allow":["GET"]}}],"collection":[{"href":"https:\/\/couleurs-chakras.com\/index.php\/wp-json\/wp\/v2\/product"}],"about":[{"href":"https:\/\/couleurs-chakras.com\/index.php\/wp-json\/wp\/v2\/types\/product"}],"replies":[{"embeddable":true,"href":"https:\/\/couleurs-chakras.com\/index.php\/wp-json\/wp\/v2\/comments?post=7416"}],"wp:featuredmedia":[{"embeddable":true,"href":"https:\/\/couleurs-chakras.com\/index.php\/wp-json\/wp\/v2\/media\/9116"}],"wp:attachment":[{"href":"https:\/\/couleurs-chakras.com\/index.php\/wp-json\/wp\/v2\/media?parent=7416"}],"wp:term":[{"taxonomy":"product_brand","embeddable":true,"href":"https:\/\/couleurs-chakras.com\/index.php\/wp-json\/wp\/v2\/product_brand?post=7416"},{"taxonomy":"product_cat","embeddable":true,"href":"https:\/\/couleurs-chakras.com\/index.php\/wp-json\/wp\/v2\/product_cat?post=7416"},{"taxonomy":"product_tag","embeddable":true,"href":"https:\/\/couleurs-chakras.com\/index.php\/wp-json\/wp\/v2\/product_tag?post=7416"}],"curies":[{"name":"wp","href":"https:\/\/api.w.org\/{rel}","templated":true}]}}