{"id":7394,"date":"2026-02-10T05:45:19","date_gmt":"2026-02-10T04:45:19","guid":{"rendered":"https:\/\/couleurs-chakras.com\/?post_type=product&#038;p=7394"},"modified":"2026-03-25T10:17:17","modified_gmt":"2026-03-25T09:17:17","slug":"pendentif-quartz-rose","status":"publish","type":"product","link":"https:\/\/couleurs-chakras.com\/index.php\/product\/pendentif-quartz-rose\/","title":{"rendered":"Pendentif Quartz Rose fiole parfum"},"content":{"rendered":"<p>\ud83d\udc96 Portez votre parfum secret avec ce pendentif quartz rose unique. Style et myst\u00e8re garantis partout\u2728<\/p>\n<p>Ce cristal sublime cache une fiole pour votre fragrance favorite. Soyez irr\u00e9sistible en un geste.<\/p>\n<p>Gr\u00e2ce \u00e0 son action mod\u00e9ratrice sur la tension art\u00e9rielle, le Quartz rose fortifie le c\u0153ur et accompagne l&rsquo;\u00e9limination des toxines. Ces bienfaits aident \u00e9galement \u00e0 r\u00e9duire les effets des ulc\u00e8res li\u00e9s au stress. Le Quart rose prot\u00e8ge les poumons et facilite une respiration douce et sereine.<\/p>\n","protected":false},"excerpt":{"rendered":"<p>\ud83d\udc96 Portez votre parfum secret avec ce pendentif quartz rose unique. Style et myst\u00e8re garantis partout\u2728 Ce cristal sublime cache une fiole pour votre fragrance favorite. Soyez irr\u00e9sistible en un geste. Gr\u00e2ce \u00e0 son action mod\u00e9ratrice sur la tension art\u00e9rielle, le Quartz rose fortifie le c\u0153ur et accompagne l&rsquo;\u00e9limination des toxines. Ces bienfaits aident \u00e9galement&#8230;<\/p>\n","protected":false},"featured_media":10377,"comment_status":"open","ping_status":"closed","template":"","meta":{"_kadence_starter_templates_imported_post":false,"_kad_post_transparent":"default","_kad_post_title":"","_kad_post_layout":"default","_kad_post_sidebar_id":"","_kad_post_content_style":"default","_kad_post_vertical_padding":"default","_kad_post_feature":"","_kad_post_feature_position":"","_kad_post_header":false,"_kad_post_footer":false,"_kad_post_classname":""},"product_brand":[],"product_cat":[59,65],"product_tag":[],"class_list":{"0":"post-7394","1":"product","2":"type-product","3":"status-publish","4":"has-post-thumbnail","6":"product_cat-bijoux","7":"product_cat-pendentif","9":"first","10":"instock","11":"taxable","12":"shipping-taxable","13":"purchasable","14":"product-type-simple","15":"entry","16":"content-bg","17":"loop-entry"},"jetpack_sharing_enabled":true,"_links":{"self":[{"href":"https:\/\/couleurs-chakras.com\/index.php\/wp-json\/wp\/v2\/product\/7394","targetHints":{"allow":["GET"]}}],"collection":[{"href":"https:\/\/couleurs-chakras.com\/index.php\/wp-json\/wp\/v2\/product"}],"about":[{"href":"https:\/\/couleurs-chakras.com\/index.php\/wp-json\/wp\/v2\/types\/product"}],"replies":[{"embeddable":true,"href":"https:\/\/couleurs-chakras.com\/index.php\/wp-json\/wp\/v2\/comments?post=7394"}],"wp:featuredmedia":[{"embeddable":true,"href":"https:\/\/couleurs-chakras.com\/index.php\/wp-json\/wp\/v2\/media\/10377"}],"wp:attachment":[{"href":"https:\/\/couleurs-chakras.com\/index.php\/wp-json\/wp\/v2\/media?parent=7394"}],"wp:term":[{"taxonomy":"product_brand","embeddable":true,"href":"https:\/\/couleurs-chakras.com\/index.php\/wp-json\/wp\/v2\/product_brand?post=7394"},{"taxonomy":"product_cat","embeddable":true,"href":"https:\/\/couleurs-chakras.com\/index.php\/wp-json\/wp\/v2\/product_cat?post=7394"},{"taxonomy":"product_tag","embeddable":true,"href":"https:\/\/couleurs-chakras.com\/index.php\/wp-json\/wp\/v2\/product_tag?post=7394"}],"curies":[{"name":"wp","href":"https:\/\/api.w.org\/{rel}","templated":true}]}}