{"id":7389,"date":"2023-07-10T05:35:45","date_gmt":"2023-07-10T03:35:45","guid":{"rendered":"https:\/\/couleurs-chakras.com\/?post_type=product&#038;p=7389"},"modified":"2026-03-12T11:47:32","modified_gmt":"2026-03-12T10:47:32","slug":"coeur-en-selenite","status":"publish","type":"product","link":"https:\/\/couleurs-chakras.com\/index.php\/product\/coeur-en-selenite\/","title":{"rendered":"C\u0153ur en S\u00e9l\u00e9nite"},"content":{"rendered":"<p>La pierre S\u00e9l\u00e9nite est apaisante et donne \u00e0 l&rsquo;esprit une clart\u00e9 parfaite.<\/p>\n<p>Elle poss\u00e8de \u00e9galement des pouvoirs t\u00e9l\u00e9pathiques.<\/p>\n<p>Elle aide \u00e0 r\u00e9tablir l&rsquo;\u00e9quilibre entre l&rsquo;ensemble des \u00e9nergies du corps de fa\u00e7on extr\u00eamement fluide.<\/p>\n<p>Pos\u00e9e sur la table de nuit elle vous aidera \u00e0 dormir \u00e9galement.<\/p>\n<p>&nbsp;<\/p>\n","protected":false},"excerpt":{"rendered":"<p>La pierre S\u00e9l\u00e9nite est apaisante et donne \u00e0 l&rsquo;esprit une clart\u00e9 parfaite. Elle poss\u00e8de \u00e9galement des pouvoirs t\u00e9l\u00e9pathiques. Elle aide \u00e0 r\u00e9tablir l&rsquo;\u00e9quilibre entre l&rsquo;ensemble des \u00e9nergies du corps de fa\u00e7on extr\u00eamement fluide. Pos\u00e9e sur la table de nuit elle vous aidera \u00e0 dormir \u00e9galement. &nbsp;<\/p>\n","protected":false},"featured_media":9816,"comment_status":"open","ping_status":"closed","template":"","meta":{"_kadence_starter_templates_imported_post":false,"_kad_post_transparent":"default","_kad_post_title":"","_kad_post_layout":"default","_kad_post_sidebar_id":"","_kad_post_content_style":"default","_kad_post_vertical_padding":"default","_kad_post_feature":"","_kad_post_feature_position":"","_kad_post_header":false,"_kad_post_footer":false,"_kad_post_classname":""},"product_brand":[],"product_cat":[70],"product_tag":[],"class_list":{"0":"post-7389","1":"product","2":"type-product","3":"status-publish","4":"has-post-thumbnail","6":"product_cat-pierres","8":"first","9":"instock","10":"sale","11":"taxable","12":"shipping-taxable","13":"purchasable","14":"product-type-simple","15":"entry","16":"content-bg","17":"loop-entry"},"jetpack_sharing_enabled":true,"_links":{"self":[{"href":"https:\/\/couleurs-chakras.com\/index.php\/wp-json\/wp\/v2\/product\/7389","targetHints":{"allow":["GET"]}}],"collection":[{"href":"https:\/\/couleurs-chakras.com\/index.php\/wp-json\/wp\/v2\/product"}],"about":[{"href":"https:\/\/couleurs-chakras.com\/index.php\/wp-json\/wp\/v2\/types\/product"}],"replies":[{"embeddable":true,"href":"https:\/\/couleurs-chakras.com\/index.php\/wp-json\/wp\/v2\/comments?post=7389"}],"wp:featuredmedia":[{"embeddable":true,"href":"https:\/\/couleurs-chakras.com\/index.php\/wp-json\/wp\/v2\/media\/9816"}],"wp:attachment":[{"href":"https:\/\/couleurs-chakras.com\/index.php\/wp-json\/wp\/v2\/media?parent=7389"}],"wp:term":[{"taxonomy":"product_brand","embeddable":true,"href":"https:\/\/couleurs-chakras.com\/index.php\/wp-json\/wp\/v2\/product_brand?post=7389"},{"taxonomy":"product_cat","embeddable":true,"href":"https:\/\/couleurs-chakras.com\/index.php\/wp-json\/wp\/v2\/product_cat?post=7389"},{"taxonomy":"product_tag","embeddable":true,"href":"https:\/\/couleurs-chakras.com\/index.php\/wp-json\/wp\/v2\/product_tag?post=7389"}],"curies":[{"name":"wp","href":"https:\/\/api.w.org\/{rel}","templated":true}]}}