{"id":7033,"date":"2023-07-09T06:23:24","date_gmt":"2023-07-09T04:23:24","guid":{"rendered":"https:\/\/couleurs-chakras.com\/?post_type=product&#038;p=7033"},"modified":"2026-02-27T21:20:01","modified_gmt":"2026-02-27T20:20:01","slug":"bracelet-minceur","status":"publish","type":"product","link":"https:\/\/couleurs-chakras.com\/index.php\/product\/bracelet-minceur\/","title":{"rendered":"Bracelet Minceur"},"content":{"rendered":"<p>\ud835\udcd2\ud835\udcf8\ud835\udcfe\ud835\udcf5\ud835\udcee\ud835\udcfe\ud835\udcfb\ud835\udcfc \ud835\udcd2\ud835\udcf1\ud835\udcea\ud835\udcf4\ud835\udcfb\ud835\udcea\ud835\udcfc vous invite \u00e0 d\u00e9couvrir la parure \ud83e\ude75\ud83e\udd0d\u00a0DETOX \ud83e\ude75\ud83e\udd0d, l\u2019alliance de :<\/p>\n<p>\ud83e\udd0d\u00a0L\u2019APATRTE &amp; PIERRE DE LUNE<\/p>\n<p>\ud83e\ude75\ud83d\udc99\u00a0L\u2019APATRTE :<\/p>\n<p>L\u2019Apatite est connue depuis des g\u00e9n\u00e9rations pour \u00eatre la pierre la plus efficace pour r\u00e9ussir \u00e0 #maigrir. L\u2019apatite vous permet de vous concentrer sur votre #bien-\u00eatre et vous \u00e9vite de penser \u00e0 #grignoter.<\/p>\n<p>En duo avec la :<\/p>\n<p>\ud83e\udd0d\ud83e\udd0d\u00a0PIERRE DE LUNE:<\/p>\n<p>#Soulage les troubles et douleurs menstruelles.<\/p>\n","protected":false},"excerpt":{"rendered":"<p>Nouveaut\u00e9 \u00e0 l\u2019adoption chez \ud835\udcd2\ud835\udcf8\ud835\udcfe\ud835\udcf5\ud835\udcee\ud835\udcfe\ud835\udcfb\ud835\udcfc \ud835\udcd2\ud835\udcf1\ud835\udcea\ud835\udcf4\ud835\udcfb\ud835\udcea\ud835\udcfc<\/p>\n<p>D\u00e9couvrez la parure DETOX, l\u2019alliance de<br \/>\n\ud83e\ude75<span class=\"_5mfr\"><span class=\"_6qdm\">\ud83d\udc99<\/span><\/span>\u00a0l\u2019Apatrte &amp; Pierre de lune\u00a0<span class=\"_5mfr\"><span class=\"_6qdm\">\ud83e\udd0d<\/span><\/span><span class=\"_5mfr\"><span class=\"_6qdm\">\ud83e\udd0d<\/span><\/span><\/p>\n<p>Cr\u00e9ation fait main \u00e0 l\u2019adoption, jusqu\u2019\u00e0 \u00e9puisement des stocks (Quantit\u00e9 limit\u00e9e)<\/p>\n","protected":false},"featured_media":3373,"comment_status":"closed","ping_status":"closed","template":"","meta":{"_kadence_starter_templates_imported_post":false,"_kad_post_transparent":"default","_kad_post_title":"","_kad_post_layout":"default","_kad_post_sidebar_id":"","_kad_post_content_style":"default","_kad_post_vertical_padding":"default","_kad_post_feature":"","_kad_post_feature_position":"","_kad_post_header":false,"_kad_post_footer":false,"_kad_post_classname":""},"product_brand":[],"product_cat":[20],"product_tag":[],"class_list":{"0":"post-7033","1":"product","2":"type-product","3":"status-publish","4":"has-post-thumbnail","6":"product_cat-bracelet","8":"first","9":"instock","10":"taxable","11":"shipping-taxable","12":"purchasable","13":"product-type-variable","14":"entry","15":"content-bg","16":"loop-entry"},"jetpack_sharing_enabled":true,"_links":{"self":[{"href":"https:\/\/couleurs-chakras.com\/index.php\/wp-json\/wp\/v2\/product\/7033","targetHints":{"allow":["GET"]}}],"collection":[{"href":"https:\/\/couleurs-chakras.com\/index.php\/wp-json\/wp\/v2\/product"}],"about":[{"href":"https:\/\/couleurs-chakras.com\/index.php\/wp-json\/wp\/v2\/types\/product"}],"replies":[{"embeddable":true,"href":"https:\/\/couleurs-chakras.com\/index.php\/wp-json\/wp\/v2\/comments?post=7033"}],"wp:featuredmedia":[{"embeddable":true,"href":"https:\/\/couleurs-chakras.com\/index.php\/wp-json\/wp\/v2\/media\/3373"}],"wp:attachment":[{"href":"https:\/\/couleurs-chakras.com\/index.php\/wp-json\/wp\/v2\/media?parent=7033"}],"wp:term":[{"taxonomy":"product_brand","embeddable":true,"href":"https:\/\/couleurs-chakras.com\/index.php\/wp-json\/wp\/v2\/product_brand?post=7033"},{"taxonomy":"product_cat","embeddable":true,"href":"https:\/\/couleurs-chakras.com\/index.php\/wp-json\/wp\/v2\/product_cat?post=7033"},{"taxonomy":"product_tag","embeddable":true,"href":"https:\/\/couleurs-chakras.com\/index.php\/wp-json\/wp\/v2\/product_tag?post=7033"}],"curies":[{"name":"wp","href":"https:\/\/api.w.org\/{rel}","templated":true}]}}