{"id":6922,"date":"2023-07-09T06:18:55","date_gmt":"2023-07-09T04:18:55","guid":{"rendered":"https:\/\/couleurs-chakras.com\/?post_type=product&#038;p=6922"},"modified":"2026-02-27T21:20:01","modified_gmt":"2026-02-27T20:20:01","slug":"bracelet-optimiste","status":"publish","type":"product","link":"https:\/\/couleurs-chakras.com\/index.php\/product\/bracelet-optimiste\/","title":{"rendered":"Bracelet Optimiste"},"content":{"rendered":"<p>Ce nouveau duo vous remettra sur pieds en un rien de temps !<br \/>\nB\u00e9n\u00e9ficiaire de beaucoup d\u2019<a class=\"_5ayv _qdx\" href=\"https:\/\/m.facebook.com\/hashtag\/%C3%A9nergie?refid=52&amp;__tn__=%2As-R&amp;paipv=0&amp;eav=Afbv9jlj42Zii_4OCRbY59m_VubJJTDpW4oNOyLWUXIzCCmn3cUoFFj2rnrbUi7bnrE\"><span class=\"_5aw4 _qdz\">#<\/span><span class=\"_5ayu\">\u00e9nergie<\/span><\/a>, il saura vous apporter ce coup de boost que vous attendez. N\u2019esp\u00e9rez plus et arr\u00eatez de subir votre fatigue.<\/p>\n<p>Ses vertus inversent les effets de l\u2019\u00e9puisement physique et mental sur l\u2019organisme.<\/p>\n<p>Elle vous apportera de la joie et un maximum de bien-\u00eatre pour affronter les coups de fatigue de la semaine.<\/p>\n<p><span class=\"_5mfr\"><span class=\"_6qdm\">\ud83c\udf31<\/span><\/span>\u00a0avec son alli\u00e9\u00a0<a class=\"_5ayv _qdx\" href=\"https:\/\/m.facebook.com\/hashtag\/oeildutigre?refid=52&amp;__tn__=%2As-R&amp;paipv=0&amp;eav=Afb3FHQ6i1sKuRV2DPmcT6QQG2WoOtwqDT-tiJ8NrIYoAC--D6tlEg5S3oSdbk8nalk\"><span class=\"_5aw4 _qdz\">#<\/span><span class=\"_5ayu\">oeildutigre<\/span><\/a>\u00a0, pierre de \u20acprotection , chassez les id\u00e9es noires et les les ondes n\u00e9gatives de l\u2019environnement.<\/p>\n<p>Retrouvez toute votre\u00a0<a class=\"_5ayv _qdx\" href=\"https:\/\/m.facebook.com\/hashtag\/%C3%A9nergie?refid=52&amp;__tn__=%2As-R&amp;paipv=0&amp;eav=AfbmA_GiIT5Ybb4tGNGjE8rD5N3UmzeQO-lUkkO889-dfPRR6EGPGhVN_fqr3fEl3Zo\"><span class=\"_5aw4 _qdz\">#<\/span><span class=\"_5ayu\">\u00e9nergie<\/span><\/a>\u00a0gr\u00e2ce \u00e0 ce duo explosif disponible d\u00e8s aujourd\u2019hui\u00a0<span class=\"_5mfr\"><span class=\"_6qdm\">\ud83d\udc9a<\/span><\/span><span class=\"_5mfr\"><span class=\"_6qdm\">\ud83e\udd0e<\/span><\/span><\/p>\n<p>\ud835\udcd0 \ud835\udcff\ud835\udcf8\ud835\udcfd\ud835\udcfb\ud835\udcee \u00e9\ud835\udcec\ud835\udcf8\ud835\udcfe\ud835\udcfd\ud835\udcee \ud835\udcf9\ud835\udcf8\ud835\udcfe\ud835\udcfb \ud835\udcfc\ud835\udcfe\ud835\udceb\ud835\udcf5\ud835\udcf2\ud835\udcf6\ud835\udcee\ud835\udcfb \ud835\udcff\ud835\udcf8\ud835\udcfc \ud835\udcf9\ud835\udcf8\ud835\udcf2\ud835\udcf0\ud835\udcf7\ud835\udcee\ud835\udcfd\ud835\udcfc \ud835\udced\u2019\ud835\udcfe\ud835\udcf7 \ud835\udcf3\ud835\udcf8\ud835\udcf5\ud835\udcf2 \ud835\udceb\ud835\udcfb\ud835\udcea\ud835\udcec\ud835\udcee\ud835\udcf5\ud835\udcee\ud835\udcfd \ud835\udcec\ud835\udcfb\u00e9\u00e9 \u00e0 \ud835\udcf5\ud835\udcea \ud835\udcf6\ud835\udcea\ud835\udcf2\ud835\udcf7 \u00e0 \ud835\udcff\ud835\udcf8\ud835\udcfd\ud835\udcfb\ud835\udcee \ud835\udcf2\ud835\udced\ud835\udcee\ud835\udcf7\ud835\udcfd\ud835\udcf2\ud835\udcfd\u00e9\u00a0<span class=\"_5mfr\"><span class=\"_6qdm\">\ud83e\udd0e<\/span><\/span><span class=\"_5mfr\"><span class=\"_6qdm\">\ud83d\udc9a<\/span><\/span><\/p>\n<p>Belle d\u00e9couverte<br \/>\n\ud835\udcd2\ud835\udcf8\ud835\udcfe\ud835\udcf5\ud835\udcee\ud835\udcfe\ud835\udcfb\ud835\udcfc \ud835\udcd2\ud835\udcf1\ud835\udcea\ud835\udcf4\ud835\udcfb\ud835\udcea\ud835\udcfc<\/p>\n","protected":false},"excerpt":{"rendered":"<p>D\u00e9couvrez la nouvelle cr\u00e9ation \ud835\ude4a\ud835\ude65\ud835\ude69\ud835\ude5e\ud835\ude62\ud835\ude5e\ud835\ude68\ud835\ude62\ud835\ude5a<br \/>\n.\u00a0<span class=\"_5mfr\"><span class=\"_6qdm\">\ud83d\udc9a<\/span><\/span><span class=\"_5mfr\"><span class=\"_6qdm\">\ud83e\udd0e<\/span><\/span>\u00a0Aventurine &amp; Oeil du tigre\u00a0<span class=\"_5mfr\"><span class=\"_6qdm\">\ud83e\udd0e<\/span><\/span><span class=\"_5mfr\"><span class=\"_6qdm\">\ud83d\udc9a<\/span><\/span><\/p>\n<p><span class=\"_5mfr\"><span class=\"_6qdm\">\ud83c\udf31<\/span><\/span>\ud835\udc68\ud835\udc9a\ud835\udc86\ud835\udc9b \ud835\udc84\ud835\udc90\ud835\udc8f\ud835\udc87\ud835\udc8a\ud835\udc82\ud835\udc8f\ud835\udc84\ud835\udc86 \ud835\udc86\ud835\udc8f \ud835\udc97\ud835\udc90\ud835\udc96\ud835\udc94 \ud835\udc86\ud835\udc95 \ud835\udc8d\ud835\udc82\ud835\udc8a\ud835\udc94\ud835\udc94\ud835\udc86\ud835\udc9b \ud835\udc8d\ud835\udc82 \ud835\udc84\ud835\udc89\ud835\udc82\ud835\udc8f\ud835\udc84\ud835\udc86 \ud835\udc97\ud835\udc86\ud835\udc8f\ud835\udc8a\ud835\udc93 \u00e0 \ud835\udc97\ud835\udc90\ud835\udc96\ud835\udc94\u00a0<span class=\"_5mfr\"><span class=\"_6qdm\">\ud83c\udf31<\/span><\/span><\/p>\n","protected":false},"featured_media":3123,"comment_status":"closed","ping_status":"closed","template":"","meta":{"_kadence_starter_templates_imported_post":false,"_kad_post_transparent":"default","_kad_post_title":"","_kad_post_layout":"default","_kad_post_sidebar_id":"","_kad_post_content_style":"default","_kad_post_vertical_padding":"default","_kad_post_feature":"","_kad_post_feature_position":"","_kad_post_header":false,"_kad_post_footer":false,"_kad_post_classname":""},"product_brand":[],"product_cat":[20],"product_tag":[],"class_list":{"0":"post-6922","1":"product","2":"type-product","3":"status-publish","4":"has-post-thumbnail","6":"product_cat-bracelet","8":"first","9":"instock","10":"taxable","11":"shipping-taxable","12":"purchasable","13":"product-type-variable","14":"entry","15":"content-bg","16":"loop-entry"},"jetpack_sharing_enabled":true,"_links":{"self":[{"href":"https:\/\/couleurs-chakras.com\/index.php\/wp-json\/wp\/v2\/product\/6922","targetHints":{"allow":["GET"]}}],"collection":[{"href":"https:\/\/couleurs-chakras.com\/index.php\/wp-json\/wp\/v2\/product"}],"about":[{"href":"https:\/\/couleurs-chakras.com\/index.php\/wp-json\/wp\/v2\/types\/product"}],"replies":[{"embeddable":true,"href":"https:\/\/couleurs-chakras.com\/index.php\/wp-json\/wp\/v2\/comments?post=6922"}],"wp:featuredmedia":[{"embeddable":true,"href":"https:\/\/couleurs-chakras.com\/index.php\/wp-json\/wp\/v2\/media\/3123"}],"wp:attachment":[{"href":"https:\/\/couleurs-chakras.com\/index.php\/wp-json\/wp\/v2\/media?parent=6922"}],"wp:term":[{"taxonomy":"product_brand","embeddable":true,"href":"https:\/\/couleurs-chakras.com\/index.php\/wp-json\/wp\/v2\/product_brand?post=6922"},{"taxonomy":"product_cat","embeddable":true,"href":"https:\/\/couleurs-chakras.com\/index.php\/wp-json\/wp\/v2\/product_cat?post=6922"},{"taxonomy":"product_tag","embeddable":true,"href":"https:\/\/couleurs-chakras.com\/index.php\/wp-json\/wp\/v2\/product_tag?post=6922"}],"curies":[{"name":"wp","href":"https:\/\/api.w.org\/{rel}","templated":true}]}}