{"id":6810,"date":"2026-01-09T06:14:40","date_gmt":"2026-01-09T05:14:40","guid":{"rendered":"https:\/\/couleurs-chakras.com\/?post_type=product&#038;p=6810"},"modified":"2026-02-27T21:13:05","modified_gmt":"2026-02-27T20:13:05","slug":"bracelet-celeste","status":"publish","type":"product","link":"https:\/\/couleurs-chakras.com\/index.php\/product\/bracelet-celeste\/","title":{"rendered":"Bracelet C\u00e9leste en L\u00e9pidolite facett\u00e9e"},"content":{"rendered":"<p>Sublimez votre quotidien avec l&rsquo;\u00e9clat de la L\u00e9pidolite. Design raffin\u00e9 et pierres naturelles \ud83d\udd2e<\/p>\n<p>D\u00e9couvrez la douceur des perles et le charme de la lune\ud83c\udf1b<\/p>\n<p>Bracelet en L\u00e9pidolite facett\u00e9e \u2013 4 mm de douceur et d\u2019harmonie\u2728<\/p>\n<p>Laisse-toi envo\u00fbter par la beaut\u00e9 d\u00e9licate de ce bracelet en L\u00e9pidolite naturelle, finement facett\u00e9e pour capter chaque rayon de lumi\u00e8re. Ses perles de 4 mm r\u00e9v\u00e8lent des nuances apaisantes de mauve, lilas et argent\u00e9, rappelant les brumes du cr\u00e9puscule.<\/p>\n<p>\ud83d\udc9c Pierre de s\u00e9r\u00e9nit\u00e9, la L\u00e9pidolite est une v\u00e9ritable alli\u00e9e pour apaiser le mental, dissoudre le stress et inviter \u00e0 la d\u00e9tente int\u00e9rieure. Elle accompagne les p\u00e9riodes de transformation et favorise un sommeil paisible, tout en r\u00e9\u00e9quilibrant les \u00e9motions.<\/p>\n<p>\u2728 Chaque perle, polie avec soin, refl\u00e8te une lumi\u00e8re subtile, comme un murmure d\u2019\u00e9nergie bienveillante autour du poignet.<\/p>\n<p>\ud83c\udf3f Id\u00e9al \u00e0 porter seul pour un look tout en d\u00e9licatesse, ou associ\u00e9 \u00e0 d\u2019autres pierres douces comme l\u2019am\u00e9thyste, la kunzite ou le quartz rose pour renforcer la vibration d\u2019amour et de paix int\u00e9rieure.<\/p>\n<p>\ud83d\udd2e Un bijou \u00e9l\u00e9gant, \u00e9nerg\u00e9tique et empreint de douceur f\u00e9minine \u2728\ufe0f<\/p>\n","protected":false},"excerpt":{"rendered":"<p>Sublimez votre quotidien avec l&rsquo;\u00e9clat de la L\u00e9pidolite. Design raffin\u00e9 et pierres naturelles \ud83d\udd2e D\u00e9couvrez la douceur des perles et le charme de la lune\ud83c\udf1b Bracelet en L\u00e9pidolite facett\u00e9e \u2013 4 mm de douceur et d\u2019harmonie\u2728 Laisse-toi envo\u00fbter par la beaut\u00e9 d\u00e9licate de ce bracelet en L\u00e9pidolite naturelle, finement facett\u00e9e pour capter chaque rayon de&#8230;<\/p>\n","protected":false},"featured_media":9086,"comment_status":"closed","ping_status":"closed","template":"","meta":{"_kadence_starter_templates_imported_post":false,"_kad_post_transparent":"default","_kad_post_title":"","_kad_post_layout":"default","_kad_post_sidebar_id":"","_kad_post_content_style":"default","_kad_post_vertical_padding":"default","_kad_post_feature":"","_kad_post_feature_position":"","_kad_post_header":false,"_kad_post_footer":false,"_kad_post_classname":""},"product_brand":[],"product_cat":[20],"product_tag":[],"class_list":{"0":"post-6810","1":"product","2":"type-product","3":"status-publish","4":"has-post-thumbnail","6":"product_cat-bracelet","8":"first","9":"instock","10":"taxable","11":"shipping-taxable","12":"purchasable","13":"product-type-simple","14":"entry","15":"content-bg","16":"loop-entry"},"jetpack_sharing_enabled":true,"_links":{"self":[{"href":"https:\/\/couleurs-chakras.com\/index.php\/wp-json\/wp\/v2\/product\/6810","targetHints":{"allow":["GET"]}}],"collection":[{"href":"https:\/\/couleurs-chakras.com\/index.php\/wp-json\/wp\/v2\/product"}],"about":[{"href":"https:\/\/couleurs-chakras.com\/index.php\/wp-json\/wp\/v2\/types\/product"}],"replies":[{"embeddable":true,"href":"https:\/\/couleurs-chakras.com\/index.php\/wp-json\/wp\/v2\/comments?post=6810"}],"wp:featuredmedia":[{"embeddable":true,"href":"https:\/\/couleurs-chakras.com\/index.php\/wp-json\/wp\/v2\/media\/9086"}],"wp:attachment":[{"href":"https:\/\/couleurs-chakras.com\/index.php\/wp-json\/wp\/v2\/media?parent=6810"}],"wp:term":[{"taxonomy":"product_brand","embeddable":true,"href":"https:\/\/couleurs-chakras.com\/index.php\/wp-json\/wp\/v2\/product_brand?post=6810"},{"taxonomy":"product_cat","embeddable":true,"href":"https:\/\/couleurs-chakras.com\/index.php\/wp-json\/wp\/v2\/product_cat?post=6810"},{"taxonomy":"product_tag","embeddable":true,"href":"https:\/\/couleurs-chakras.com\/index.php\/wp-json\/wp\/v2\/product_tag?post=6810"}],"curies":[{"name":"wp","href":"https:\/\/api.w.org\/{rel}","templated":true}]}}