{"id":6567,"date":"2023-07-08T12:11:46","date_gmt":"2023-07-08T10:11:46","guid":{"rendered":"https:\/\/couleurs-chakras.com\/?post_type=product&#038;p=6567"},"modified":"2026-03-17T15:21:54","modified_gmt":"2026-03-17T14:21:54","slug":"bracelet-amethyste-2","status":"publish","type":"product","link":"https:\/\/couleurs-chakras.com\/index.php\/product\/bracelet-amethyste-2\/","title":{"rendered":"Bracelet Am\u00e9thyste Naturelle"},"content":{"rendered":"<p>\ud835\ude4e\ud835\ude5a\ud835\ude68 \ud835\ude57\ud835\ude5e\ud835\ude5a\ud835\ude63\ud835\ude5b\ud835\ude56\ud835\ude5e\ud835\ude69\ud835\ude68 \ud835\ude68\ud835\ude6a\ud835\ude67 \ud835\ude61\ud835\ude5a \ud835\ude65\ud835\ude61\ud835\ude56\ud835\ude63 \ud835\ude65\ud835\ude68\ud835\ude6e\ud835\ude58\ud835\ude5d\ud835\ude5e\ud835\ude66\ud835\ude6a\ud835\ude5a : Cette petite beaut\u00e9 est b\u00e9n\u00e9fique autant \u00e9motionnellement que spirituellement par ses vertus #apaisantes , elle \u00e9vacue le #stress, et favorise la #concentration. Elle calme les #insomnies, dissipe les mauvaises pens\u00e9es et aiguise l\u2019intelligence. Aide \u00e0 se d\u00e9faire des #addictions, favorise les bonnes d\u00e9cisions. Permet de retrouver le sens des priorit\u00e9s et la patience.<span class=\"x3nfvp2 x1j61x8r x1fcty0u xdj266r xhhsvwb xat24cr xgzva0m xxymvpz xlup9mm x1kky2od\"><img loading=\"lazy\" decoding=\"async\" src=\"https:\/\/static.xx.fbcdn.net\/images\/emoji.php\/v9\/tef\/1.5\/16\/1f49c.png\" alt=\"\ud83d\udc9c\" width=\"16\" height=\"16\" \/><\/span>\ud835\ude4e\ud835\ude5a\ud835\ude68 \ud835\ude57\ud835\ude5e\ud835\ude5a\ud835\ude63\ud835\ude5b\ud835\ude56\ud835\ude5e\ud835\ude69\ud835\ude68 \ud835\ude68\ud835\ude6a\ud835\ude67 \ud835\ude61\ud835\ude5a \ud835\ude65\ud835\ude61\ud835\ude56\ud835\ude63 \ud835\ude65\ud835\ude5d\ud835\ude6e\ud835\ude68\ud835\ude5e\ud835\ude66\ud835\ude6a\ud835\ude5a : Cette pierre id\u00e9ale pour aider \u00e0 combattre : \u2013 les migraines, \u2013 les probl\u00e8mes de peau, \u2013 les troubles du sommeil \u2013 et aussi les tensions cervicales<span class=\"x3nfvp2 x1j61x8r x1fcty0u xdj266r xhhsvwb xat24cr xgzva0m xxymvpz xlup9mm x1kky2od\"><img loading=\"lazy\" decoding=\"async\" src=\"https:\/\/static.xx.fbcdn.net\/images\/emoji.php\/v9\/tef\/1.5\/16\/1f49c.png\" alt=\"\ud83d\udc9c\" width=\"16\" height=\"16\" \/><\/span>\ud835\ude4e\ud835\ude5e\ud835\ude5c\ud835\ude63\ud835\ude5a\ud835\ude68 \ud835\ude56\ud835\ude68\ud835\ude69\ud835\ude67\ud835\ude64\ud835\ude61\ud835\ude64\ud835\ude5c\ud835\ude5e\ud835\ude66\ud835\ude6a\ud835\ude5a\ud835\ude68 \ud835\ude56\ud835\ude68\ud835\ude68\ud835\ude64\ud835\ude58\ud835\ude5e\u00e9\ud835\ude68 : Vierge, Sagittaire, Capricorne, Verseau et Poisson<\/p>\n","protected":false},"excerpt":{"rendered":"<div class=\"woocommerce-product-details__short-description\">\n<p>\ud835\udc73\u2019\ud835\udc68\ud835\udc8e\u00e9\ud835\udc95\ud835\udc89\ud835\udc9a\ud835\udc94\ud835\udc95\ud835\udc86, \ud835\udc96\ud835\udc8f\ud835\udc86 \ud835\udc91\ud835\udc8a\ud835\udc86\ud835\udc93\ud835\udc93\ud835\udc86 \ud835\udc91\ud835\udc93\ud835\udc8a\ud835\udc94\u00e9\ud835\udc86 \ud835\udc84\ud835\udc89\ud835\udc86\ud835\udc9b \ud835\udc8d\ud835\udc86\ud835\udc94 \ud835\udc8d\ud835\udc8a\ud835\udc95\ud835\udc89\ud835\udc90-\ud835\udc95\ud835\udc89\u00e9\ud835\udc93\ud835\udc82\ud835\udc91\ud835\udc86\ud835\udc96\ud835\udc95\ud835\udc86\ud835\udc94<\/p>\n<\/div>\n","protected":false},"featured_media":10063,"comment_status":"open","ping_status":"closed","template":"","meta":{"_kadence_starter_templates_imported_post":false,"_kad_post_transparent":"default","_kad_post_title":"","_kad_post_layout":"default","_kad_post_sidebar_id":"","_kad_post_content_style":"default","_kad_post_vertical_padding":"default","_kad_post_feature":"","_kad_post_feature_position":"","_kad_post_header":false,"_kad_post_footer":false,"_kad_post_classname":""},"product_brand":[],"product_cat":[20],"product_tag":[],"class_list":{"0":"post-6567","1":"product","2":"type-product","3":"status-publish","4":"has-post-thumbnail","6":"product_cat-bracelet","8":"first","9":"instock","10":"taxable","11":"shipping-taxable","12":"purchasable","13":"product-type-variable","14":"entry","15":"content-bg","16":"loop-entry"},"jetpack_sharing_enabled":true,"_links":{"self":[{"href":"https:\/\/couleurs-chakras.com\/index.php\/wp-json\/wp\/v2\/product\/6567","targetHints":{"allow":["GET"]}}],"collection":[{"href":"https:\/\/couleurs-chakras.com\/index.php\/wp-json\/wp\/v2\/product"}],"about":[{"href":"https:\/\/couleurs-chakras.com\/index.php\/wp-json\/wp\/v2\/types\/product"}],"replies":[{"embeddable":true,"href":"https:\/\/couleurs-chakras.com\/index.php\/wp-json\/wp\/v2\/comments?post=6567"}],"wp:featuredmedia":[{"embeddable":true,"href":"https:\/\/couleurs-chakras.com\/index.php\/wp-json\/wp\/v2\/media\/10063"}],"wp:attachment":[{"href":"https:\/\/couleurs-chakras.com\/index.php\/wp-json\/wp\/v2\/media?parent=6567"}],"wp:term":[{"taxonomy":"product_brand","embeddable":true,"href":"https:\/\/couleurs-chakras.com\/index.php\/wp-json\/wp\/v2\/product_brand?post=6567"},{"taxonomy":"product_cat","embeddable":true,"href":"https:\/\/couleurs-chakras.com\/index.php\/wp-json\/wp\/v2\/product_cat?post=6567"},{"taxonomy":"product_tag","embeddable":true,"href":"https:\/\/couleurs-chakras.com\/index.php\/wp-json\/wp\/v2\/product_tag?post=6567"}],"curies":[{"name":"wp","href":"https:\/\/api.w.org\/{rel}","templated":true}]}}