{"id":6475,"date":"2023-05-27T15:07:19","date_gmt":"2023-05-27T13:07:19","guid":{"rendered":"https:\/\/couleurs-chakras.com\/?post_type=product&#038;p=6475"},"modified":"2026-02-27T21:20:43","modified_gmt":"2026-02-27T20:20:43","slug":"porte-cles-attrape-reve","status":"publish","type":"product","link":"https:\/\/couleurs-chakras.com\/index.php\/product\/porte-cles-attrape-reve\/","title":{"rendered":"Porte cl\u00e9s attrape-r\u00eaves amethyste"},"content":{"rendered":"<p>\u00c9levez votre quotidien avec l&rsquo;\u00e9clat de l&rsquo;am\u00e9thyste. \ud83d\udc9c\ud83d\udc9c\ud83d\udc9c<\/p>\n<p>Un bijou raffin\u00e9 pour vos cl\u00e9s ou votre sac. \u2728L&rsquo;alliance parfaite entre s\u00e9r\u00e9nit\u00e9 et style. Sublimez vos accessoires avec ce porte-cl\u00e9 attrape-r\u00eave unique.<\/p>\n<p><span style=\"color: #545454; font-family: 'Google Sans', Roboto, sans-serif; font-size: 16px;\">La lithoth\u00e9rapie recommande l&rsquo;am\u00e9thyste pour ses vertus <\/span><span style=\"max-height: 999999px; border-radius: 4px; padding: 0px 2px; background-image: linear-gradient(90deg, #d3e3fd 50%, rgba(0, 0, 0, 0) 50%); background-position: 75% 0px; background-size: 200% 100%; background-repeat: no-repeat; background-attachment: scroll; background-origin: padding-box; background-clip: border-box; color: #040c28; animation: 0.75s cubic-bezier(0.05, 0.7, 0.1, 1) 0.25s 1 normal forwards running highlight; font-family: 'Google Sans', Roboto, sans-serif; font-size: 16px;\">apaisantes<\/span><span style=\"color: #545454; font-family: 'Google Sans', Roboto, sans-serif; font-size: 16px;\">. Elle est traditionnellement utilis\u00e9e pour apporter calme, \u00e9quilibre psychique et s\u00e9r\u00e9nit\u00e9. <\/span><\/p>\n<p><span style=\"color: #545454; font-family: 'Google Sans', Roboto, sans-serif; font-size: 16px;\">En combattant le stress, l&rsquo;insomnie ou la col\u00e8re, l&rsquo;am\u00e9thyste favorise la concentration et la m\u00e9ditation.<\/span>\ud83d\udc9c<\/p>\n<p>\ud83e\ude84 Commandez le v\u00f4tre.<\/p>\n<p>&nbsp;<\/p>\n<p>&nbsp;<\/p>\n<p>&nbsp;<\/p>\n","protected":false},"excerpt":{"rendered":"<p><em><strong>.Joli porte <\/strong><\/em><em><strong>cl\u00e9 attrape r\u00eave de cr\u00e9ation artisanale fait mains<\/strong><\/em><\/p>\n<p><em><strong>Au choix *<\/strong><\/em><\/p>\n<p><em><strong>\ud83d\udc9c Am\u00e9thyste,\u00a0 et ses jolies nuances violet anti stress<\/strong><\/em><\/p>\n<p><em><strong>\u00a0<\/strong><\/em><\/p>\n<p><em><strong>\ud83d\udc9a Aventurine verte , et ses bienfaits porteurs de chance<\/strong><\/em><\/p>\n<p><em><strong>\u00a0<\/strong><\/em><\/p>\n<p><em><strong>\ud83d\udc9f\u00a0 la signification d&rsquo;un Attrape-r\u00eave ?<\/strong><\/em><\/p>\n<p><em><strong>Les attrape-r\u00eaves am\u00e9rindiens de la tribu Ojibwe \u00e9taient traditionnellement utilis\u00e9s comme des talismans.<\/strong><\/em><\/p>\n<p><em><strong>Leur but \u00e9tait de prot\u00e9ger les dormeurs, et en particulier les enfants, des mauvais r\u00eaves, des cauchemars et des mauvais esprits.<\/strong><\/em><\/p>\n<p>&nbsp;<\/p>\n<p><b><i>Un objet unique qui vous accompagnera partout \ud83e\ude84 le cadeau id\u00e9al pour les ma\u00eetresses, ATSEM et les nounous<\/i><\/b><\/p>\n<p><b><i><\/i><\/b><!--more--><\/p>\n<p>Porte cl\u00e9 en pierre naturelle livr\u00e9\u00a0dans pochon<\/p>\n","protected":false},"featured_media":9093,"comment_status":"open","ping_status":"closed","template":"","meta":{"_kadence_starter_templates_imported_post":false,"_kad_post_transparent":"default","_kad_post_title":"","_kad_post_layout":"default","_kad_post_sidebar_id":"","_kad_post_content_style":"default","_kad_post_vertical_padding":"default","_kad_post_feature":"","_kad_post_feature_position":"","_kad_post_header":false,"_kad_post_footer":false,"_kad_post_classname":""},"product_brand":[],"product_cat":[60],"product_tag":[72],"class_list":{"0":"post-6475","1":"product","2":"type-product","3":"status-publish","4":"has-post-thumbnail","6":"product_cat-accessoires","7":"product_tag-opale-bleue","9":"first","10":"instock","11":"taxable","12":"shipping-taxable","13":"purchasable","14":"product-type-simple","15":"entry","16":"content-bg","17":"loop-entry"},"jetpack_sharing_enabled":true,"_links":{"self":[{"href":"https:\/\/couleurs-chakras.com\/index.php\/wp-json\/wp\/v2\/product\/6475","targetHints":{"allow":["GET"]}}],"collection":[{"href":"https:\/\/couleurs-chakras.com\/index.php\/wp-json\/wp\/v2\/product"}],"about":[{"href":"https:\/\/couleurs-chakras.com\/index.php\/wp-json\/wp\/v2\/types\/product"}],"replies":[{"embeddable":true,"href":"https:\/\/couleurs-chakras.com\/index.php\/wp-json\/wp\/v2\/comments?post=6475"}],"wp:featuredmedia":[{"embeddable":true,"href":"https:\/\/couleurs-chakras.com\/index.php\/wp-json\/wp\/v2\/media\/9093"}],"wp:attachment":[{"href":"https:\/\/couleurs-chakras.com\/index.php\/wp-json\/wp\/v2\/media?parent=6475"}],"wp:term":[{"taxonomy":"product_brand","embeddable":true,"href":"https:\/\/couleurs-chakras.com\/index.php\/wp-json\/wp\/v2\/product_brand?post=6475"},{"taxonomy":"product_cat","embeddable":true,"href":"https:\/\/couleurs-chakras.com\/index.php\/wp-json\/wp\/v2\/product_cat?post=6475"},{"taxonomy":"product_tag","embeddable":true,"href":"https:\/\/couleurs-chakras.com\/index.php\/wp-json\/wp\/v2\/product_tag?post=6475"}],"curies":[{"name":"wp","href":"https:\/\/api.w.org\/{rel}","templated":true}]}}