{"id":6435,"date":"2023-05-20T06:28:25","date_gmt":"2023-05-20T04:28:25","guid":{"rendered":"https:\/\/couleurs-chakras.com\/?post_type=product&#038;p=6435"},"modified":"2026-03-12T10:59:50","modified_gmt":"2026-03-12T09:59:50","slug":"batons-palo-santo","status":"publish","type":"product","link":"https:\/\/couleurs-chakras.com\/index.php\/product\/batons-palo-santo\/","title":{"rendered":"B\u00e2tons PALO SANTO (fagot de 4 b\u00e2tons)"},"content":{"rendered":"<div dir=\"auto\">Chaque lot contient 4 b\u00e2tonnets d&rsquo;encens.<\/div>\n<div dir=\"auto\"><\/div>\n<div dir=\"auto\">\u00a0Le b\u00e2ton Palo Santo, ou b\u00e2ton sacr\u00e9, (Burseara Graveolens) est un encens aromatique de bois naturel utilis\u00e9 depuis des si\u00e8cles par les Incas et les peuples indig\u00e8nes des Andes comme rem\u00e8de spirituel pour purifier ainsi que pour se d\u00e9barrasser des mauvais esprits et du malheur.<\/div>\n<div dir=\"auto\"><\/div>\n<div dir=\"auto\">Il a un ar\u00f4me fin d&rsquo;agrumes avec des notes sous-jacentes d&rsquo;encens. Il est souvent utilis\u00e9 par les chamans lors de c\u00e9r\u00e9monies d&rsquo;esprit v\u00e9g\u00e9tal sacr\u00e9. Ce Palo Santo est r\u00e9colt\u00e9 de mani\u00e8re durable \u00e0 l&rsquo;\u00e9tat sauvage \u00e0 partir d&rsquo;arbres tomb\u00e9s naturellement et de branches qui restent mortes pendant 4 \u00e0 10 ans avant d&rsquo;\u00eatre r\u00e9colt\u00e9s.<\/div>\n<div dir=\"auto\"><\/div>\n<div dir=\"auto\">Vegan<\/div>\n","protected":false},"excerpt":{"rendered":"<p>P\u1d1c\u0280\u026a\u0493\u026a\u1d04\u1d00\u1d1b\u026a\u1d0f\u0274, \u1d00ss\u1d00\u026a\u0274\u026ass\u1d07\u1d0d\u1d07\u0274\u1d1b \u1d07\u1d1b \u1d04\u029c\u1d00\u0274\u1d04\u1d07 .<\/p>\n","protected":false},"featured_media":6436,"comment_status":"open","ping_status":"closed","template":"","meta":{"_kadence_starter_templates_imported_post":false,"_kad_post_transparent":"default","_kad_post_title":"","_kad_post_layout":"default","_kad_post_sidebar_id":"","_kad_post_content_style":"default","_kad_post_vertical_padding":"default","_kad_post_feature":"","_kad_post_feature_position":"","_kad_post_header":false,"_kad_post_footer":false,"_kad_post_classname":""},"product_brand":[],"product_cat":[60],"product_tag":[],"class_list":{"0":"post-6435","1":"product","2":"type-product","3":"status-publish","4":"has-post-thumbnail","6":"product_cat-accessoires","8":"first","9":"instock","10":"taxable","11":"shipping-taxable","12":"purchasable","13":"product-type-simple","14":"entry","15":"content-bg","16":"loop-entry"},"jetpack_sharing_enabled":true,"_links":{"self":[{"href":"https:\/\/couleurs-chakras.com\/index.php\/wp-json\/wp\/v2\/product\/6435","targetHints":{"allow":["GET"]}}],"collection":[{"href":"https:\/\/couleurs-chakras.com\/index.php\/wp-json\/wp\/v2\/product"}],"about":[{"href":"https:\/\/couleurs-chakras.com\/index.php\/wp-json\/wp\/v2\/types\/product"}],"replies":[{"embeddable":true,"href":"https:\/\/couleurs-chakras.com\/index.php\/wp-json\/wp\/v2\/comments?post=6435"}],"wp:featuredmedia":[{"embeddable":true,"href":"https:\/\/couleurs-chakras.com\/index.php\/wp-json\/wp\/v2\/media\/6436"}],"wp:attachment":[{"href":"https:\/\/couleurs-chakras.com\/index.php\/wp-json\/wp\/v2\/media?parent=6435"}],"wp:term":[{"taxonomy":"product_brand","embeddable":true,"href":"https:\/\/couleurs-chakras.com\/index.php\/wp-json\/wp\/v2\/product_brand?post=6435"},{"taxonomy":"product_cat","embeddable":true,"href":"https:\/\/couleurs-chakras.com\/index.php\/wp-json\/wp\/v2\/product_cat?post=6435"},{"taxonomy":"product_tag","embeddable":true,"href":"https:\/\/couleurs-chakras.com\/index.php\/wp-json\/wp\/v2\/product_tag?post=6435"}],"curies":[{"name":"wp","href":"https:\/\/api.w.org\/{rel}","templated":true}]}}