{"id":10615,"date":"2026-04-25T14:07:37","date_gmt":"2026-04-25T12:07:37","guid":{"rendered":"https:\/\/couleurs-chakras.com\/?post_type=product&#038;p=10615"},"modified":"2026-04-25T14:11:48","modified_gmt":"2026-04-25T12:11:48","slug":"bracelet-harmonie-douceur-et-equilibre","status":"publish","type":"product","link":"https:\/\/couleurs-chakras.com\/index.php\/product\/bracelet-harmonie-douceur-et-equilibre\/","title":{"rendered":"Bracelet Harmonie douceur et \u00e9quilibre"},"content":{"rendered":"<p>Ce bracelet a \u00e9t\u00e9 cr\u00e9\u00e9 sp\u00e9cialement avec une intention profonde de douceur, d\u2019\u00e9quilibre et d\u2019harmonie. Chaque pierre qui le compose porte une \u00e9nergie unique, choisie pour t\u2019accompagner autant sur le plan \u00e9motionnel que physique.<\/p>\n<p>\ud83d\udfe3 L\u2019Am\u00e9thyste \u2014 La s\u00e9r\u00e9nit\u00e9 int\u00e9rieure<\/p>\n<p>* Psychologiquement :Elle t\u2019aide \u00e0 apaiser ton mental, calmer les pens\u00e9es qui tourbillonnent et retrouver la clart\u00e9. Elle apporte une paix douce, id\u00e9ale pour les p\u00e9riodes de stress ou de fatigue \u00e9motionnelle.<\/p>\n<p>* Physiquement : favorise la d\u00e9tente, am\u00e9liore la qualit\u00e9 du sommeil et apaise les tensions nerveuses.<\/p>\n<p>\u26aa L\u2019Howlite \u2014 Le calme du c\u0153ur et de l&rsquo;esprit<\/p>\n<p>* Psychologiquement : L\u2019Howlite aide \u00e0 lib\u00e9rer les \u00e9motions retenues et encourage la patience. C\u2019est une pierre qui invite \u00e0 ralentir, respirer et retrouver son calme int\u00e9rieur.<\/p>\n<p>* Physiquement : Connue pour favoriser la d\u00e9tente musculaire, elle soutient le repos et aide \u00e0 r\u00e9guler le rythme \u00e9motionnel en douceur<\/p>\n<p>\ud83d\udc97 Le Quartz Rose \u2014 L\u2019amour qui gu\u00e9rit<\/p>\n<p>* Psychologiquement : Il entoure ton c\u0153ur d\u2019une \u00e9nergie de compassion. Il t\u2019aide \u00e0 te reconnecter \u00e0 ta propre valeur et apaise les blessures affectives pour ouvrir aux relations harmonieuses.<\/p>\n<p>* Physiquement :On lui associe des vertus de d\u00e9tente profonde, notamment au niveau de la respiration. Il aide \u00e0 rel\u00e2cher les tensions log\u00e9es dans le corps.<\/p>\n<p>\ud83d\udfe2 L\u2019Amazonite \u2014 L\u2019\u00e9lan du renouveau<\/p>\n<p>* Psychologiquement : Elle t\u2019accompagne vers plus de confiance et d\u2019optimisme. C\u2019est une pierre de chance et de renouveau qui favorise la prise de d\u00e9cision avec courage.<\/p>\n<p>* Physiquement : Elle soutient le bien-\u00eatre g\u00e9n\u00e9ral, aide \u00e0 rel\u00e2cher le stress physique et est r\u00e9put\u00e9e pour apaiser le syst\u00e8me digestif lors d&rsquo;\u00e9motions fortes.<\/p>\n<p>\ud83d\udc8e En portant ce bracelet&#8230;<\/p>\n<p>Tu portes un soutien \u00e9nerg\u00e9tique complet au quotidien :<\/p>\n<p>* Paix int\u00e9rieure avec l\u2019Am\u00e9thyste<\/p>\n<p>* Calme \u00e9motionnel avec l\u2019Howlite<\/p>\n<p>* Amour et r\u00e9confort avec le Quartz Rose<\/p>\n<p>* Confiance et renouveau avec l&rsquo;Amazonite<\/p>\n<p>Ce bracelet est l\u00e0 comme une pr\u00e9sence bienveillante, pour t\u2019aider \u00e0 avancer plus sereinement, plus l\u00e9g\u00e8rement.<\/p>\n<p>&nbsp;<\/p>\n","protected":false},"excerpt":{"rendered":"<p>Ce bracelet a \u00e9t\u00e9 cr\u00e9\u00e9 sp\u00e9cialement avec une intention profonde de douceur, d\u2019\u00e9quilibre et d\u2019harmonie. Chaque pierre qui le compose porte une \u00e9nergie unique, choisie pour t\u2019accompagner autant sur le plan \u00e9motionnel que physique. \ud83d\udfe3 L\u2019Am\u00e9thyste \u2014 La s\u00e9r\u00e9nit\u00e9 int\u00e9rieure * Psychologiquement :Elle t\u2019aide \u00e0 apaiser ton mental, calmer les pens\u00e9es qui tourbillonnent et retrouver&#8230;<\/p>\n","protected":false},"featured_media":10726,"comment_status":"open","ping_status":"closed","template":"","meta":{"_kadence_starter_templates_imported_post":false,"_kad_post_transparent":"default","_kad_post_title":"","_kad_post_layout":"default","_kad_post_sidebar_id":"","_kad_post_content_style":"default","_kad_post_vertical_padding":"default","_kad_post_feature":"","_kad_post_feature_position":"","_kad_post_header":false,"_kad_post_footer":false,"_kad_post_classname":""},"product_brand":[],"product_cat":[20],"product_tag":[],"class_list":{"0":"post-10615","1":"product","2":"type-product","3":"status-publish","4":"has-post-thumbnail","6":"product_cat-bracelet","8":"first","9":"instock","10":"taxable","11":"shipping-taxable","12":"purchasable","13":"product-type-variable","14":"entry","15":"content-bg","16":"loop-entry"},"jetpack_sharing_enabled":true,"_links":{"self":[{"href":"https:\/\/couleurs-chakras.com\/index.php\/wp-json\/wp\/v2\/product\/10615","targetHints":{"allow":["GET"]}}],"collection":[{"href":"https:\/\/couleurs-chakras.com\/index.php\/wp-json\/wp\/v2\/product"}],"about":[{"href":"https:\/\/couleurs-chakras.com\/index.php\/wp-json\/wp\/v2\/types\/product"}],"replies":[{"embeddable":true,"href":"https:\/\/couleurs-chakras.com\/index.php\/wp-json\/wp\/v2\/comments?post=10615"}],"wp:featuredmedia":[{"embeddable":true,"href":"https:\/\/couleurs-chakras.com\/index.php\/wp-json\/wp\/v2\/media\/10726"}],"wp:attachment":[{"href":"https:\/\/couleurs-chakras.com\/index.php\/wp-json\/wp\/v2\/media?parent=10615"}],"wp:term":[{"taxonomy":"product_brand","embeddable":true,"href":"https:\/\/couleurs-chakras.com\/index.php\/wp-json\/wp\/v2\/product_brand?post=10615"},{"taxonomy":"product_cat","embeddable":true,"href":"https:\/\/couleurs-chakras.com\/index.php\/wp-json\/wp\/v2\/product_cat?post=10615"},{"taxonomy":"product_tag","embeddable":true,"href":"https:\/\/couleurs-chakras.com\/index.php\/wp-json\/wp\/v2\/product_tag?post=10615"}],"curies":[{"name":"wp","href":"https:\/\/api.w.org\/{rel}","templated":true}]}}