{"id":10500,"date":"2026-04-13T09:35:58","date_gmt":"2026-04-13T07:35:58","guid":{"rendered":"https:\/\/couleurs-chakras.com\/?post_type=product&#038;p=10500"},"modified":"2026-04-13T09:53:09","modified_gmt":"2026-04-13T07:53:09","slug":"pointe-amethyste-naturelle-polies","status":"publish","type":"product","link":"https:\/\/couleurs-chakras.com\/index.php\/product\/pointe-amethyste-naturelle-polies\/","title":{"rendered":"Pointe amethyste naturelle polies"},"content":{"rendered":"<h2 dir=\"ltr\">Douceur de Violet<\/h2>\n<p dir=\"ltr\">\u200b\u200c<b>pointes d&rsquo;am\u00e9thyste polies<\/b>. Un v\u00e9ritable tr\u00e9sor min\u00e9ral qui allie la force de la pierre brute \u00e0 l&rsquo;\u00e9l\u00e9gance d&rsquo;une finition soign\u00e9e.<\/p>\n<h3 dir=\"ltr\">\u200b\ud83d\udc9c Pourquoi craquer pour ces beaut\u00e9s ?<\/h3>\n<ul>\n<li dir=\"ltr\">\u200b<b>\u00c9clat Cristallin :<\/b> Chaque pointe offre des nuances allant du lilas tendre au violet profond, r\u00e9v\u00e9lant les myst\u00e8res de la terre.<\/li>\n<li dir=\"ltr\">\u200b<b>S\u00e9r\u00e9nit\u00e9 &amp; Apaisement :<\/b> Connue pour ses vertus relaxantes, l&rsquo;am\u00e9thyste est la compagne id\u00e9ale pour vos moments de m\u00e9ditation ou pour instaurer une ambiance zen chez vous.<\/li>\n<li dir=\"ltr\">\u200b<b>Un Format Parfait :<\/b> Ces petites pointes se glissent partout : sur un bureau, une table de chevet, ou m\u00eame dans une poche pour vous accompagner tout au long de la journ\u00e9e.<\/li>\n<\/ul>\n<h3 dir=\"ltr\">\u200b\ud83d\udca1 Id\u00e9es d&rsquo;utilisation<\/h3>\n<blockquote>\n<p dir=\"ltr\">\u200b<i>Plac\u00e9es aux quatre coins d&rsquo;une pi\u00e8ce, elles cr\u00e9ent une barri\u00e8re de s\u00e9r\u00e9nit\u00e9. Utilis\u00e9es en d\u00e9coration, elles apportent une touche de magie naturelle \u00e0 votre int\u00e9rieur.<\/i><\/p>\n<\/blockquote>\n<p>&nbsp;<\/p>\n<p dir=\"ltr\">\u200b<\/p>\n","protected":false},"excerpt":{"rendered":"<p>Douceur de Violet \u200b\u200cpointes d&rsquo;am\u00e9thyste polies. Un v\u00e9ritable tr\u00e9sor min\u00e9ral qui allie la force de la pierre brute \u00e0 l&rsquo;\u00e9l\u00e9gance d&rsquo;une finition soign\u00e9e. \u200b\ud83d\udc9c Pourquoi craquer pour ces beaut\u00e9s ? \u200b\u00c9clat Cristallin : Chaque pointe offre des nuances allant du lilas tendre au violet profond, r\u00e9v\u00e9lant les myst\u00e8res de la terre. \u200bS\u00e9r\u00e9nit\u00e9 &amp; Apaisement :&#8230;<\/p>\n","protected":false},"featured_media":10503,"comment_status":"open","ping_status":"closed","template":"","meta":{"_kadence_starter_templates_imported_post":false,"_kad_post_transparent":"default","_kad_post_title":"","_kad_post_layout":"default","_kad_post_sidebar_id":"","_kad_post_content_style":"default","_kad_post_vertical_padding":"default","_kad_post_feature":"","_kad_post_feature_position":"","_kad_post_header":false,"_kad_post_footer":false,"_kad_post_classname":""},"product_brand":[],"product_cat":[70],"product_tag":[],"class_list":{"0":"post-10500","1":"product","2":"type-product","3":"status-publish","4":"has-post-thumbnail","6":"product_cat-pierres","8":"first","9":"instock","10":"taxable","11":"shipping-taxable","12":"purchasable","13":"product-type-simple","14":"entry","15":"content-bg","16":"loop-entry"},"jetpack_sharing_enabled":true,"_links":{"self":[{"href":"https:\/\/couleurs-chakras.com\/index.php\/wp-json\/wp\/v2\/product\/10500","targetHints":{"allow":["GET"]}}],"collection":[{"href":"https:\/\/couleurs-chakras.com\/index.php\/wp-json\/wp\/v2\/product"}],"about":[{"href":"https:\/\/couleurs-chakras.com\/index.php\/wp-json\/wp\/v2\/types\/product"}],"replies":[{"embeddable":true,"href":"https:\/\/couleurs-chakras.com\/index.php\/wp-json\/wp\/v2\/comments?post=10500"}],"wp:featuredmedia":[{"embeddable":true,"href":"https:\/\/couleurs-chakras.com\/index.php\/wp-json\/wp\/v2\/media\/10503"}],"wp:attachment":[{"href":"https:\/\/couleurs-chakras.com\/index.php\/wp-json\/wp\/v2\/media?parent=10500"}],"wp:term":[{"taxonomy":"product_brand","embeddable":true,"href":"https:\/\/couleurs-chakras.com\/index.php\/wp-json\/wp\/v2\/product_brand?post=10500"},{"taxonomy":"product_cat","embeddable":true,"href":"https:\/\/couleurs-chakras.com\/index.php\/wp-json\/wp\/v2\/product_cat?post=10500"},{"taxonomy":"product_tag","embeddable":true,"href":"https:\/\/couleurs-chakras.com\/index.php\/wp-json\/wp\/v2\/product_tag?post=10500"}],"curies":[{"name":"wp","href":"https:\/\/api.w.org\/{rel}","templated":true}]}}