{"id":10493,"date":"2026-03-29T20:54:57","date_gmt":"2026-03-29T18:54:57","guid":{"rendered":"https:\/\/couleurs-chakras.com\/?post_type=product&#038;p=10493"},"modified":"2026-03-29T20:59:45","modified_gmt":"2026-03-29T18:59:45","slug":"collier-laura-de-votre-mois","status":"publish","type":"product","link":"https:\/\/couleurs-chakras.com\/index.php\/product\/collier-laura-de-votre-mois\/","title":{"rendered":"Collier L&rsquo;Aura de votre mois"},"content":{"rendered":"<p dir=\"ltr\">Laissez-vous s\u00e9duire par l&rsquo;\u00e9l\u00e9gance intemporelle de notre toute nouvelle collection. Le mod\u00e8le <b>Laura<\/b> a \u00e9t\u00e9 imagin\u00e9 pour celles qui recherchent un bijou \u00e0 la fois moderne et charg\u00e9 de sens.<\/p>\n<p dir=\"ltr\">\u200bPorter le mod\u00e8le Laura, c&rsquo;est choisir une pi\u00e8ce qui vous ressemble. Que ce soit pour c\u00e9l\u00e9brer votre propre mois de naissance ou pour garder un \u00eatre cher pr\u00e8s de votre c\u0153ur, ce bijou devient votre porte-bonheur au quotidien.<\/p>\n<h3 dir=\"ltr\">\u200b\ud83d\udc8e Pourquoi vous allez l&rsquo;adorer :<\/h3>\n<ul>\n<li dir=\"ltr\">\u200b<b>Personnalisation Unique :<\/b> Choisissez la pierre fine qui correspond \u00e0 votre mois de naissance (ou celui d&rsquo;un proche !).<\/li>\n<li dir=\"ltr\">\u200b<b>Design Raffin\u00e9 :<\/b> Une maille d\u00e9licate et robuste qui sublime le port de t\u00eate (collier) ou le poignet (bracelet).<\/li>\n<li dir=\"ltr\">\u200b<b>Qualit\u00e9 Premium :<\/b> Con\u00e7u en Acier Inoxydable \/ dor\u00e9 ou argent\u00e9 \u00a0il r\u00e9siste \u00e0 la vie, \u00e0 l&rsquo;eau et ne ternit pas.<\/li>\n<li dir=\"ltr\">\u200b<b>Le Cadeau Id\u00e9al :<\/b> Livr\u00e9 dans son petit pochon protecteur, pr\u00eat \u00e0 offrir (ou \u00e0 s&rsquo;offrir ).<\/li>\n<\/ul>\n<h3 dir=\"ltr\">\u200b\ud83c\udf08 Trouvez votre pierre de naissance :<\/h3>\n<ul>\n<li dir=\"ltr\">\u200b<b>Janvier (Grenat) :<\/b> \u00c9nergie &amp; Courage \u2764\ufe0f<\/li>\n<li dir=\"ltr\">\u200b<b>F\u00e9vrier (Am\u00e9thyste) :<\/b> S\u00e9r\u00e9nit\u00e9 &amp; Apaisement \ud83d\udc9c<\/li>\n<li dir=\"ltr\">\u200b<b>Mars (Aigue-Marine) :<\/b> Protection &amp; Clart\u00e9 \ud83c\udf0a<\/li>\n<li dir=\"ltr\">\u200b<b>Avril (Cristal) :<\/b> Force &amp; Puret\u00e9 \u2728<\/li>\n<li dir=\"ltr\">\u200b<b>Mai (Aventurine verte) :<\/b> Renaissance &amp; Amour \ud83c\udf3f<\/li>\n<li dir=\"ltr\">\u200b<b>Juin (Pierre de Lune) :<\/b> F\u00e9minit\u00e9 &amp; Douceur \ud83c\udf19<\/li>\n<li dir=\"ltr\">\u200b<b>Juillet (Jaspe rouge) :<\/b> Passion &amp; Vitalit\u00e9 \ud83d\udd25<\/li>\n<li dir=\"ltr\">\u200b<b>Ao\u00fbt (Jade<\/b><b>) :<\/b> Joie &amp; Harmonie \ud83c\udf4f<\/li>\n<li dir=\"ltr\">\u200b<b>Septembre (Lapis-Lazuli) :<\/b> Sagesse &amp; V\u00e9rit\u00e9 \ud83d\udc99<\/li>\n<li dir=\"ltr\">\u200b<b>Octobre (Tourmaline) :<\/b> Espoir &amp; Cr\u00e9ativit\u00e9 \ud83c\udf08<\/li>\n<li dir=\"ltr\">\u200b<b>Novembre (Citrine) :<\/b> Succ\u00e8s &amp; Abondance \u2600\ufe0f<\/li>\n<li dir=\"ltr\">\u200b<b>D\u00e9cembre (Turquoise) :<\/b> Amiti\u00e9 &amp; Voyage \u2744\ufe0f<\/li>\n<\/ul>\n","protected":false},"excerpt":{"rendered":"<p>Laissez-vous s\u00e9duire par l&rsquo;\u00e9l\u00e9gance intemporelle de notre toute nouvelle collection. Le mod\u00e8le Laura a \u00e9t\u00e9 imagin\u00e9 pour celles qui recherchent un bijou \u00e0 la fois moderne et charg\u00e9 de sens. \u200bPorter le mod\u00e8le Laura, c&rsquo;est choisir une pi\u00e8ce qui vous ressemble. Que ce soit pour c\u00e9l\u00e9brer votre propre mois de naissance ou pour garder un&#8230;<\/p>\n","protected":false},"featured_media":10494,"comment_status":"open","ping_status":"closed","template":"","meta":{"_kadence_starter_templates_imported_post":false,"_kad_post_transparent":"default","_kad_post_title":"","_kad_post_layout":"default","_kad_post_sidebar_id":"","_kad_post_content_style":"default","_kad_post_vertical_padding":"default","_kad_post_feature":"","_kad_post_feature_position":"","_kad_post_header":false,"_kad_post_footer":false,"_kad_post_classname":""},"product_brand":[],"product_cat":[59,65],"product_tag":[],"class_list":{"0":"post-10493","1":"product","2":"type-product","3":"status-publish","4":"has-post-thumbnail","6":"product_cat-bijoux","7":"product_cat-pendentif","9":"first","10":"instock","11":"sale","12":"taxable","13":"shipping-taxable","14":"purchasable","15":"product-type-simple","16":"entry","17":"content-bg","18":"loop-entry"},"jetpack_sharing_enabled":true,"_links":{"self":[{"href":"https:\/\/couleurs-chakras.com\/index.php\/wp-json\/wp\/v2\/product\/10493","targetHints":{"allow":["GET"]}}],"collection":[{"href":"https:\/\/couleurs-chakras.com\/index.php\/wp-json\/wp\/v2\/product"}],"about":[{"href":"https:\/\/couleurs-chakras.com\/index.php\/wp-json\/wp\/v2\/types\/product"}],"replies":[{"embeddable":true,"href":"https:\/\/couleurs-chakras.com\/index.php\/wp-json\/wp\/v2\/comments?post=10493"}],"wp:featuredmedia":[{"embeddable":true,"href":"https:\/\/couleurs-chakras.com\/index.php\/wp-json\/wp\/v2\/media\/10494"}],"wp:attachment":[{"href":"https:\/\/couleurs-chakras.com\/index.php\/wp-json\/wp\/v2\/media?parent=10493"}],"wp:term":[{"taxonomy":"product_brand","embeddable":true,"href":"https:\/\/couleurs-chakras.com\/index.php\/wp-json\/wp\/v2\/product_brand?post=10493"},{"taxonomy":"product_cat","embeddable":true,"href":"https:\/\/couleurs-chakras.com\/index.php\/wp-json\/wp\/v2\/product_cat?post=10493"},{"taxonomy":"product_tag","embeddable":true,"href":"https:\/\/couleurs-chakras.com\/index.php\/wp-json\/wp\/v2\/product_tag?post=10493"}],"curies":[{"name":"wp","href":"https:\/\/api.w.org\/{rel}","templated":true}]}}