{"id":10491,"date":"2026-03-29T12:05:09","date_gmt":"2026-03-29T10:05:09","guid":{"rendered":"https:\/\/couleurs-chakras.com\/?post_type=product&#038;p=10491"},"modified":"2026-03-29T12:17:20","modified_gmt":"2026-03-29T10:17:20","slug":"papier-darmenie-carnet-triple-feuille-original","status":"publish","type":"product","link":"https:\/\/couleurs-chakras.com\/index.php\/product\/papier-darmenie-carnet-triple-feuille-original\/","title":{"rendered":"Papier d&rsquo;Arm\u00e9nie carnet triple feuille original"},"content":{"rendered":"<p dir=\"ltr\">\u2728 Le l\u00e9gendaire <b>Papier d&rsquo;Arm\u00e9nie<\/b> est enfin disponible<\/p>\n<p dir=\"ltr\">\u200bPlus qu&rsquo;une simple senteur, c&rsquo;est un v\u00e9ritable rituel ancestral qui entre chez nous ce week-end. C&rsquo;est l&rsquo;invitation parfaite pour purifier votre espace avant une s\u00e9ance de m\u00e9ditation ou simplement pour harmoniser votre int\u00e9rieur.<\/p>\n<p dir=\"ltr\">\u200b<b>Le Papier d&rsquo;Arm\u00e9nie, c&rsquo;est quoi?<\/b><\/p>\n<p dir=\"ltr\">Une cr\u00e9ation centenaire, artisanale, n\u00e9e de la rencontre entre le papier et la r\u00e9sine de benjoin. Un secret de bien-\u00eatre simple et naturel.<\/p>\n<p dir=\"ltr\">\u200b<b>Ses pr\u00e9cieux bienfaits :<\/b><\/p>\n<p dir=\"ltr\"><b>~<\/b><b>Purification puissante :<\/b> Chasse les \u00e9nergies stagnantes et assainit l&rsquo;air instantan\u00e9ment.<\/p>\n<p dir=\"ltr\">~<b>Apaisement de l&rsquo;esprit :<\/b> Son parfum chaud et vanill\u00e9 calme le mental et favorise la s\u00e9r\u00e9nit\u00e9.<\/p>\n<p dir=\"ltr\">~<b>Rituel d&rsquo;intention :<\/b> Parfait pour marquer un moment de pause, un nouveau d\u00e9part ou un moment pour soi.<\/p>\n<p dir=\"ltr\">Carnet complet original de 12 feuilles triples. A br\u00fbler sous surveillance<\/p>\n<p>&nbsp;<\/p>\n","protected":false},"excerpt":{"rendered":"<p>\u2728 Le l\u00e9gendaire Papier d&rsquo;Arm\u00e9nie est enfin disponible \u200bPlus qu&rsquo;une simple senteur, c&rsquo;est un v\u00e9ritable rituel ancestral qui entre chez nous ce week-end. C&rsquo;est l&rsquo;invitation parfaite pour purifier votre espace avant une s\u00e9ance de m\u00e9ditation ou simplement pour harmoniser votre int\u00e9rieur. \u200bLe Papier d&rsquo;Arm\u00e9nie, c&rsquo;est quoi? Une cr\u00e9ation centenaire, artisanale, n\u00e9e de la rencontre entre&#8230;<\/p>\n","protected":false},"featured_media":10492,"comment_status":"open","ping_status":"closed","template":"","meta":{"_kadence_starter_templates_imported_post":false,"_kad_post_transparent":"default","_kad_post_title":"","_kad_post_layout":"default","_kad_post_sidebar_id":"","_kad_post_content_style":"default","_kad_post_vertical_padding":"default","_kad_post_feature":"","_kad_post_feature_position":"","_kad_post_header":false,"_kad_post_footer":false,"_kad_post_classname":""},"product_brand":[],"product_cat":[60],"product_tag":[],"class_list":{"0":"post-10491","1":"product","2":"type-product","3":"status-publish","4":"has-post-thumbnail","6":"product_cat-accessoires","8":"first","9":"instock","10":"sale","11":"taxable","12":"shipping-taxable","13":"purchasable","14":"product-type-simple","15":"entry","16":"content-bg","17":"loop-entry"},"jetpack_sharing_enabled":true,"_links":{"self":[{"href":"https:\/\/couleurs-chakras.com\/index.php\/wp-json\/wp\/v2\/product\/10491","targetHints":{"allow":["GET"]}}],"collection":[{"href":"https:\/\/couleurs-chakras.com\/index.php\/wp-json\/wp\/v2\/product"}],"about":[{"href":"https:\/\/couleurs-chakras.com\/index.php\/wp-json\/wp\/v2\/types\/product"}],"replies":[{"embeddable":true,"href":"https:\/\/couleurs-chakras.com\/index.php\/wp-json\/wp\/v2\/comments?post=10491"}],"wp:featuredmedia":[{"embeddable":true,"href":"https:\/\/couleurs-chakras.com\/index.php\/wp-json\/wp\/v2\/media\/10492"}],"wp:attachment":[{"href":"https:\/\/couleurs-chakras.com\/index.php\/wp-json\/wp\/v2\/media?parent=10491"}],"wp:term":[{"taxonomy":"product_brand","embeddable":true,"href":"https:\/\/couleurs-chakras.com\/index.php\/wp-json\/wp\/v2\/product_brand?post=10491"},{"taxonomy":"product_cat","embeddable":true,"href":"https:\/\/couleurs-chakras.com\/index.php\/wp-json\/wp\/v2\/product_cat?post=10491"},{"taxonomy":"product_tag","embeddable":true,"href":"https:\/\/couleurs-chakras.com\/index.php\/wp-json\/wp\/v2\/product_tag?post=10491"}],"curies":[{"name":"wp","href":"https:\/\/api.w.org\/{rel}","templated":true}]}}