{"id":10379,"date":"2026-03-27T14:08:07","date_gmt":"2026-03-27T13:08:07","guid":{"rendered":"https:\/\/couleurs-chakras.com\/?post_type=product&#038;p=10379"},"modified":"2026-03-27T14:09:56","modified_gmt":"2026-03-27T13:09:56","slug":"bracelet-oasis-nomade","status":"publish","type":"product","link":"https:\/\/couleurs-chakras.com\/index.php\/product\/bracelet-oasis-nomade\/","title":{"rendered":"Bracelet Oasis nomade"},"content":{"rendered":"<h2 dir=\"ltr\">\u200b\u2728 Nouveau : Le Bracelet \u00ab\u00a0Oasis Nomade\u00a0\u00bb \u2728<\/h2>\n<p dir=\"ltr\">\u200bLaissez-vous transporter par l&rsquo;alliance sauvage et raffin\u00e9e de notre toute derni\u00e8re cr\u00e9ation. Un bijou pens\u00e9 comme une escale au c\u0153ur des dunes, m\u00ealant la force de la terre \u00e0 la fra\u00eecheur d&rsquo;une source cach\u00e9e.<\/p>\n<h3 dir=\"ltr\">\u200b\ud83c\udf3f L\u2019Harmonie des Pierres (6 mm)<\/h3>\n<p dir=\"ltr\">\u200bChaque perle a \u00e9t\u00e9 s\u00e9lectionn\u00e9e pour raconter une histoire :<\/p>\n<ul>\n<li dir=\"ltr\">\u200b<b>L\u2019Agate du D\u00e9sert :<\/b> Avec ses rubans naturels aux tons sable et cr\u00e8me, elle apporte stabilit\u00e9 et ancrage.<\/li>\n<li dir=\"ltr\">\u200b<b>Le Jaspe Paysage :<\/b> Une pierre po\u00e9tique qui semble capturer l\u2019horizon et les collines lointaines.<\/li>\n<li dir=\"ltr\">\u200b<b>Le Jade Vert :<\/b> Une touche de lumi\u00e8re vibrante, symbole de s\u00e9r\u00e9nit\u00e9 et de renouveau, pour illuminer l&rsquo;ensemble.<\/li>\n<\/ul>\n<h3 dir=\"ltr\">\u200b\ud83d\udcab Les D\u00e9tails qui font la diff\u00e9rence<\/h3>\n<p dir=\"ltr\">\u200bMont\u00e9 avec soin, ce bracelet se pare de <b>finitions dor\u00e9es \u00e9clatantes<\/b> et d&rsquo;une d\u00e9licate <b>breloque en forme de feuille<\/b>, symbole de l\u00e9g\u00e8ret\u00e9 et de connexion \u00e0 la nature.<\/p>\n<ul>\n<li dir=\"ltr\">\u200b<b>Taille des perles :<\/b> 6 mm (discret et \u00e9l\u00e9gant)<\/li>\n<li dir=\"ltr\">\u200b<b>Style :<\/b> Boh\u00e8me chic \/ Nature<\/li>\n<li dir=\"ltr\">\u200b<b>Fait main :<\/b> Chaque pi\u00e8ce est unique gr\u00e2ce aux nuances naturelles des pierres.<\/li>\n<\/ul>\n<h3 dir=\"ltr\">\u200b\ud83d\udd8b\ufe0f Pourquoi vous allez l&rsquo;aimer ?<\/h3>\n<p dir=\"ltr\">\u200bC\u2019est le compagnon id\u00e9al de vos tenues d&rsquo;\u00e9t\u00e9 ou de vos lins l\u00e9gers. Port\u00e9 seul pour une \u00e9l\u00e9gance minimaliste ou en accumulation pour un look plus affirm\u00e9, il ne quittera plus votre poignet.<\/p>\n<p dir=\"ltr\">\u200b<b>Pr\u00eate \u00e0 porter un morceau d&rsquo;horizon ?<\/b><\/p>\n<p>&nbsp;<\/p>\n<p dir=\"ltr\">\u200b<\/p>\n<hr \/>\n<p>&nbsp;<\/p>\n","protected":false},"excerpt":{"rendered":"<p>\u200b\u2728 Nouveau : Le Bracelet \u00ab\u00a0Oasis Nomade\u00a0\u00bb \u2728 \u200bLaissez-vous transporter par l&rsquo;alliance sauvage et raffin\u00e9e de notre toute derni\u00e8re cr\u00e9ation. Un bijou pens\u00e9 comme une escale au c\u0153ur des dunes, m\u00ealant la force de la terre \u00e0 la fra\u00eecheur d&rsquo;une source cach\u00e9e. \u200b\ud83c\udf3f L\u2019Harmonie des Pierres (6 mm) \u200bChaque perle a \u00e9t\u00e9 s\u00e9lectionn\u00e9e pour raconter&#8230;<\/p>\n","protected":false},"featured_media":10490,"comment_status":"open","ping_status":"closed","template":"","meta":{"_kadence_starter_templates_imported_post":false,"_kad_post_transparent":"default","_kad_post_title":"","_kad_post_layout":"default","_kad_post_sidebar_id":"","_kad_post_content_style":"default","_kad_post_vertical_padding":"default","_kad_post_feature":"","_kad_post_feature_position":"","_kad_post_header":false,"_kad_post_footer":false,"_kad_post_classname":""},"product_brand":[],"product_cat":[20],"product_tag":[],"class_list":{"0":"post-10379","1":"product","2":"type-product","3":"status-publish","4":"has-post-thumbnail","6":"product_cat-bracelet","8":"first","9":"instock","10":"taxable","11":"shipping-taxable","12":"purchasable","13":"product-type-variable","14":"entry","15":"content-bg","16":"loop-entry"},"jetpack_sharing_enabled":true,"_links":{"self":[{"href":"https:\/\/couleurs-chakras.com\/index.php\/wp-json\/wp\/v2\/product\/10379","targetHints":{"allow":["GET"]}}],"collection":[{"href":"https:\/\/couleurs-chakras.com\/index.php\/wp-json\/wp\/v2\/product"}],"about":[{"href":"https:\/\/couleurs-chakras.com\/index.php\/wp-json\/wp\/v2\/types\/product"}],"replies":[{"embeddable":true,"href":"https:\/\/couleurs-chakras.com\/index.php\/wp-json\/wp\/v2\/comments?post=10379"}],"wp:featuredmedia":[{"embeddable":true,"href":"https:\/\/couleurs-chakras.com\/index.php\/wp-json\/wp\/v2\/media\/10490"}],"wp:attachment":[{"href":"https:\/\/couleurs-chakras.com\/index.php\/wp-json\/wp\/v2\/media?parent=10379"}],"wp:term":[{"taxonomy":"product_brand","embeddable":true,"href":"https:\/\/couleurs-chakras.com\/index.php\/wp-json\/wp\/v2\/product_brand?post=10379"},{"taxonomy":"product_cat","embeddable":true,"href":"https:\/\/couleurs-chakras.com\/index.php\/wp-json\/wp\/v2\/product_cat?post=10379"},{"taxonomy":"product_tag","embeddable":true,"href":"https:\/\/couleurs-chakras.com\/index.php\/wp-json\/wp\/v2\/product_tag?post=10379"}],"curies":[{"name":"wp","href":"https:\/\/api.w.org\/{rel}","templated":true}]}}