{"id":10257,"date":"2026-03-19T20:48:04","date_gmt":"2026-03-19T19:48:04","guid":{"rendered":"https:\/\/couleurs-chakras.com\/?post_type=product&#038;p=10257"},"modified":"2026-03-19T20:50:33","modified_gmt":"2026-03-19T19:50:33","slug":"pendentif-arbre-de-vie-quartz-rose","status":"publish","type":"product","link":"https:\/\/couleurs-chakras.com\/index.php\/product\/pendentif-arbre-de-vie-quartz-rose\/","title":{"rendered":"Pendentif Arbre de vie Quartz rose"},"content":{"rendered":"<p>\u00ab\u00a0\u00c9veil du C\u0153ur\u00a0\u00bb \u2728<\/p>\n<p>\u200bQuoi de plus symbolique pour cette \u00e9quinoxe de printemps que l&rsquo;Arbre de Vie bourgeonnant de Quartz Rose ? \ud83c\udf38<\/p>\n<p>\u200bCe pendentif n&rsquo;est pas un simple bijoux, une c\u00e9l\u00e9bration de la vie qui reprend ses droits :<\/p>\n<p>\u200b\ud83c\udf33 L&rsquo;Arbre de Vie : Symbole de force, de croissance et de connexion \u00e0 la Terre.<\/p>\n<p>\u200b\ud83d\udc97 Le Quartz Rose : La pierre de la tendresse, pour s&rsquo;ouvrir \u00e0 la bienveillance et \u00e0 la s\u00e9r\u00e9nit\u00e9.<\/p>\n<p>\u200b\ud83d\udee0\ufe0f Artisanat : Un tressage d\u00e9licat qui rend chaque pi\u00e8ce unique, tout comme vous.<\/p>\n<p>\u200b<\/p>\n","protected":false},"excerpt":{"rendered":"<p>\u00ab\u00a0\u00c9veil du C\u0153ur\u00a0\u00bb \u2728 \u200bQuoi de plus symbolique pour cette \u00e9quinoxe de printemps que l&rsquo;Arbre de Vie bourgeonnant de Quartz Rose ? \ud83c\udf38 \u200bCe pendentif n&rsquo;est pas un simple bijoux, une c\u00e9l\u00e9bration de la vie qui reprend ses droits : \u200b\ud83c\udf33 L&rsquo;Arbre de Vie : Symbole de force, de croissance et de connexion \u00e0 la&#8230;<\/p>\n","protected":false},"featured_media":10258,"comment_status":"open","ping_status":"closed","template":"","meta":{"_kadence_starter_templates_imported_post":false,"_kad_post_transparent":"default","_kad_post_title":"","_kad_post_layout":"default","_kad_post_sidebar_id":"","_kad_post_content_style":"default","_kad_post_vertical_padding":"default","_kad_post_feature":"","_kad_post_feature_position":"","_kad_post_header":false,"_kad_post_footer":false,"_kad_post_classname":""},"product_brand":[],"product_cat":[59,65],"product_tag":[],"class_list":{"0":"post-10257","1":"product","2":"type-product","3":"status-publish","4":"has-post-thumbnail","6":"product_cat-bijoux","7":"product_cat-pendentif","9":"first","10":"instock","11":"taxable","12":"shipping-taxable","13":"purchasable","14":"product-type-simple","15":"entry","16":"content-bg","17":"loop-entry"},"jetpack_sharing_enabled":true,"_links":{"self":[{"href":"https:\/\/couleurs-chakras.com\/index.php\/wp-json\/wp\/v2\/product\/10257","targetHints":{"allow":["GET"]}}],"collection":[{"href":"https:\/\/couleurs-chakras.com\/index.php\/wp-json\/wp\/v2\/product"}],"about":[{"href":"https:\/\/couleurs-chakras.com\/index.php\/wp-json\/wp\/v2\/types\/product"}],"replies":[{"embeddable":true,"href":"https:\/\/couleurs-chakras.com\/index.php\/wp-json\/wp\/v2\/comments?post=10257"}],"wp:featuredmedia":[{"embeddable":true,"href":"https:\/\/couleurs-chakras.com\/index.php\/wp-json\/wp\/v2\/media\/10258"}],"wp:attachment":[{"href":"https:\/\/couleurs-chakras.com\/index.php\/wp-json\/wp\/v2\/media?parent=10257"}],"wp:term":[{"taxonomy":"product_brand","embeddable":true,"href":"https:\/\/couleurs-chakras.com\/index.php\/wp-json\/wp\/v2\/product_brand?post=10257"},{"taxonomy":"product_cat","embeddable":true,"href":"https:\/\/couleurs-chakras.com\/index.php\/wp-json\/wp\/v2\/product_cat?post=10257"},{"taxonomy":"product_tag","embeddable":true,"href":"https:\/\/couleurs-chakras.com\/index.php\/wp-json\/wp\/v2\/product_tag?post=10257"}],"curies":[{"name":"wp","href":"https:\/\/api.w.org\/{rel}","templated":true}]}}