{"id":10255,"date":"2026-03-18T20:27:16","date_gmt":"2026-03-18T19:27:16","guid":{"rendered":"https:\/\/couleurs-chakras.com\/?post_type=product&#038;p=10255"},"modified":"2026-03-18T20:30:13","modified_gmt":"2026-03-18T19:30:13","slug":"porte-cles-amazonite-bouteille-a-souhait","status":"publish","type":"product","link":"https:\/\/couleurs-chakras.com\/index.php\/product\/porte-cles-amazonite-bouteille-a-souhait\/","title":{"rendered":"Porte cl\u00e9s Amazonite bouteille a souhait"},"content":{"rendered":"<p>\u200b\ud83c\udf43 Le Porte-Cl\u00e9 \u00ab\u00a0V\u0153u d&rsquo;Amazonite\u00a0\u00bb : Une Inspiration Japonaise<\/p>\n<p>\u200bPlongez dans la s\u00e9r\u00e9nit\u00e9 avec cette cr\u00e9ation unique, inspir\u00e9e des rituels ancestraux du Japon.<\/p>\n<p>Ce porte-cl\u00e9 allie la douceur de l&rsquo;Amazonite \u00e0 la magie d&rsquo;une fiole \u00e0 souhaits pour prot\u00e9ger vos intentions les plus ch\u00e8res. \u2728<\/p>\n<p>\u200b\ud83c\uddef\ud83c\uddf5 Un Concept Ancestral<\/p>\n<p>\u200bInspir\u00e9 des traditions japonaises o\u00f9 l&rsquo;on confie ses v\u0153ux \u00e0 des petits r\u00e9ceptacles sacr\u00e9s, cette fiole contient des micro-cristaux et une fleur \u00e9ternelle, symbolisant la croissance et l&rsquo;\u00e9closion de vos projets.<\/p>\n<p>\u200b\ud83d\udc8e Les Pouvoirs de l&rsquo;Amazonite<\/p>\n<p>\u200bPierre de la v\u00e9rit\u00e9 et du courage, l&rsquo;Amazonite est li\u00e9e au chakra du c\u0153ur et de la gorge :<\/p>\n<p>\u200bElle apaise les tensions et les peurs.<\/p>\n<p>\u200bElle favorise une communication douce et sinc\u00e8re.<\/p>\n<p>\u200bElle aide \u00e0 manifester ses r\u00eaves avec d\u00e9termination.<\/p>\n<p>&nbsp;<\/p>\n<p>\u200b\ud83c\udf33 Le Symbole de l&rsquo;Arbre de Vie<\/p>\n<p>\u200bAccompagn\u00e9 de son pendentif Arbre de Vie, il repr\u00e9sente l&rsquo;ancrage, la force et le lien entre le ciel et la terre. Un porte-bonheur complet \u00e0 emporter partout avec vous.<\/p>\n<p>&nbsp;<\/p>\n<p>\u200b\ud83d\udecd\ufe0f Coup de c\u0153ur sur le Shop<\/p>\n<p>\u200bFait main avec amour, ce bijou de sac est une invitation \u00e0 poser une intention positive chaque matin.<\/p>\n<p>&nbsp;<\/p>\n","protected":false},"excerpt":{"rendered":"<p>\u200b\ud83c\udf43 Le Porte-Cl\u00e9 \u00ab\u00a0V\u0153u d&rsquo;Amazonite\u00a0\u00bb : Une Inspiration Japonaise \u200bPlongez dans la s\u00e9r\u00e9nit\u00e9 avec cette cr\u00e9ation unique, inspir\u00e9e des rituels ancestraux du Japon. Ce porte-cl\u00e9 allie la douceur de l&rsquo;Amazonite \u00e0 la magie d&rsquo;une fiole \u00e0 souhaits pour prot\u00e9ger vos intentions les plus ch\u00e8res. \u2728 \u200b\ud83c\uddef\ud83c\uddf5 Un Concept Ancestral \u200bInspir\u00e9 des traditions japonaises o\u00f9 l&rsquo;on&#8230;<\/p>\n","protected":false},"featured_media":10256,"comment_status":"open","ping_status":"closed","template":"","meta":{"_kadence_starter_templates_imported_post":false,"_kad_post_transparent":"default","_kad_post_title":"","_kad_post_layout":"default","_kad_post_sidebar_id":"","_kad_post_content_style":"default","_kad_post_vertical_padding":"default","_kad_post_feature":"","_kad_post_feature_position":"","_kad_post_header":false,"_kad_post_footer":false,"_kad_post_classname":""},"product_brand":[],"product_cat":[60],"product_tag":[],"class_list":{"0":"post-10255","1":"product","2":"type-product","3":"status-publish","4":"has-post-thumbnail","6":"product_cat-accessoires","8":"first","9":"instock","10":"taxable","11":"shipping-taxable","12":"purchasable","13":"product-type-simple","14":"entry","15":"content-bg","16":"loop-entry"},"jetpack_sharing_enabled":true,"_links":{"self":[{"href":"https:\/\/couleurs-chakras.com\/index.php\/wp-json\/wp\/v2\/product\/10255","targetHints":{"allow":["GET"]}}],"collection":[{"href":"https:\/\/couleurs-chakras.com\/index.php\/wp-json\/wp\/v2\/product"}],"about":[{"href":"https:\/\/couleurs-chakras.com\/index.php\/wp-json\/wp\/v2\/types\/product"}],"replies":[{"embeddable":true,"href":"https:\/\/couleurs-chakras.com\/index.php\/wp-json\/wp\/v2\/comments?post=10255"}],"wp:featuredmedia":[{"embeddable":true,"href":"https:\/\/couleurs-chakras.com\/index.php\/wp-json\/wp\/v2\/media\/10256"}],"wp:attachment":[{"href":"https:\/\/couleurs-chakras.com\/index.php\/wp-json\/wp\/v2\/media?parent=10255"}],"wp:term":[{"taxonomy":"product_brand","embeddable":true,"href":"https:\/\/couleurs-chakras.com\/index.php\/wp-json\/wp\/v2\/product_brand?post=10255"},{"taxonomy":"product_cat","embeddable":true,"href":"https:\/\/couleurs-chakras.com\/index.php\/wp-json\/wp\/v2\/product_cat?post=10255"},{"taxonomy":"product_tag","embeddable":true,"href":"https:\/\/couleurs-chakras.com\/index.php\/wp-json\/wp\/v2\/product_tag?post=10255"}],"curies":[{"name":"wp","href":"https:\/\/api.w.org\/{rel}","templated":true}]}}